{"id":10439,"date":"2026-02-27T00:07:16","date_gmt":"2026-02-27T00:07:16","guid":{"rendered":"https:\/\/nordicmart.andreevmaster.com\/product\/vasagle-badrumsskap-med-3-dorrar-165-x-70-x-75-cm\/"},"modified":"2026-02-27T08:02:55","modified_gmt":"2026-02-27T08:02:55","slug":"vasagle-badrumsskap-med-3-dorrar-165-x-70-x-75-cm","status":"publish","type":"product","link":"https:\/\/nordicmart.andreevmaster.com\/sv\/produkt\/vasagle-badrumsskap-med-3-dorrar-165-x-70-x-75-cm\/","title":{"rendered":"VASAGLE badrumssk\u00e5p med 3 d\u00f6rrar 16,5 x 70 x 75 cm"},"content":{"rendered":"<p>VASAGLE badrumssk\u00e5p med 3 d\u00f6rrar, spegelsk\u00e5p, badrumssk\u00e5p, \u00f6ppet fack, justerbara hyllor, 16,5 x 70 x 75 cm, molnvit BBK129W01<br \/>\nF\u00e4rg: Duvgr\u00e5<br \/>\nMaterial: sp\u00e5nskiva, glas<br \/>\nStorlek: 16,5 x 70 x 75 cm (D x B x H)<br \/>\nVikt: 15,6 kg<br \/>\nMax. statisk belastningskapacitet: 15 kg<\/p>\n","protected":false},"excerpt":{"rendered":"<p>VASAGLE badrumssk\u00e5p med 3 d\u00f6rrar, spegelsk\u00e5p, badrumssk\u00e5p, \u00f6ppet fack, justerbara hyllor, 16,5 x 70 x 75 cm, molnvit BBK129W01<\/p>\n","protected":false},"featured_media":0,"comment_status":"open","ping_status":"closed","template":"","meta":[],"product_brand":[],"product_cat":[33],"product_tag":[],"class_list":{"0":"post-10439","1":"product","2":"type-product","3":"status-publish","5":"product_cat-okategoriserad","7":"first","8":"instock","9":"shipping-taxable","10":"purchasable","11":"product-type-simple"},"_links":{"self":[{"href":"https:\/\/nordicmart.andreevmaster.com\/sv\/wp-json\/wp\/v2\/product\/10439","targetHints":{"allow":["GET"]}}],"collection":[{"href":"https:\/\/nordicmart.andreevmaster.com\/sv\/wp-json\/wp\/v2\/product"}],"about":[{"href":"https:\/\/nordicmart.andreevmaster.com\/sv\/wp-json\/wp\/v2\/types\/product"}],"replies":[{"embeddable":true,"href":"https:\/\/nordicmart.andreevmaster.com\/sv\/wp-json\/wp\/v2\/comments?post=10439"}],"wp:attachment":[{"href":"https:\/\/nordicmart.andreevmaster.com\/sv\/wp-json\/wp\/v2\/media?parent=10439"}],"wp:term":[{"taxonomy":"product_brand","embeddable":true,"href":"https:\/\/nordicmart.andreevmaster.com\/sv\/wp-json\/wp\/v2\/product_brand?post=10439"},{"taxonomy":"product_cat","embeddable":true,"href":"https:\/\/nordicmart.andreevmaster.com\/sv\/wp-json\/wp\/v2\/product_cat?post=10439"},{"taxonomy":"product_tag","embeddable":true,"href":"https:\/\/nordicmart.andreevmaster.com\/sv\/wp-json\/wp\/v2\/product_tag?post=10439"}],"curies":[{"name":"wp","href":"https:\/\/api.w.org\/{rel}","templated":true}]}}