{"id":10435,"date":"2026-02-27T00:07:15","date_gmt":"2026-02-27T00:07:15","guid":{"rendered":"https:\/\/nordicmart.andreevmaster.com\/product\/vasagle-badrumsskap-med-led-belysning-145-x-70-x-70-cm-naturfargad-ek\/"},"modified":"2026-02-27T08:02:55","modified_gmt":"2026-02-27T08:02:55","slug":"vasagle-badrumsskap-med-led-belysning-145-x-70-x-70-cm-naturfargad-ek","status":"publish","type":"product","link":"https:\/\/nordicmart.andreevmaster.com\/sv\/produkt\/vasagle-badrumsskap-med-led-belysning-145-x-70-x-70-cm-naturfargad-ek\/","title":{"rendered":"VASAGLE badrumssk\u00e5p med LED-belysning 14,5 x 70 x 70 cm naturf\u00e4rgad ek"},"content":{"rendered":"<p>VASAGLE Spegelsk\u00e5p f\u00f6r badrum med belysning, badrumssk\u00e5p, spegelsk\u00e5p, badrumssk\u00e5p, v\u00e4ggsk\u00e5p f\u00f6r badrum, h\u00f6jdjusterbara hyllplan, dubbeld\u00f6rr, modernt, vitt-guld BBK124A10<br \/>\nF\u00e4rg: Naturlig ek<br \/>\nMaterial: sp\u00e5nskiva, MDF (medeldensitetsfiberplatta), metall, glasspegel<br \/>\nStorlek: 14,5 x 70 x 70 cm (D x B x H)<br \/>\nVikt: 14,8 kg<br \/>\nMaximal statisk belastningskapacitet totalt: 20 kg<\/p>\n","protected":false},"excerpt":{"rendered":"<p>VASAGLE Spegelsk\u00e5p f\u00f6r badrum med belysning, badrumssk\u00e5p, spegelsk\u00e5p, badrumssk\u00e5p, v\u00e4ggsk\u00e5p f\u00f6r badrum, h\u00f6jdjusterbara hyllplan, dubbeld\u00f6rr, modernt, vitt-guld BBK124A10<\/p>\n","protected":false},"featured_media":39017,"comment_status":"open","ping_status":"closed","template":"","meta":[],"product_brand":[],"product_cat":[33],"product_tag":[],"class_list":{"0":"post-10435","1":"product","2":"type-product","3":"status-publish","4":"has-post-thumbnail","6":"product_cat-okategoriserad","8":"first","9":"instock","10":"shipping-taxable","11":"purchasable","12":"product-type-simple"},"_links":{"self":[{"href":"https:\/\/nordicmart.andreevmaster.com\/sv\/wp-json\/wp\/v2\/product\/10435","targetHints":{"allow":["GET"]}}],"collection":[{"href":"https:\/\/nordicmart.andreevmaster.com\/sv\/wp-json\/wp\/v2\/product"}],"about":[{"href":"https:\/\/nordicmart.andreevmaster.com\/sv\/wp-json\/wp\/v2\/types\/product"}],"replies":[{"embeddable":true,"href":"https:\/\/nordicmart.andreevmaster.com\/sv\/wp-json\/wp\/v2\/comments?post=10435"}],"wp:featuredmedia":[{"embeddable":true,"href":"https:\/\/nordicmart.andreevmaster.com\/sv\/wp-json\/wp\/v2\/media\/39017"}],"wp:attachment":[{"href":"https:\/\/nordicmart.andreevmaster.com\/sv\/wp-json\/wp\/v2\/media?parent=10435"}],"wp:term":[{"taxonomy":"product_brand","embeddable":true,"href":"https:\/\/nordicmart.andreevmaster.com\/sv\/wp-json\/wp\/v2\/product_brand?post=10435"},{"taxonomy":"product_cat","embeddable":true,"href":"https:\/\/nordicmart.andreevmaster.com\/sv\/wp-json\/wp\/v2\/product_cat?post=10435"},{"taxonomy":"product_tag","embeddable":true,"href":"https:\/\/nordicmart.andreevmaster.com\/sv\/wp-json\/wp\/v2\/product_tag?post=10435"}],"curies":[{"name":"wp","href":"https:\/\/api.w.org\/{rel}","templated":true}]}}