{"id":10434,"date":"2026-02-27T00:07:15","date_gmt":"2026-02-27T00:07:15","guid":{"rendered":"https:\/\/nordicmart.andreevmaster.com\/product\/vasagle-spegelskap-for-badrum-med-3-dorrar-belysning-och-hoj-och-sankbar-hylla\/"},"modified":"2026-02-27T08:02:55","modified_gmt":"2026-02-27T08:02:55","slug":"vasagle-spegelskap-for-badrum-med-3-dorrar-belysning-och-hoj-och-sankbar-hylla","status":"publish","type":"product","link":"https:\/\/nordicmart.andreevmaster.com\/sv\/produkt\/vasagle-spegelskap-for-badrum-med-3-dorrar-belysning-och-hoj-och-sankbar-hylla\/","title":{"rendered":"VASAGLE Spegelsk\u00e5p f\u00f6r badrum med 3 d\u00f6rrar, belysning och h\u00f6j- och s\u00e4nkbar hylla"},"content":{"rendered":"<p>VASAGLE Spegelsk\u00e5p f\u00f6r badrum med belysning, badrumssk\u00e5p, spegelsk\u00e5p, badrumssk\u00e5p, v\u00e4ggsk\u00e5p f\u00f6r badrum, h\u00f6jdjusterbara hyllplan, dubbeld\u00f6rr, modernt, vitt-guld BBK124A10<br \/>\nF\u00e4rg: Vit<br \/>\nMaterial: sp\u00e5nskiva, st\u00e5l, glas<br \/>\nStorlek: 14,5 x 70 x 70 cm (D x B x H)<br \/>\nLampans h\u00f6jd: 5 cm<br \/>\nVikt: 14,8 kg<br \/>\nMax. statisk belastningskapacitet f\u00f6r den \u00f6vre hyllan: 20 kg<br \/>\nMax. statisk belastningskapacitet f\u00f6r den justerbara hyllplanet: 5 kg<br \/>\nMax. statisk belastningskapacitet f\u00f6r det \u00f6ppna facket: 5 kg<\/p>\n","protected":false},"excerpt":{"rendered":"<p>VASAGLE Spegelsk\u00e5p f\u00f6r badrum med belysning, badrumssk\u00e5p, spegelsk\u00e5p, badrumssk\u00e5p, v\u00e4ggsk\u00e5p f\u00f6r badrum, h\u00f6jdjusterbara hyllplan, dubbeld\u00f6rr, modernt, vitt-guld BBK124A10<\/p>\n","protected":false},"featured_media":39016,"comment_status":"open","ping_status":"closed","template":"","meta":[],"product_brand":[],"product_cat":[33],"product_tag":[],"class_list":{"0":"post-10434","1":"product","2":"type-product","3":"status-publish","4":"has-post-thumbnail","6":"product_cat-okategoriserad","8":"first","9":"instock","10":"shipping-taxable","11":"purchasable","12":"product-type-simple"},"_links":{"self":[{"href":"https:\/\/nordicmart.andreevmaster.com\/sv\/wp-json\/wp\/v2\/product\/10434","targetHints":{"allow":["GET"]}}],"collection":[{"href":"https:\/\/nordicmart.andreevmaster.com\/sv\/wp-json\/wp\/v2\/product"}],"about":[{"href":"https:\/\/nordicmart.andreevmaster.com\/sv\/wp-json\/wp\/v2\/types\/product"}],"replies":[{"embeddable":true,"href":"https:\/\/nordicmart.andreevmaster.com\/sv\/wp-json\/wp\/v2\/comments?post=10434"}],"wp:featuredmedia":[{"embeddable":true,"href":"https:\/\/nordicmart.andreevmaster.com\/sv\/wp-json\/wp\/v2\/media\/39016"}],"wp:attachment":[{"href":"https:\/\/nordicmart.andreevmaster.com\/sv\/wp-json\/wp\/v2\/media?parent=10434"}],"wp:term":[{"taxonomy":"product_brand","embeddable":true,"href":"https:\/\/nordicmart.andreevmaster.com\/sv\/wp-json\/wp\/v2\/product_brand?post=10434"},{"taxonomy":"product_cat","embeddable":true,"href":"https:\/\/nordicmart.andreevmaster.com\/sv\/wp-json\/wp\/v2\/product_cat?post=10434"},{"taxonomy":"product_tag","embeddable":true,"href":"https:\/\/nordicmart.andreevmaster.com\/sv\/wp-json\/wp\/v2\/product_tag?post=10434"}],"curies":[{"name":"wp","href":"https:\/\/api.w.org\/{rel}","templated":true}]}}