{"id":10433,"date":"2026-02-27T00:07:15","date_gmt":"2026-02-27T00:07:15","guid":{"rendered":"https:\/\/nordicmart.andreevmaster.com\/product\/vasagle-spegelskap-med-belysning\/"},"modified":"2026-02-27T08:02:54","modified_gmt":"2026-02-27T08:02:54","slug":"vasagle-spegelskap-med-belysning","status":"publish","type":"product","link":"https:\/\/nordicmart.andreevmaster.com\/sv\/produkt\/vasagle-spegelskap-med-belysning\/","title":{"rendered":"VASAGLE spegelsk\u00e5p med belysning"},"content":{"rendered":"<p>Produktdetaljer: &#8211; F\u00e4rg: Vit-guld &#8211; Material: Sp\u00e5nskiva, st\u00e5l, glas &#8211; Storlek: 70 x 14,5 x 70 cm (L x B x H) &#8211; Lampans h\u00f6jd: 5 cm &#8211; Vikt: 14,8 kg &#8211; Max. statisk belastningskapacitet f\u00f6r hyllan ovanp\u00e5: 20 kg &#8211; Max. statisk belastningskapacitet f\u00f6r den justerbara hyllplanet: 5 kg &#8211; Max. statisk belastningskapacitet f\u00f6r det \u00f6ppna facket: 5 kg Leveransomfattning: &#8211; 1 x badrumssk\u00e5p &#8211; 1 x f\u00f6rvaringskorg &#8211; 1 x h\u00e5rtorkh\u00e5llare &#8211; 1 x tillbeh\u00f6rspaket &#8211; 1 x instruktioner<\/p>\n","protected":false},"excerpt":{"rendered":"<p>VASAGLE Spegelsk\u00e5p f\u00f6r badrum med belysning, badrumssk\u00e5p, spegelsk\u00e5p, badrumssk\u00e5p, v\u00e4ggsk\u00e5p f\u00f6r badrum, h\u00f6jdjusterbara hyllplan, dubbeld\u00f6rr, modernt, vitt-guld BBK124A10<\/p>\n","protected":false},"featured_media":46558,"comment_status":"open","ping_status":"closed","template":"","meta":[],"product_brand":[],"product_cat":[33],"product_tag":[],"class_list":{"0":"post-10433","1":"product","2":"type-product","3":"status-publish","4":"has-post-thumbnail","6":"product_cat-okategoriserad","8":"first","9":"instock","10":"shipping-taxable","11":"purchasable","12":"product-type-simple"},"_links":{"self":[{"href":"https:\/\/nordicmart.andreevmaster.com\/sv\/wp-json\/wp\/v2\/product\/10433","targetHints":{"allow":["GET"]}}],"collection":[{"href":"https:\/\/nordicmart.andreevmaster.com\/sv\/wp-json\/wp\/v2\/product"}],"about":[{"href":"https:\/\/nordicmart.andreevmaster.com\/sv\/wp-json\/wp\/v2\/types\/product"}],"replies":[{"embeddable":true,"href":"https:\/\/nordicmart.andreevmaster.com\/sv\/wp-json\/wp\/v2\/comments?post=10433"}],"wp:featuredmedia":[{"embeddable":true,"href":"https:\/\/nordicmart.andreevmaster.com\/sv\/wp-json\/wp\/v2\/media\/46558"}],"wp:attachment":[{"href":"https:\/\/nordicmart.andreevmaster.com\/sv\/wp-json\/wp\/v2\/media?parent=10433"}],"wp:term":[{"taxonomy":"product_brand","embeddable":true,"href":"https:\/\/nordicmart.andreevmaster.com\/sv\/wp-json\/wp\/v2\/product_brand?post=10433"},{"taxonomy":"product_cat","embeddable":true,"href":"https:\/\/nordicmart.andreevmaster.com\/sv\/wp-json\/wp\/v2\/product_cat?post=10433"},{"taxonomy":"product_tag","embeddable":true,"href":"https:\/\/nordicmart.andreevmaster.com\/sv\/wp-json\/wp\/v2\/product_tag?post=10433"}],"curies":[{"name":"wp","href":"https:\/\/api.w.org\/{rel}","templated":true}]}}