{"id":10432,"date":"2026-02-27T00:07:14","date_gmt":"2026-02-27T00:07:14","guid":{"rendered":"https:\/\/nordicmart.andreevmaster.com\/product\/vasagle-vaggskap-i-badrummet\/"},"modified":"2026-02-27T08:02:54","modified_gmt":"2026-02-27T08:02:54","slug":"vasagle-vaggskap-i-badrummet","status":"publish","type":"product","link":"https:\/\/nordicmart.andreevmaster.com\/sv\/produkt\/vasagle-vaggskap-i-badrummet\/","title":{"rendered":"VASAGLE V\u00e4ggsk\u00e5p i badrummet"},"content":{"rendered":"<p>Produktdetaljer: &#8211; F\u00e4rg: Vintagebrun-svart &#8211; Material: Sp\u00e5nskiva, st\u00e5l &#8211; Storlek: 60 x 16 x 60 cm (L x B x H) &#8211; Vikt: 8,4 kg &#8211; Max. statisk belastningskapacitet f\u00f6r ytan: 20 kg &#8211; Max. statisk belastningskapacitet f\u00f6r innerhyllan: 5 kg &#8211; Max. statisk belastningskapacitet f\u00f6r det \u00f6ppna facket: 5 kg Leveransomfattning: &#8211; 1 x v\u00e4ggsk\u00e5p &#8211; 1 x f\u00f6rvaringskorg &#8211; 1 x h\u00e5rtorkh\u00e5llare &#8211; 1 x tillbeh\u00f6rspaket &#8211; 1 x bruksanvisning<\/p>\n","protected":false},"excerpt":{"rendered":"<p>VASAGLE badrumssk\u00e5p, badrumssk\u00e5p, v\u00e4ggsk\u00e5p, f\u00f6rvaringssk\u00e5p, med 2 d\u00f6rrar, justerbara hyllplan, med h\u00e5rtorkh\u00e5llare, industriell design, vintagebrun-svart BBK123B01<\/p>\n","protected":false},"featured_media":39015,"comment_status":"open","ping_status":"closed","template":"","meta":[],"product_brand":[],"product_cat":[33],"product_tag":[],"class_list":{"0":"post-10432","1":"product","2":"type-product","3":"status-publish","4":"has-post-thumbnail","6":"product_cat-okategoriserad","8":"first","9":"instock","10":"shipping-taxable","11":"purchasable","12":"product-type-simple"},"_links":{"self":[{"href":"https:\/\/nordicmart.andreevmaster.com\/sv\/wp-json\/wp\/v2\/product\/10432","targetHints":{"allow":["GET"]}}],"collection":[{"href":"https:\/\/nordicmart.andreevmaster.com\/sv\/wp-json\/wp\/v2\/product"}],"about":[{"href":"https:\/\/nordicmart.andreevmaster.com\/sv\/wp-json\/wp\/v2\/types\/product"}],"replies":[{"embeddable":true,"href":"https:\/\/nordicmart.andreevmaster.com\/sv\/wp-json\/wp\/v2\/comments?post=10432"}],"wp:featuredmedia":[{"embeddable":true,"href":"https:\/\/nordicmart.andreevmaster.com\/sv\/wp-json\/wp\/v2\/media\/39015"}],"wp:attachment":[{"href":"https:\/\/nordicmart.andreevmaster.com\/sv\/wp-json\/wp\/v2\/media?parent=10432"}],"wp:term":[{"taxonomy":"product_brand","embeddable":true,"href":"https:\/\/nordicmart.andreevmaster.com\/sv\/wp-json\/wp\/v2\/product_brand?post=10432"},{"taxonomy":"product_cat","embeddable":true,"href":"https:\/\/nordicmart.andreevmaster.com\/sv\/wp-json\/wp\/v2\/product_cat?post=10432"},{"taxonomy":"product_tag","embeddable":true,"href":"https:\/\/nordicmart.andreevmaster.com\/sv\/wp-json\/wp\/v2\/product_tag?post=10432"}],"curies":[{"name":"wp","href":"https:\/\/api.w.org\/{rel}","templated":true}]}}