{"id":10431,"date":"2026-02-27T00:07:14","date_gmt":"2026-02-27T00:07:14","guid":{"rendered":"https:\/\/nordicmart.andreevmaster.com\/product\/vasagle-spegelskap-54-x-15-x-55-cm-vitt\/"},"modified":"2026-02-27T08:02:54","modified_gmt":"2026-02-27T08:02:54","slug":"vasagle-spegelskap-54-x-15-x-55-cm-vitt","status":"publish","type":"product","link":"https:\/\/nordicmart.andreevmaster.com\/sv\/produkt\/vasagle-spegelskap-54-x-15-x-55-cm-vitt\/","title":{"rendered":"VASAGLE spegelsk\u00e5p 54 x 15 x 55 cm vitt"},"content":{"rendered":"<p>Detta spegelsk\u00e5p har en gl\u00e4nsande vit yta med vit d\u00f6rr s\u00e5 att du kan ge ditt badrum en fr\u00e4sch och lugn k\u00e4nsla. Sl\u00e4pp alla bekymmer h\u00e4r, ladda batterierna och b\u00f6rja eller avsluta dagen p\u00e5 ett positivt s\u00e4tt. H\u00f6gkvalitativa material: Med detta badrumssk\u00e5p kan du inte bara visa upp elegans och stil. M\u00f6beln \u00e4r ocks\u00e5 h\u00e5llbar, eftersom den \u00e4r tillverkad av MDF, sp\u00e5nskivor och glas. In i minsta detalj: De tv\u00e5 hyllplanerna inuti spegelsk\u00e5pet \u00e4r h\u00f6j- och s\u00e4nkbara, s\u00e5 att du kan f\u00f6rvara hygienartiklar i olika storlekar i det. Mjukst\u00e4ngande g\u00e5ngj\u00e4rn f\u00f6rhindrar att sk\u00e5pd\u00f6rrarna sm\u00e4ller igen.Produktdetaljer: F\u00e4rg: Vit Material: MDF (medeldensitetsfiberplatta), sp\u00e5nskiva, h\u00e4rdat spegelglas Storlek: 54 x 15 x 55 cm (L x B x H) Vikt: 9 kg Max. statisk belastningskapacitet: 15 kg Leveransomfattning: 1 x spegelsk\u00e5p 1 x tillbeh\u00f6rspaket 1 x instruktioner VASAGLE Anm\u00e4rkningar:Uts\u00e4tt inte produkten f\u00f6r direkt solljus. Produkten b\u00f6r inte komma i kontakt med stora m\u00e4ngder vatten. F\u00e4st produkten p\u00e5 en solid v\u00e4gg.<\/p>\n","protected":false},"excerpt":{"rendered":"<p>VASAGLE spegelsk\u00e5p, v\u00e4ggsk\u00e5p, badrumssk\u00e5p med h\u00f6jdjusterbara hyllplan, d\u00f6rr och \u00f6verplatta med h\u00f6gblank yta, badrum, 54 x 15 x 55 cm, vit BBK122W01<\/p>\n","protected":false},"featured_media":39014,"comment_status":"open","ping_status":"closed","template":"","meta":[],"product_brand":[],"product_cat":[33],"product_tag":[],"class_list":{"0":"post-10431","1":"product","2":"type-product","3":"status-publish","4":"has-post-thumbnail","6":"product_cat-okategoriserad","8":"first","9":"instock","10":"shipping-taxable","11":"purchasable","12":"product-type-simple"},"_links":{"self":[{"href":"https:\/\/nordicmart.andreevmaster.com\/sv\/wp-json\/wp\/v2\/product\/10431","targetHints":{"allow":["GET"]}}],"collection":[{"href":"https:\/\/nordicmart.andreevmaster.com\/sv\/wp-json\/wp\/v2\/product"}],"about":[{"href":"https:\/\/nordicmart.andreevmaster.com\/sv\/wp-json\/wp\/v2\/types\/product"}],"replies":[{"embeddable":true,"href":"https:\/\/nordicmart.andreevmaster.com\/sv\/wp-json\/wp\/v2\/comments?post=10431"}],"wp:featuredmedia":[{"embeddable":true,"href":"https:\/\/nordicmart.andreevmaster.com\/sv\/wp-json\/wp\/v2\/media\/39014"}],"wp:attachment":[{"href":"https:\/\/nordicmart.andreevmaster.com\/sv\/wp-json\/wp\/v2\/media?parent=10431"}],"wp:term":[{"taxonomy":"product_brand","embeddable":true,"href":"https:\/\/nordicmart.andreevmaster.com\/sv\/wp-json\/wp\/v2\/product_brand?post=10431"},{"taxonomy":"product_cat","embeddable":true,"href":"https:\/\/nordicmart.andreevmaster.com\/sv\/wp-json\/wp\/v2\/product_cat?post=10431"},{"taxonomy":"product_tag","embeddable":true,"href":"https:\/\/nordicmart.andreevmaster.com\/sv\/wp-json\/wp\/v2\/product_tag?post=10431"}],"curies":[{"name":"wp","href":"https:\/\/api.w.org\/{rel}","templated":true}]}}