{"id":10429,"date":"2026-02-27T00:07:14","date_gmt":"2026-02-27T00:07:14","guid":{"rendered":"https:\/\/nordicmart.andreevmaster.com\/product\/vasagle-spegelskap-vitt\/"},"modified":"2026-02-27T08:02:54","modified_gmt":"2026-02-27T08:02:54","slug":"vasagle-spegelskap-vitt","status":"publish","type":"product","link":"https:\/\/nordicmart.andreevmaster.com\/sv\/produkt\/vasagle-spegelskap-vitt\/","title":{"rendered":"VASAGLE Spegelsk\u00e5p vitt"},"content":{"rendered":"<p>\u00c4r ditt rum v\u00e4ldigt litet? Oroa dig inte. H\u00e4ng upp detta sk\u00e5p p\u00e5 v\u00e4ggen och skapa mer f\u00f6rvaringsutrymme i ditt hem. Du beh\u00f6ver allts\u00e5 inte flytta till en st\u00f6rre l\u00e4genhet! Detta spegelsk\u00e5p ger dessutom dina v\u00e4ggar en dekorativ touch. Bara f\u00f6r ditt badrum? Inte n\u00f6dv\u00e4ndigtvis! Det st\u00e4mmer att denna m\u00f6bel passar perfekt \u00f6ver ett handfat i badrummet. Men du kan ocks\u00e5 h\u00e4nga den \u00f6ver toaletten f\u00f6r att f\u00f6rvara toalettpapper. Eller anv\u00e4nd detta sk\u00e5p i hallen f\u00f6r att f\u00f6rvara nycklar och pl\u00e5nb\u00f6cker inom r\u00e4ckh\u00e5ll. Produktdetaljer: &#8211; F\u00e4rg: Vit &#8211; Material: Sp\u00e5nskiva, glas &#8211; Storlek: 54 x 15 x 55 cm (L x B x H) &#8211; Vikt: 10,1 kg &#8211; Max. total statisk belastningskapacitet: 20 kg Leveransomfattning: &#8211; 1 x badrumssk\u00e5p &#8211; 1 x tillbeh\u00f6rspaket &#8211; 1 x instruktioner (DE, EN, FR, ES, IT) VASAGLE Anm\u00e4rkningar:- Ta bort skyddsfilmen p\u00e5 spegelytan f\u00f6re anv\u00e4ndning. &#8211; Av s\u00e4kerhetssk\u00e4l \u00e4r det f\u00f6rbjudet f\u00f6r barn att kl\u00e4ttra p\u00e5 eller leka med produkten. &#8211; Produktens maximala statiska belastningskapacitet \u00e4r 20 kg. \u00d6verskrid inte denna maximala vikt. &#8211; Torka omedelbart bort v\u00e4tskor p\u00e5 ytan med en torr trasa.<\/p>\n","protected":false},"excerpt":{"rendered":"<p>VASAGLE Spegelsk\u00e5p, badrumssk\u00e5p, badrumssk\u00e5p, v\u00e4ggsk\u00e5p f\u00f6r badrum, h\u00f6jdjusterbara hyllplan, dubbeld\u00f6rr, modernt, vitt BBK120W01<\/p>\n","protected":false},"featured_media":39012,"comment_status":"open","ping_status":"closed","template":"","meta":[],"product_brand":[],"product_cat":[33],"product_tag":[],"class_list":{"0":"post-10429","1":"product","2":"type-product","3":"status-publish","4":"has-post-thumbnail","6":"product_cat-okategoriserad","8":"first","9":"instock","10":"shipping-taxable","11":"purchasable","12":"product-type-simple"},"_links":{"self":[{"href":"https:\/\/nordicmart.andreevmaster.com\/sv\/wp-json\/wp\/v2\/product\/10429","targetHints":{"allow":["GET"]}}],"collection":[{"href":"https:\/\/nordicmart.andreevmaster.com\/sv\/wp-json\/wp\/v2\/product"}],"about":[{"href":"https:\/\/nordicmart.andreevmaster.com\/sv\/wp-json\/wp\/v2\/types\/product"}],"replies":[{"embeddable":true,"href":"https:\/\/nordicmart.andreevmaster.com\/sv\/wp-json\/wp\/v2\/comments?post=10429"}],"wp:featuredmedia":[{"embeddable":true,"href":"https:\/\/nordicmart.andreevmaster.com\/sv\/wp-json\/wp\/v2\/media\/39012"}],"wp:attachment":[{"href":"https:\/\/nordicmart.andreevmaster.com\/sv\/wp-json\/wp\/v2\/media?parent=10429"}],"wp:term":[{"taxonomy":"product_brand","embeddable":true,"href":"https:\/\/nordicmart.andreevmaster.com\/sv\/wp-json\/wp\/v2\/product_brand?post=10429"},{"taxonomy":"product_cat","embeddable":true,"href":"https:\/\/nordicmart.andreevmaster.com\/sv\/wp-json\/wp\/v2\/product_cat?post=10429"},{"taxonomy":"product_tag","embeddable":true,"href":"https:\/\/nordicmart.andreevmaster.com\/sv\/wp-json\/wp\/v2\/product_tag?post=10429"}],"curies":[{"name":"wp","href":"https:\/\/api.w.org\/{rel}","templated":true}]}}