{"id":10424,"date":"2026-02-27T00:07:13","date_gmt":"2026-02-27T00:07:13","guid":{"rendered":"https:\/\/nordicmart.andreevmaster.com\/product\/vasagle-sideboard-med-glasplatta-och-skjutdorr\/"},"modified":"2026-02-27T08:02:53","modified_gmt":"2026-02-27T08:02:53","slug":"vasagle-sideboard-med-glasplatta-och-skjutdorr","status":"publish","type":"product","link":"https:\/\/nordicmart.andreevmaster.com\/sv\/produkt\/vasagle-sideboard-med-glasplatta-och-skjutdorr\/","title":{"rendered":"VASAGLE sideboard med glasplatta och skjutd\u00f6rr"},"content":{"rendered":"<p>\u00d6versikt \u00f6ver h\u00f6jdpunkterna i detta sidobord: &#8211; Rustik sk\u00e5pyta: En raffinerad scen d\u00e4r du kan visa upp foton, dekorationer, souvenirer och m\u00e5nga andra f\u00f6rem\u00e5l som \u00e4r viktiga f\u00f6r dig. &#8211; Praktiska \u00f6ppna fack: Placera alla saker du vill ha inom r\u00e4ckh\u00e5ll p\u00e5 de \u00f6ppna hyllplanerna s\u00e5 att du enkelt kan n\u00e5 dem. &#8211; Stilren lamelld\u00f6rr: Bakom sk\u00e5pd\u00f6rren finns tv\u00e5 justerbara hyllplan d\u00e4r du kan f\u00f6rvara b\u00e5de sm\u00e5 och stora f\u00f6rem\u00e5l. &#8211; Passar i alla rum: Vardagsrum, sovrum, hall, matsal, k\u00f6k \u2013 oavsett var du placerar det, kommer detta sk\u00e5p i vintagestil att imponera med sin elegans och stil.  Produktdetaljer: &#8211; F\u00e4rg: Vintagebrun &#8211; Material: Sp\u00e5nskiva &#8211; Storlek: 60 x 30 x 82,5 cm (L x B x H) &#8211; Vikt: 14,5 kg &#8211; Max. statisk belastningskapacitet: 20 kg Leveransomfattning: &#8211; 1 x badrumssk\u00e5p &#8211; 1 x tillbeh\u00f6rspaket &#8211; 1 x tippskydd &#8211; 1 x instruktioner VASAGLE Anm\u00e4rkningar:- Av s\u00e4kerhetssk\u00e4l \u00e4r det f\u00f6rbjudet f\u00f6r barn att kl\u00e4ttra p\u00e5 eller leka med produkten. &#8211; Produktens maximala statiska belastningskapacitet \u00e4r 20 kg. \u00d6verskrid inte denna maximala vikt. &#8211; F\u00e4st produkten p\u00e5 v\u00e4ggen med det medf\u00f6ljande tippskyddet f\u00f6r att s\u00e4kerst\u00e4lla s\u00e4ker anv\u00e4ndning. &#8211; Torka omedelbart bort v\u00e4tskor p\u00e5 ytan med en torr trasa.<\/p>\n","protected":false},"excerpt":{"rendered":"<p>VASAGLE badrumssk\u00e5p, badrumssk\u00e5p, sideboard, k\u00f6kssk\u00e5p, 3 \u00f6ppna fack, 2 justerbara hyllor bakom d\u00f6rren, f\u00f6r hall, vardagsrum, badrum, k\u00f6k, vintagebrunt BBK046X01<\/p>\n","protected":false},"featured_media":39007,"comment_status":"open","ping_status":"closed","template":"","meta":[],"product_brand":[],"product_cat":[33],"product_tag":[],"class_list":{"0":"post-10424","1":"product","2":"type-product","3":"status-publish","4":"has-post-thumbnail","6":"product_cat-okategoriserad","8":"first","9":"instock","10":"shipping-taxable","11":"purchasable","12":"product-type-simple"},"_links":{"self":[{"href":"https:\/\/nordicmart.andreevmaster.com\/sv\/wp-json\/wp\/v2\/product\/10424","targetHints":{"allow":["GET"]}}],"collection":[{"href":"https:\/\/nordicmart.andreevmaster.com\/sv\/wp-json\/wp\/v2\/product"}],"about":[{"href":"https:\/\/nordicmart.andreevmaster.com\/sv\/wp-json\/wp\/v2\/types\/product"}],"replies":[{"embeddable":true,"href":"https:\/\/nordicmart.andreevmaster.com\/sv\/wp-json\/wp\/v2\/comments?post=10424"}],"wp:featuredmedia":[{"embeddable":true,"href":"https:\/\/nordicmart.andreevmaster.com\/sv\/wp-json\/wp\/v2\/media\/39007"}],"wp:attachment":[{"href":"https:\/\/nordicmart.andreevmaster.com\/sv\/wp-json\/wp\/v2\/media?parent=10424"}],"wp:term":[{"taxonomy":"product_brand","embeddable":true,"href":"https:\/\/nordicmart.andreevmaster.com\/sv\/wp-json\/wp\/v2\/product_brand?post=10424"},{"taxonomy":"product_cat","embeddable":true,"href":"https:\/\/nordicmart.andreevmaster.com\/sv\/wp-json\/wp\/v2\/product_cat?post=10424"},{"taxonomy":"product_tag","embeddable":true,"href":"https:\/\/nordicmart.andreevmaster.com\/sv\/wp-json\/wp\/v2\/product_tag?post=10424"}],"curies":[{"name":"wp","href":"https:\/\/api.w.org\/{rel}","templated":true}]}}