{"id":10423,"date":"2026-02-27T00:07:13","date_gmt":"2026-02-27T00:07:13","guid":{"rendered":"https:\/\/nordicmart.andreevmaster.com\/product\/vasagle-vaggskap-med-spegel-och-justerbar-hylla-vit\/"},"modified":"2026-02-27T08:02:53","modified_gmt":"2026-02-27T08:02:53","slug":"vasagle-vaggskap-med-spegel-och-justerbar-hylla-vit","status":"publish","type":"product","link":"https:\/\/nordicmart.andreevmaster.com\/sv\/produkt\/vasagle-vaggskap-med-spegel-och-justerbar-hylla-vit\/","title":{"rendered":"VASAGLE V\u00e4ggsk\u00e5p med spegel och justerbar hylla, vit"},"content":{"rendered":"<p>VASAGLE Spegelsk\u00e5p, badrumssk\u00e5p, f\u00f6rvaringssk\u00e5p med 3 d\u00f6rrar, f\u00f6r badrummet, 60 x 15 x 55 cm, med justerbara hyllplan, modernt, vitt BBK22WT<br \/>\nF\u00e4rg: Vit<br \/>\nMaterial: sp\u00e5nskiva, glas<br \/>\nStorlek: 15 x 90 x 60 cm (D x B x H)<br \/>\nVikt: 16 kg<br \/>\nMax. statisk totalbelastning: 30 kg<\/p>\n","protected":false},"excerpt":{"rendered":"<p>VASAGLE Spegelsk\u00e5p, badrumssk\u00e5p, f\u00f6rvaringssk\u00e5p med 3 d\u00f6rrar, f\u00f6r badrummet, 60 x 15 x 55 cm, med justerbara hyllplan, modernt, vitt BBK22WT<\/p>\n","protected":false},"featured_media":39006,"comment_status":"open","ping_status":"closed","template":"","meta":[],"product_brand":[],"product_cat":[33],"product_tag":[],"class_list":{"0":"post-10423","1":"product","2":"type-product","3":"status-publish","4":"has-post-thumbnail","6":"product_cat-okategoriserad","8":"first","9":"instock","10":"shipping-taxable","11":"purchasable","12":"product-type-simple"},"_links":{"self":[{"href":"https:\/\/nordicmart.andreevmaster.com\/sv\/wp-json\/wp\/v2\/product\/10423","targetHints":{"allow":["GET"]}}],"collection":[{"href":"https:\/\/nordicmart.andreevmaster.com\/sv\/wp-json\/wp\/v2\/product"}],"about":[{"href":"https:\/\/nordicmart.andreevmaster.com\/sv\/wp-json\/wp\/v2\/types\/product"}],"replies":[{"embeddable":true,"href":"https:\/\/nordicmart.andreevmaster.com\/sv\/wp-json\/wp\/v2\/comments?post=10423"}],"wp:featuredmedia":[{"embeddable":true,"href":"https:\/\/nordicmart.andreevmaster.com\/sv\/wp-json\/wp\/v2\/media\/39006"}],"wp:attachment":[{"href":"https:\/\/nordicmart.andreevmaster.com\/sv\/wp-json\/wp\/v2\/media?parent=10423"}],"wp:term":[{"taxonomy":"product_brand","embeddable":true,"href":"https:\/\/nordicmart.andreevmaster.com\/sv\/wp-json\/wp\/v2\/product_brand?post=10423"},{"taxonomy":"product_cat","embeddable":true,"href":"https:\/\/nordicmart.andreevmaster.com\/sv\/wp-json\/wp\/v2\/product_cat?post=10423"},{"taxonomy":"product_tag","embeddable":true,"href":"https:\/\/nordicmart.andreevmaster.com\/sv\/wp-json\/wp\/v2\/product_tag?post=10423"}],"curies":[{"name":"wp","href":"https:\/\/api.w.org\/{rel}","templated":true}]}}