{"id":10422,"date":"2026-02-27T00:07:13","date_gmt":"2026-02-27T00:07:13","guid":{"rendered":"https:\/\/nordicmart.andreevmaster.com\/product\/vasagle-tvattstallsskap-dubbeldorr-vit\/"},"modified":"2026-02-27T08:02:53","modified_gmt":"2026-02-27T08:02:53","slug":"vasagle-tvattstallsskap-dubbeldorr-vit","status":"publish","type":"product","link":"https:\/\/nordicmart.andreevmaster.com\/sv\/produkt\/vasagle-tvattstallsskap-dubbeldorr-vit\/","title":{"rendered":"VASAGLE Tv\u00e4ttst\u00e4llssk\u00e5p Dubbeld\u00f6rr Vit"},"content":{"rendered":"<p>Denna undersk\u00e5p till handfat \u00e4r designad med k\u00e4rlek till detaljer av VASAGLE:s designers och ger liv \u00e5t ett ljust, fr\u00e4scht och h\u00f6gklassigt badrum d\u00e4r du kan k\u00e4nna dig helt bekv\u00e4m. Uppfyll dina behov \u00c4r flaskan med bubbelbad f\u00f6r h\u00f6g? \u00c4r toalettpappersf\u00f6rpackningen f\u00f6r bred? Nu beh\u00f6ver du inte l\u00e4ngre placera dessa f\u00f6rem\u00e5l i ett h\u00f6rn av ditt badrum, eftersom detta m\u00e5ngsidiga undersk\u00e5p har en h\u00f6j- och s\u00e4nkbar hylla. Precis som du vill ha det Varmt vatten rinner i badkaret, du slappnar av, dina tankar vilar. Men n\u00e4r du kliver ur badkaret och vill ta en handduk ur sk\u00e5pet, skakar det kraftigt, d\u00f6rren sm\u00e4ller igen obehagligt h\u00f6gt och din avslappnade st\u00e4mning \u00e4r borta. Utrustad med g\u00e5ngj\u00e4rnsd\u00e4mpare, nivelleringsf\u00f6tter och tippskyddsbeslag bevarar detta badrumssk\u00e5p din inre frid. Produktdetaljer:- F\u00e4rg: Glansigt vitt (d\u00f6rrar), mattvitt (kropp) &#8211; Material: PVC-belagd MDF (d\u00f6rrar), melaminbelagd sp\u00e5nskiva av klass E1 (kropp), metallhandtag &#8211; Total storlek: 60 x 30 x 60 cm (L x B x H) &#8211; Storlek U-formad \u00f6ppning: 14,5 x 19,8 cm (L x B) &#8211; Vikt: 15,1 kg Leveransomfattning: &#8211; 1 x handfatssk\u00e5p med dubbeld\u00f6rr &#8211; 1 x beh\u00e5llare med tillbeh\u00f6r &#8211; 1 x bruksanvisning (DE, EN, FR, ES, IT) VASAGLE Anm\u00e4rkningar:- Observera att storleken p\u00e5 \u00f6ppningen f\u00f6r U-r\u00f6ret \u00e4r 14,5 x 19,8 cm (L x B). M\u00e4t ditt handfat noggrant innan du k\u00f6per denna produkt. &#8211; L\u00e5t inte produkten komma i kontakt med stora m\u00e4ngder vatten. &#8211; Ta bort skyddsfilmen p\u00e5 produktens framsida efter montering.<\/p>\n","protected":false},"excerpt":{"rendered":"<p>VASAGLE handfatssk\u00e5p, badrumssk\u00e5p med dubbeld\u00f6rr och justerbara hyllor, undersk\u00e5p med d\u00e4mpade g\u00e5ngj\u00e4rn och justerbara f\u00f6tter, 60 x 30 x 60 cm, vit BBK02WT<\/p>\n","protected":false},"featured_media":39005,"comment_status":"open","ping_status":"closed","template":"","meta":[],"product_brand":[],"product_cat":[33],"product_tag":[],"class_list":{"0":"post-10422","1":"product","2":"type-product","3":"status-publish","4":"has-post-thumbnail","6":"product_cat-okategoriserad","8":"first","9":"instock","10":"shipping-taxable","11":"purchasable","12":"product-type-simple"},"_links":{"self":[{"href":"https:\/\/nordicmart.andreevmaster.com\/sv\/wp-json\/wp\/v2\/product\/10422","targetHints":{"allow":["GET"]}}],"collection":[{"href":"https:\/\/nordicmart.andreevmaster.com\/sv\/wp-json\/wp\/v2\/product"}],"about":[{"href":"https:\/\/nordicmart.andreevmaster.com\/sv\/wp-json\/wp\/v2\/types\/product"}],"replies":[{"embeddable":true,"href":"https:\/\/nordicmart.andreevmaster.com\/sv\/wp-json\/wp\/v2\/comments?post=10422"}],"wp:featuredmedia":[{"embeddable":true,"href":"https:\/\/nordicmart.andreevmaster.com\/sv\/wp-json\/wp\/v2\/media\/39005"}],"wp:attachment":[{"href":"https:\/\/nordicmart.andreevmaster.com\/sv\/wp-json\/wp\/v2\/media?parent=10422"}],"wp:term":[{"taxonomy":"product_brand","embeddable":true,"href":"https:\/\/nordicmart.andreevmaster.com\/sv\/wp-json\/wp\/v2\/product_brand?post=10422"},{"taxonomy":"product_cat","embeddable":true,"href":"https:\/\/nordicmart.andreevmaster.com\/sv\/wp-json\/wp\/v2\/product_cat?post=10422"},{"taxonomy":"product_tag","embeddable":true,"href":"https:\/\/nordicmart.andreevmaster.com\/sv\/wp-json\/wp\/v2\/product_tag?post=10422"}],"curies":[{"name":"wp","href":"https:\/\/api.w.org\/{rel}","templated":true}]}}