{"id":10421,"date":"2026-02-27T00:07:13","date_gmt":"2026-02-27T00:07:13","guid":{"rendered":"https:\/\/nordicmart.andreevmaster.com\/product\/vasagle-handfatsskap-moderne-kerben\/"},"modified":"2026-02-27T08:02:53","modified_gmt":"2026-02-27T08:02:53","slug":"vasagle-handfatsskap-moderne-kerben","status":"publish","type":"product","link":"https:\/\/nordicmart.andreevmaster.com\/sv\/produkt\/vasagle-handfatsskap-moderne-kerben\/","title":{"rendered":"VASAGLE handfatssk\u00e5p \u201dModerne Kerben\u201d"},"content":{"rendered":"<p>Designerna p\u00e5 VASAGLE har skapat stilfulla badrumsm\u00f6bler s\u00e5 att du kan ge ditt badrum en fr\u00e4sch, lugn look. H\u00e4r kan du sl\u00e4ppa alla bekymmer, ladda batterierna och b\u00f6rja eller avsluta dagen p\u00e5 ett positivt s\u00e4tt. H\u00f6gkvalitativa material Med detta badrumssk\u00e5p visar du inte bara upp elegans och stil. M\u00f6beln \u00e4r ocks\u00e5 h\u00e5llbar, eftersom kroppen \u00e4r tillverkad av vita, melaminbelagda sp\u00e5nskivor. Sk\u00e5pd\u00f6rrarna \u00e4r tillverkade av PVC-belagd MDF och ger badrumsm\u00f6beln en effektfull glans. In i minsta detalj Hyllan inuti tv\u00e4ttst\u00e4llet \u00e4r h\u00f6j- och s\u00e4nkbar s\u00e5 att du kan f\u00f6rvara hygienartiklar i olika storlekar. Den U-formade urtagningen \u00e4r dessutom helt melaminbelagd, s\u00e5 att du inte beh\u00f6ver k\u00f6pa extra tejp f\u00f6r att t\u00e4ta \u00f6ppningen. Mjukst\u00e4ngande g\u00e5ngj\u00e4rn f\u00f6rhindrar att sk\u00e5pd\u00f6rren sm\u00e4ller igen. Den bakre delen av badrumssk\u00e5pet \u00e4r dessutom helt t\u00e4ckt. Dessutom garanterar de justerbara f\u00f6tterna och tippskyddet en h\u00f6g s\u00e4kerhet. Produktdetaljer: &#8211; F\u00e4rg: Glansigt vitt (d\u00f6rr), matt vitt (kropp) &#8211; Material: Melaminbelagd sp\u00e5nskiva, PVC-belagd MDF &#8211; Storlek: 60 x 30 x 63 cm (L x B x H) &#8211; M\u00e5tt p\u00e5 urtaget f\u00f6r handfat: 15 x 20 cm (L x B) &#8211; Vikt: 15,4 kg &#8211; Max. belastningskapacitet: 60 kg Leveransomfattning: &#8211; 1 x handfatssk\u00e5p &#8211; 1 x beh\u00e5llare med tillbeh\u00f6r &#8211; 1 x bruksanvisning (DE, EN, FR, ES, IT) VASAGLE Anm\u00e4rkningar: &#8211; Uts\u00e4tt inte produkten f\u00f6r direkt solljus. &#8211; Produkten b\u00f6r inte komma i kontakt med stora m\u00e4ngder vatten. &#8211; Anv\u00e4nd tippskyddet. &#8211; L\u00e5t inte barn kl\u00e4ttra p\u00e5 produkten. &#8211; Ta bort skyddsfilmen p\u00e5 produktens framsida efter montering.<\/p>\n","protected":false},"excerpt":{"rendered":"<p>VASAGLE handfatssk\u00e5p, badrumssk\u00e5p, badrumssk\u00e5p med dubbeld\u00f6rr och justerbar hylla, handfat f\u00f6r badrum, mjukst\u00e4ngande g\u00e5ngj\u00e4rn, 60 x 30 x 63 cm, vitt BBK01WT<\/p>\n","protected":false},"featured_media":39004,"comment_status":"open","ping_status":"closed","template":"","meta":[],"product_brand":[],"product_cat":[33],"product_tag":[],"class_list":{"0":"post-10421","1":"product","2":"type-product","3":"status-publish","4":"has-post-thumbnail","6":"product_cat-okategoriserad","8":"first","9":"instock","10":"shipping-taxable","11":"purchasable","12":"product-type-simple"},"_links":{"self":[{"href":"https:\/\/nordicmart.andreevmaster.com\/sv\/wp-json\/wp\/v2\/product\/10421","targetHints":{"allow":["GET"]}}],"collection":[{"href":"https:\/\/nordicmart.andreevmaster.com\/sv\/wp-json\/wp\/v2\/product"}],"about":[{"href":"https:\/\/nordicmart.andreevmaster.com\/sv\/wp-json\/wp\/v2\/types\/product"}],"replies":[{"embeddable":true,"href":"https:\/\/nordicmart.andreevmaster.com\/sv\/wp-json\/wp\/v2\/comments?post=10421"}],"wp:featuredmedia":[{"embeddable":true,"href":"https:\/\/nordicmart.andreevmaster.com\/sv\/wp-json\/wp\/v2\/media\/39004"}],"wp:attachment":[{"href":"https:\/\/nordicmart.andreevmaster.com\/sv\/wp-json\/wp\/v2\/media?parent=10421"}],"wp:term":[{"taxonomy":"product_brand","embeddable":true,"href":"https:\/\/nordicmart.andreevmaster.com\/sv\/wp-json\/wp\/v2\/product_brand?post=10421"},{"taxonomy":"product_cat","embeddable":true,"href":"https:\/\/nordicmart.andreevmaster.com\/sv\/wp-json\/wp\/v2\/product_cat?post=10421"},{"taxonomy":"product_tag","embeddable":true,"href":"https:\/\/nordicmart.andreevmaster.com\/sv\/wp-json\/wp\/v2\/product_tag?post=10421"}],"curies":[{"name":"wp","href":"https:\/\/api.w.org\/{rel}","templated":true}]}}