{"id":10420,"date":"2026-02-27T00:07:13","date_gmt":"2026-02-27T00:07:13","guid":{"rendered":"https:\/\/nordicmart.andreevmaster.com\/product\/vasagle-litet-badrumsskap-smalt-badrumsskap-litet-skap-for-toalettpapper\/"},"modified":"2026-02-27T08:02:52","modified_gmt":"2026-02-27T08:02:52","slug":"vasagle-litet-badrumsskap-smalt-badrumsskap-litet-skap-for-toalettpapper","status":"publish","type":"product","link":"https:\/\/nordicmart.andreevmaster.com\/sv\/produkt\/vasagle-litet-badrumsskap-smalt-badrumsskap-litet-skap-for-toalettpapper\/","title":{"rendered":"VASAGLE Litet badrumssk\u00e5p, smalt badrumssk\u00e5p, litet sk\u00e5p f\u00f6r toalettpapper"},"content":{"rendered":"<p>Litet badrumssk\u00e5p, smalt badrumssk\u00e5p, litet sk\u00e5p f\u00f6r toalettpapper, toalettsk\u00e5p med l\u00e5dor, f\u00f6r sm\u00e5 utrymmen, duvgr\u00e5tt<br \/>\nProduktdetaljer:<br \/>\n&#8211; F\u00e4rg: duvgr\u00e5<br \/>\n&#8211; Material: MDF (medeldensitetsfiberplatta)<br \/>\n&#8211; Storlek: 40 x 18 x 70 cm (D x B x H)<br \/>\n&#8211; Vikt: 8,6 kg<br \/>\n&#8211; Max. total statisk belastningskapacitet: 10 kg<\/p>\n<p>Leveransomfattning:<br \/>\n&#8211; 1 x smalt badrumssk\u00e5p<br \/>\n&#8211; 1 x tillbeh\u00f6rspaket<br \/>\n&#8211; 1 x bruksanvisning<\/p>\n<p>Anvisningar:<br \/>\n&#8211; F\u00e4st detta toalettsk\u00e5p p\u00e5 v\u00e4ggen med den medf\u00f6ljande tippskyddet f\u00f6r att skapa en s\u00e4ker anv\u00e4ndningsmilj\u00f6.<\/p>\n","protected":false},"excerpt":{"rendered":"<p>Litet badrumssk\u00e5p, smalt badrumssk\u00e5p, litet sk\u00e5p f\u00f6r toalettpapper, toalettsk\u00e5p med l\u00e5dor, f\u00f6r sm\u00e5 utrymmen, duvgr\u00e5tt<\/p>\n","protected":false},"featured_media":39003,"comment_status":"open","ping_status":"closed","template":"","meta":[],"product_brand":[],"product_cat":[33],"product_tag":[],"class_list":{"0":"post-10420","1":"product","2":"type-product","3":"status-publish","4":"has-post-thumbnail","6":"product_cat-okategoriserad","8":"first","9":"instock","10":"shipping-taxable","11":"purchasable","12":"product-type-simple"},"_links":{"self":[{"href":"https:\/\/nordicmart.andreevmaster.com\/sv\/wp-json\/wp\/v2\/product\/10420","targetHints":{"allow":["GET"]}}],"collection":[{"href":"https:\/\/nordicmart.andreevmaster.com\/sv\/wp-json\/wp\/v2\/product"}],"about":[{"href":"https:\/\/nordicmart.andreevmaster.com\/sv\/wp-json\/wp\/v2\/types\/product"}],"replies":[{"embeddable":true,"href":"https:\/\/nordicmart.andreevmaster.com\/sv\/wp-json\/wp\/v2\/comments?post=10420"}],"wp:featuredmedia":[{"embeddable":true,"href":"https:\/\/nordicmart.andreevmaster.com\/sv\/wp-json\/wp\/v2\/media\/39003"}],"wp:attachment":[{"href":"https:\/\/nordicmart.andreevmaster.com\/sv\/wp-json\/wp\/v2\/media?parent=10420"}],"wp:term":[{"taxonomy":"product_brand","embeddable":true,"href":"https:\/\/nordicmart.andreevmaster.com\/sv\/wp-json\/wp\/v2\/product_brand?post=10420"},{"taxonomy":"product_cat","embeddable":true,"href":"https:\/\/nordicmart.andreevmaster.com\/sv\/wp-json\/wp\/v2\/product_cat?post=10420"},{"taxonomy":"product_tag","embeddable":true,"href":"https:\/\/nordicmart.andreevmaster.com\/sv\/wp-json\/wp\/v2\/product_tag?post=10420"}],"curies":[{"name":"wp","href":"https:\/\/api.w.org\/{rel}","templated":true}]}}