{"id":10414,"date":"2026-02-27T00:07:12","date_gmt":"2026-02-27T00:07:12","guid":{"rendered":"https:\/\/nordicmart.andreevmaster.com\/product\/vasagle-koksskap-matsalsskap-hogskap\/"},"modified":"2026-02-27T08:02:51","modified_gmt":"2026-02-27T08:02:51","slug":"vasagle-koksskap-matsalsskap-hogskap","status":"publish","type":"product","link":"https:\/\/nordicmart.andreevmaster.com\/sv\/produkt\/vasagle-koksskap-matsalsskap-hogskap\/","title":{"rendered":"VASAGLE k\u00f6kssk\u00e5p, matsalssk\u00e5p, h\u00f6gsk\u00e5p"},"content":{"rendered":"<p>VASAGLE k\u00f6kssk\u00e5p, h\u00f6g sk\u00e5p k\u00f6ksbuff\u00e9 vitrinsk\u00e5p, buff\u00e9sk\u00e5p med justerbara hyllor, matsalssk\u00e5p med l\u00e5dor, f\u00f6r vardagsrum k\u00f6k, vitt BBC561W21<br \/>\nSpecifikationer:<\/p>\n<p>&#8211; M\u00e5tt: 40 x 76 x 182,1 cm (D x B x H)<br \/>\n&#8211; Vikt: 50,3 kg<br \/>\n&#8211; Max. statisk b\u00e4rf\u00f6rm\u00e5ga f\u00f6r varje justerbar hylla: 27 kg<br \/>\n&#8211; Max. statisk b\u00e4rf\u00f6rm\u00e5ga f\u00f6r varje sk\u00e5pd\u00f6rrfack: 4,5 kg<br \/>\n&#8211; Max. statisk b\u00e4rf\u00f6rm\u00e5ga f\u00f6r l\u00e5dan: 11,3 kg<br \/>\n&#8211; Material: MDF (medeldensitetsfiberplatta)<br \/>\n&#8211; F\u00e4rg: Vit<\/p>\n","protected":false},"excerpt":{"rendered":"<p>VASAGLE k\u00f6kssk\u00e5p, h\u00f6g sk\u00e5p k\u00f6ksbuff\u00e9 vitrinsk\u00e5p, buff\u00e9sk\u00e5p med justerbara hyllor, matsalssk\u00e5p med l\u00e5dor, f\u00f6r vardagsrum k\u00f6k, vitt BBC561W21<\/p>\n","protected":false},"featured_media":38997,"comment_status":"open","ping_status":"closed","template":"","meta":[],"product_brand":[],"product_cat":[33],"product_tag":[],"class_list":{"0":"post-10414","1":"product","2":"type-product","3":"status-publish","4":"has-post-thumbnail","6":"product_cat-okategoriserad","8":"first","9":"instock","10":"shipping-taxable","11":"purchasable","12":"product-type-simple"},"_links":{"self":[{"href":"https:\/\/nordicmart.andreevmaster.com\/sv\/wp-json\/wp\/v2\/product\/10414","targetHints":{"allow":["GET"]}}],"collection":[{"href":"https:\/\/nordicmart.andreevmaster.com\/sv\/wp-json\/wp\/v2\/product"}],"about":[{"href":"https:\/\/nordicmart.andreevmaster.com\/sv\/wp-json\/wp\/v2\/types\/product"}],"replies":[{"embeddable":true,"href":"https:\/\/nordicmart.andreevmaster.com\/sv\/wp-json\/wp\/v2\/comments?post=10414"}],"wp:featuredmedia":[{"embeddable":true,"href":"https:\/\/nordicmart.andreevmaster.com\/sv\/wp-json\/wp\/v2\/media\/38997"}],"wp:attachment":[{"href":"https:\/\/nordicmart.andreevmaster.com\/sv\/wp-json\/wp\/v2\/media?parent=10414"}],"wp:term":[{"taxonomy":"product_brand","embeddable":true,"href":"https:\/\/nordicmart.andreevmaster.com\/sv\/wp-json\/wp\/v2\/product_brand?post=10414"},{"taxonomy":"product_cat","embeddable":true,"href":"https:\/\/nordicmart.andreevmaster.com\/sv\/wp-json\/wp\/v2\/product_cat?post=10414"},{"taxonomy":"product_tag","embeddable":true,"href":"https:\/\/nordicmart.andreevmaster.com\/sv\/wp-json\/wp\/v2\/product_tag?post=10414"}],"curies":[{"name":"wp","href":"https:\/\/api.w.org\/{rel}","templated":true}]}}