{"id":10410,"date":"2026-02-27T00:07:11","date_gmt":"2026-02-27T00:07:11","guid":{"rendered":"https:\/\/nordicmart.andreevmaster.com\/product\/vasagle-badrumsskap-badrumsskap-koksskap-med-4-dorrar\/"},"modified":"2026-02-27T08:02:51","modified_gmt":"2026-02-27T08:02:51","slug":"vasagle-badrumsskap-badrumsskap-koksskap-med-4-dorrar","status":"publish","type":"product","link":"https:\/\/nordicmart.andreevmaster.com\/sv\/produkt\/vasagle-badrumsskap-badrumsskap-koksskap-med-4-dorrar\/","title":{"rendered":"VASAGLE badrumssk\u00e5p, badrumssk\u00e5p, k\u00f6kssk\u00e5p med 4 d\u00f6rrar"},"content":{"rendered":"<p>Badrumssk\u00e5p, badrumssk\u00e5p, k\u00f6kssk\u00e5p med 4 d\u00f6rrar, justerbara hyllor, 30 x 60 x 110 cm, klassiskt vitt<br \/>\nProduktdetaljer:<br \/>\n&#8211; F\u00e4rg: klassiskt vitt<br \/>\n&#8211; Material: MDF (medeldensitetsfiberplatta)<br \/>\n&#8211; Storlek: 30 x 60 x 110 cm (D x B x H)<br \/>\n&#8211; Vikt: 16,8 kg<br \/>\n&#8211; Max. statisk belastningskapacitet f\u00f6r ytan: 136 kg<\/p>\n<p>Leveransomfattning:<br \/>\n&#8211; 1 x badrumssk\u00e5p<br \/>\n&#8211; 1 x tillbeh\u00f6rspaket<br \/>\n&#8211; 1 x tippskydd<br \/>\n&#8211; 1 x bruksanvisning<\/p>\n<p>Anm\u00e4rkningar:<br \/>\n&#8211; F\u00e4st denna badrumssk\u00e5p p\u00e5 v\u00e4ggen med det medf\u00f6ljande tippskyddet f\u00f6r att skapa en s\u00e4ker anv\u00e4ndningsmilj\u00f6.<br \/>\n&#8211; Montera badrumssk\u00e5pet p\u00e5 en plats d\u00e4r det inte kan komma i kontakt med vattenst\u00e4nk under l\u00e4ngre tid.<\/p>\n","protected":false},"excerpt":{"rendered":"<p>Badrumssk\u00e5p, badrumssk\u00e5p, k\u00f6kssk\u00e5p med 4 d\u00f6rrar, justerbara hyllor, 30 x 60 x 110 cm, klassiskt vitt<\/p>\n","protected":false},"featured_media":46556,"comment_status":"open","ping_status":"closed","template":"","meta":[],"product_brand":[],"product_cat":[33],"product_tag":[],"class_list":{"0":"post-10410","1":"product","2":"type-product","3":"status-publish","4":"has-post-thumbnail","6":"product_cat-okategoriserad","8":"first","9":"instock","10":"shipping-taxable","11":"purchasable","12":"product-type-simple"},"_links":{"self":[{"href":"https:\/\/nordicmart.andreevmaster.com\/sv\/wp-json\/wp\/v2\/product\/10410","targetHints":{"allow":["GET"]}}],"collection":[{"href":"https:\/\/nordicmart.andreevmaster.com\/sv\/wp-json\/wp\/v2\/product"}],"about":[{"href":"https:\/\/nordicmart.andreevmaster.com\/sv\/wp-json\/wp\/v2\/types\/product"}],"replies":[{"embeddable":true,"href":"https:\/\/nordicmart.andreevmaster.com\/sv\/wp-json\/wp\/v2\/comments?post=10410"}],"wp:featuredmedia":[{"embeddable":true,"href":"https:\/\/nordicmart.andreevmaster.com\/sv\/wp-json\/wp\/v2\/media\/46556"}],"wp:attachment":[{"href":"https:\/\/nordicmart.andreevmaster.com\/sv\/wp-json\/wp\/v2\/media?parent=10410"}],"wp:term":[{"taxonomy":"product_brand","embeddable":true,"href":"https:\/\/nordicmart.andreevmaster.com\/sv\/wp-json\/wp\/v2\/product_brand?post=10410"},{"taxonomy":"product_cat","embeddable":true,"href":"https:\/\/nordicmart.andreevmaster.com\/sv\/wp-json\/wp\/v2\/product_cat?post=10410"},{"taxonomy":"product_tag","embeddable":true,"href":"https:\/\/nordicmart.andreevmaster.com\/sv\/wp-json\/wp\/v2\/product_tag?post=10410"}],"curies":[{"name":"wp","href":"https:\/\/api.w.org\/{rel}","templated":true}]}}