{"id":10404,"date":"2026-02-27T00:07:10","date_gmt":"2026-02-27T00:07:10","guid":{"rendered":"https:\/\/nordicmart.andreevmaster.com\/product\/vasagle-tvattstallsskap-underskap-badrumsskap\/"},"modified":"2026-02-27T08:02:50","modified_gmt":"2026-02-27T08:02:50","slug":"vasagle-tvattstallsskap-underskap-badrumsskap","status":"publish","type":"product","link":"https:\/\/nordicmart.andreevmaster.com\/sv\/produkt\/vasagle-tvattstallsskap-underskap-badrumsskap\/","title":{"rendered":"VASAGLE Tv\u00e4ttst\u00e4llssk\u00e5p, undersk\u00e5p, badrumssk\u00e5p"},"content":{"rendered":"<p>Undersk\u00e5p f\u00f6r handfat, undersk\u00e5p, badrumssk\u00e5p, extra l\u00e5ngt, 2 d\u00f6rrar, badrumssk\u00e5p, \u00f6ppna fack, h\u00f6j- och s\u00e4nkbart, vitt<br \/>\n&#8211; Produktm\u00e5tt: 30 x 90 x 60 cm (D x B x H)<br \/>\n&#8211; Vikt: 11,7 kg<br \/>\n&#8211; Material: MDF (medeldensitetsfiberplatta), f\u00f6rkromade handtag<br \/>\n&#8211; F\u00e4rg: Vit<\/p>\n","protected":false},"excerpt":{"rendered":"<p>Undersk\u00e5p f\u00f6r handfat, undersk\u00e5p, badrumssk\u00e5p, extra l\u00e5ngt, 2 d\u00f6rrar, badrumssk\u00e5p, \u00f6ppna fack, h\u00f6j- och s\u00e4nkbart, vitt<\/p>\n","protected":false},"featured_media":38989,"comment_status":"open","ping_status":"closed","template":"","meta":[],"product_brand":[],"product_cat":[33],"product_tag":[],"class_list":{"0":"post-10404","1":"product","2":"type-product","3":"status-publish","4":"has-post-thumbnail","6":"product_cat-okategoriserad","8":"first","9":"instock","10":"shipping-taxable","11":"purchasable","12":"product-type-simple"},"_links":{"self":[{"href":"https:\/\/nordicmart.andreevmaster.com\/sv\/wp-json\/wp\/v2\/product\/10404","targetHints":{"allow":["GET"]}}],"collection":[{"href":"https:\/\/nordicmart.andreevmaster.com\/sv\/wp-json\/wp\/v2\/product"}],"about":[{"href":"https:\/\/nordicmart.andreevmaster.com\/sv\/wp-json\/wp\/v2\/types\/product"}],"replies":[{"embeddable":true,"href":"https:\/\/nordicmart.andreevmaster.com\/sv\/wp-json\/wp\/v2\/comments?post=10404"}],"wp:featuredmedia":[{"embeddable":true,"href":"https:\/\/nordicmart.andreevmaster.com\/sv\/wp-json\/wp\/v2\/media\/38989"}],"wp:attachment":[{"href":"https:\/\/nordicmart.andreevmaster.com\/sv\/wp-json\/wp\/v2\/media?parent=10404"}],"wp:term":[{"taxonomy":"product_brand","embeddable":true,"href":"https:\/\/nordicmart.andreevmaster.com\/sv\/wp-json\/wp\/v2\/product_brand?post=10404"},{"taxonomy":"product_cat","embeddable":true,"href":"https:\/\/nordicmart.andreevmaster.com\/sv\/wp-json\/wp\/v2\/product_cat?post=10404"},{"taxonomy":"product_tag","embeddable":true,"href":"https:\/\/nordicmart.andreevmaster.com\/sv\/wp-json\/wp\/v2\/product_tag?post=10404"}],"curies":[{"name":"wp","href":"https:\/\/api.w.org\/{rel}","templated":true}]}}