{"id":10401,"date":"2026-02-27T00:07:09","date_gmt":"2026-02-27T00:07:09","guid":{"rendered":"https:\/\/nordicmart.andreevmaster.com\/product\/vasagle-badrumsskap-litet-badrumsskap-smalt-staende\/"},"modified":"2026-02-27T08:02:49","modified_gmt":"2026-02-27T08:02:49","slug":"vasagle-badrumsskap-litet-badrumsskap-smalt-staende","status":"publish","type":"product","link":"https:\/\/nordicmart.andreevmaster.com\/sv\/produkt\/vasagle-badrumsskap-litet-badrumsskap-smalt-staende\/","title":{"rendered":"VASAGLE badrumssk\u00e5p litet, badrumssk\u00e5p smalt, st\u00e5ende"},"content":{"rendered":"<p>Liten badrumssk\u00e5p, smalt badrumssk\u00e5p, st\u00e5ende, med d\u00f6rr och hylla, litet sk\u00e5p f\u00f6r toalettpapper, justerbara hyllor, mystiskt gr\u00e5tt<br \/>\nProduktdetaljer:<br \/>\n&#8211; F\u00e4rg: Mystisk gr\u00e5<br \/>\n&#8211; Material: MDF (medeldensitetsfiberplatta)<br \/>\n&#8211; Storlek: 20 x 18 x 80 cm (D x B x H)<br \/>\n&#8211; Vikt: 4,8 kg<br \/>\n&#8211; Max. statisk belastningskapacitet f\u00f6r varje justerbar hylla: 2,2 kg<\/p>\n<p>Leveransomfattning:<br \/>\n&#8211; 1 x smal badrumssk\u00e5p<br \/>\n&#8211; 1 x tillbeh\u00f6rspaket<br \/>\n&#8211; 1 x tippskydd<br \/>\n&#8211; 1 x bruksanvisning<\/p>\n<p>Anvisningar:<br \/>\n&#8211; F\u00e4st denna nischhylla p\u00e5 v\u00e4ggen med det medf\u00f6ljande tippskyddet f\u00f6r att s\u00e4kerst\u00e4lla en s\u00e4ker anv\u00e4ndning.<\/p>\n","protected":false},"excerpt":{"rendered":"<p>Liten badrumssk\u00e5p, smalt badrumssk\u00e5p, st\u00e5ende, med d\u00f6rr och hylla, litet sk\u00e5p f\u00f6r toalettpapper, justerbara hyllor, mystiskt gr\u00e5tt<\/p>\n","protected":false},"featured_media":38986,"comment_status":"open","ping_status":"closed","template":"","meta":[],"product_brand":[],"product_cat":[33],"product_tag":[],"class_list":{"0":"post-10401","1":"product","2":"type-product","3":"status-publish","4":"has-post-thumbnail","6":"product_cat-okategoriserad","8":"first","9":"instock","10":"shipping-taxable","11":"purchasable","12":"product-type-simple"},"_links":{"self":[{"href":"https:\/\/nordicmart.andreevmaster.com\/sv\/wp-json\/wp\/v2\/product\/10401","targetHints":{"allow":["GET"]}}],"collection":[{"href":"https:\/\/nordicmart.andreevmaster.com\/sv\/wp-json\/wp\/v2\/product"}],"about":[{"href":"https:\/\/nordicmart.andreevmaster.com\/sv\/wp-json\/wp\/v2\/types\/product"}],"replies":[{"embeddable":true,"href":"https:\/\/nordicmart.andreevmaster.com\/sv\/wp-json\/wp\/v2\/comments?post=10401"}],"wp:featuredmedia":[{"embeddable":true,"href":"https:\/\/nordicmart.andreevmaster.com\/sv\/wp-json\/wp\/v2\/media\/38986"}],"wp:attachment":[{"href":"https:\/\/nordicmart.andreevmaster.com\/sv\/wp-json\/wp\/v2\/media?parent=10401"}],"wp:term":[{"taxonomy":"product_brand","embeddable":true,"href":"https:\/\/nordicmart.andreevmaster.com\/sv\/wp-json\/wp\/v2\/product_brand?post=10401"},{"taxonomy":"product_cat","embeddable":true,"href":"https:\/\/nordicmart.andreevmaster.com\/sv\/wp-json\/wp\/v2\/product_cat?post=10401"},{"taxonomy":"product_tag","embeddable":true,"href":"https:\/\/nordicmart.andreevmaster.com\/sv\/wp-json\/wp\/v2\/product_tag?post=10401"}],"curies":[{"name":"wp","href":"https:\/\/api.w.org\/{rel}","templated":true}]}}