{"id":10399,"date":"2026-02-27T00:07:09","date_gmt":"2026-02-27T00:07:09","guid":{"rendered":"https:\/\/nordicmart.andreevmaster.com\/product\/vasagle-badrumsskap-fristaende-skap-badrumsmobler\/"},"modified":"2026-02-27T08:02:49","modified_gmt":"2026-02-27T08:02:49","slug":"vasagle-badrumsskap-fristaende-skap-badrumsmobler","status":"publish","type":"product","link":"https:\/\/nordicmart.andreevmaster.com\/sv\/produkt\/vasagle-badrumsskap-fristaende-skap-badrumsmobler\/","title":{"rendered":"VASAGLE badrumssk\u00e5p, frist\u00e5ende sk\u00e5p, badrumsm\u00f6bler"},"content":{"rendered":"<p>VASAGLE h\u00f6g badrumssk\u00e5p, smalt badrumssk\u00e5p, st\u00e5ende badrumssk\u00e5p, nischsk\u00e5p, 2 l\u00e5dor, 3 \u00f6ppna fack, 30 x 30 x 141,5 cm, f\u00f6r badrum, vardagsrum, k\u00f6k<br \/>\nProduktdetaljer:<\/p>\n<p>&#8211; F\u00e4rg: duvgr\u00e5<br \/>\n&#8211; Material: MDF (medeldensitetsfiberplatta)<br \/>\n&#8211; Storlek: 30 x 30 x 141,5 cm (D x B x H)<br \/>\n&#8211; Vikt: 13,1 kg<br \/>\n&#8211; Max. total statisk belastningskapacitet: 15 kg<\/p>\n<p>Leveransomfattning:<\/p>\n<p>&#8211; 1 x h\u00f6g sk\u00e5p<br \/>\n&#8211; 1 x beh\u00e5llare med tillbeh\u00f6r<br \/>\n&#8211; 1 x tippskydd<br \/>\n&#8211; 1 x bruksanvisning<\/p>\n<p>Anm\u00e4rkningar:<\/p>\n<p>&#8211; Placera produkten p\u00e5 en torr plats.<br \/>\n&#8211; Du b\u00f6r m\u00e4ta rummet d\u00e4r du vill placera badrumssk\u00e5pet innan du k\u00f6per det f\u00f6r att s\u00e4kerst\u00e4lla att produkten passar in.<br \/>\n&#8211; Du b\u00f6r f\u00e4sta sk\u00e5pet p\u00e5 v\u00e4ggen med den medf\u00f6ljande tippskyddet f\u00f6r att s\u00e4kerst\u00e4lla \u00f6kad stabilitet.<br \/>\n&#8211; Barn f\u00e5r inte kl\u00e4ttra p\u00e5 eller leka med produkten.<\/p>\n","protected":false},"excerpt":{"rendered":"<p>VASAGLE h\u00f6g badrumssk\u00e5p, smalt badrumssk\u00e5p, st\u00e5ende badrumssk\u00e5p, nischsk\u00e5p, 2 l\u00e5dor, 3 \u00f6ppna fack, 30 x 30 x 141,5 cm, f\u00f6r badrum, vardagsrum, k\u00f6k<\/p>\n","protected":false},"featured_media":38984,"comment_status":"open","ping_status":"closed","template":"","meta":[],"product_brand":[],"product_cat":[33],"product_tag":[],"class_list":{"0":"post-10399","1":"product","2":"type-product","3":"status-publish","4":"has-post-thumbnail","6":"product_cat-okategoriserad","8":"first","9":"instock","10":"shipping-taxable","11":"purchasable","12":"product-type-simple"},"_links":{"self":[{"href":"https:\/\/nordicmart.andreevmaster.com\/sv\/wp-json\/wp\/v2\/product\/10399","targetHints":{"allow":["GET"]}}],"collection":[{"href":"https:\/\/nordicmart.andreevmaster.com\/sv\/wp-json\/wp\/v2\/product"}],"about":[{"href":"https:\/\/nordicmart.andreevmaster.com\/sv\/wp-json\/wp\/v2\/types\/product"}],"replies":[{"embeddable":true,"href":"https:\/\/nordicmart.andreevmaster.com\/sv\/wp-json\/wp\/v2\/comments?post=10399"}],"wp:featuredmedia":[{"embeddable":true,"href":"https:\/\/nordicmart.andreevmaster.com\/sv\/wp-json\/wp\/v2\/media\/38984"}],"wp:attachment":[{"href":"https:\/\/nordicmart.andreevmaster.com\/sv\/wp-json\/wp\/v2\/media?parent=10399"}],"wp:term":[{"taxonomy":"product_brand","embeddable":true,"href":"https:\/\/nordicmart.andreevmaster.com\/sv\/wp-json\/wp\/v2\/product_brand?post=10399"},{"taxonomy":"product_cat","embeddable":true,"href":"https:\/\/nordicmart.andreevmaster.com\/sv\/wp-json\/wp\/v2\/product_cat?post=10399"},{"taxonomy":"product_tag","embeddable":true,"href":"https:\/\/nordicmart.andreevmaster.com\/sv\/wp-json\/wp\/v2\/product_tag?post=10399"}],"curies":[{"name":"wp","href":"https:\/\/api.w.org\/{rel}","templated":true}]}}