{"id":10395,"date":"2026-02-27T00:07:08","date_gmt":"2026-02-27T00:07:08","guid":{"rendered":"https:\/\/nordicmart.andreevmaster.com\/product\/vasagle-tvattstallsskap-underskap-underskap\/"},"modified":"2026-02-27T08:02:48","modified_gmt":"2026-02-27T08:02:48","slug":"vasagle-tvattstallsskap-underskap-underskap","status":"publish","type":"product","link":"https:\/\/nordicmart.andreevmaster.com\/sv\/produkt\/vasagle-tvattstallsskap-underskap-underskap\/","title":{"rendered":"VASAGLE Tv\u00e4ttst\u00e4llssk\u00e5p, undersk\u00e5p, undersk\u00e5p"},"content":{"rendered":"<p>Produktdetaljer: &#8211; F\u00e4rg: Gr\u00e5 &#8211; Material: MDF (medeldensitetsfiberplatta) &#8211; Storlek: 60 x 30 x 60 cm (L x B x H) &#8211; Storlek p\u00e5 \u00f6ppning f\u00f6r sifon: 20 x 15 cm (L x B) &#8211; Vikt: 9,4 kg  Leveransomfattning: &#8211; 1 x tv\u00e4ttst\u00e4llssk\u00e5p &#8211; 1 x tillbeh\u00f6rspaket &#8211; 1 x bruksanvisning VASAGLE Anm\u00e4rkningar: &#8211; Av s\u00e4kerhetssk\u00e4l \u00e4r det f\u00f6rbjudet f\u00f6r barn att kl\u00e4ttra p\u00e5 eller leka med produkten. &#8211; Observera att storleken p\u00e5 \u00f6ppningen f\u00f6r sifonr\u00f6ret \u00e4r 20 x 15 cm (L x B). M\u00e4t ditt handfat noggrant innan du k\u00f6per denna produkt.<\/p>\n","protected":false},"excerpt":{"rendered":"<p>VASAGLE tv\u00e4ttst\u00e4llssk\u00e5p, undersk\u00e5p, badrumssk\u00e5p med 2 d\u00f6rrar, justerbar hylla, mycket f\u00f6rvaringsutrymme, frist\u00e5ende, lantlig stil, 60 x 30 x 60 cm, gr\u00e5 BBC001G01<\/p>\n","protected":false},"featured_media":38980,"comment_status":"open","ping_status":"closed","template":"","meta":[],"product_brand":[],"product_cat":[33],"product_tag":[],"class_list":{"0":"post-10395","1":"product","2":"type-product","3":"status-publish","4":"has-post-thumbnail","6":"product_cat-okategoriserad","8":"first","9":"instock","10":"shipping-taxable","11":"purchasable","12":"product-type-simple"},"_links":{"self":[{"href":"https:\/\/nordicmart.andreevmaster.com\/sv\/wp-json\/wp\/v2\/product\/10395","targetHints":{"allow":["GET"]}}],"collection":[{"href":"https:\/\/nordicmart.andreevmaster.com\/sv\/wp-json\/wp\/v2\/product"}],"about":[{"href":"https:\/\/nordicmart.andreevmaster.com\/sv\/wp-json\/wp\/v2\/types\/product"}],"replies":[{"embeddable":true,"href":"https:\/\/nordicmart.andreevmaster.com\/sv\/wp-json\/wp\/v2\/comments?post=10395"}],"wp:featuredmedia":[{"embeddable":true,"href":"https:\/\/nordicmart.andreevmaster.com\/sv\/wp-json\/wp\/v2\/media\/38980"}],"wp:attachment":[{"href":"https:\/\/nordicmart.andreevmaster.com\/sv\/wp-json\/wp\/v2\/media?parent=10395"}],"wp:term":[{"taxonomy":"product_brand","embeddable":true,"href":"https:\/\/nordicmart.andreevmaster.com\/sv\/wp-json\/wp\/v2\/product_brand?post=10395"},{"taxonomy":"product_cat","embeddable":true,"href":"https:\/\/nordicmart.andreevmaster.com\/sv\/wp-json\/wp\/v2\/product_cat?post=10395"},{"taxonomy":"product_tag","embeddable":true,"href":"https:\/\/nordicmart.andreevmaster.com\/sv\/wp-json\/wp\/v2\/product_tag?post=10395"}],"curies":[{"name":"wp","href":"https:\/\/api.w.org\/{rel}","templated":true}]}}