{"id":10392,"date":"2026-02-27T00:07:08","date_gmt":"2026-02-27T00:07:08","guid":{"rendered":"https:\/\/nordicmart.andreevmaster.com\/product\/10392\/"},"modified":"2026-02-27T08:02:48","modified_gmt":"2026-02-27T08:02:48","slug":"10392","status":"publish","type":"product","link":"https:\/\/nordicmart.andreevmaster.com\/sv\/produkt\/10392\/","title":{"rendered":""},"content":{"rendered":"<p>[4 f\u00f6rvaringsniv\u00e5er] Denna badrumssk\u00e5p uppfyller olika f\u00f6rvaringsbehov i en enda enhet. Den har en 2-niv\u00e5ers nedre l\u00e5da f\u00f6r toalettpapper och badprodukter, en mellersta l\u00e5da f\u00f6r mindre f\u00f6rem\u00e5l och ett praktiskt \u00f6vre fack f\u00f6r mobiltelefonen.[Utskjutbar nedre l\u00e5da] Den nedre l\u00e5dan \u00e4r f\u00f6rsedd med hjul och glider smidigt in och ut, s\u00e5 att du kan se inneh\u00e5llet med ett \u00f6gonkast och enkelt komma \u00e5t det du beh\u00f6ver. Panelen under f\u00f6rhindrar att l\u00e5dan lossnar fr\u00e5n badrummets f\u00f6rvaringsenhet.[M\u00e5ngsidig platsbesparare] Med m\u00e5tten 40 x 18 x 70 cm passar detta lilla f\u00f6rvaringssk\u00e5p bra i sm\u00e5 utrymmen mellan toaletten och v\u00e4ggen eller i tr\u00e5nga k\u00f6ksh\u00f6rn. Dess tunna profil ger extra f\u00f6rvaringsutrymme utan att rummet blir tr\u00e5ngt.[Stabil och h\u00e5llbar] Den h\u00f6gkvalitativa MDF-skivan \u00e4r stabil och h\u00e5llbar, och tippskyddet f\u00f6rhindrar att det frist\u00e5ende sk\u00e5pet v\u00e4lter och garanterar s\u00e4ker anv\u00e4ndning \u2013 detta \u00e4r ett stabilt, smalt f\u00f6rvaringssk\u00e5p f\u00f6r badrummet som du kan lita p\u00e5!<\/p>\n<p>[Enkel montering] Tack vare de l\u00e4ttl\u00e4sta instruktionerna och numrerade delarna kan du montera detta smala f\u00f6rvaringssystem f\u00f6r badrummet i sm\u00e5 utrymmen i ditt hem innan du ens m\u00e4rker det.Tekniska uppgifter: F\u00e4rg: Vit Material: Vit, vit, vit, vit, vit, vit, vit, vit, vit, vit: MDF (medelh\u00f6g densitet fiberboard).Produktens totala storlek: 15,7 &#8221;D x 7 &#8221;B x 27,5 &#8221;H (40 x 18 x 70 cm).<br \/>\nProduktens vikt: 8,6 kg (19 lb)<br \/>\nTotal dimension Max. Statisk lastkapacitet: 10 kg (22 lb)<\/p>\n","protected":false},"excerpt":{"rendered":"<p>[4 f\u00f6rvaringsniv\u00e5er] Denna badrumssk\u00e5p uppfyller olika f\u00f6rvaringsbehov i en enda enhet. Den har en 2-niv\u00e5ers nedre l\u00e5da f\u00f6r toalettpapper och badprodukter, en mellersta l\u00e5da f\u00f6r mindre f\u00f6rem\u00e5l och ett praktiskt \u00f6vre fack f\u00f6r mobiltelefonen.[Utskjutbar nedre l\u00e5da] Den nedre l\u00e5dan \u00e4r f\u00f6rsedd med hjul och glider smidigt in och ut, s\u00e5 att du kan se inneh\u00e5llet [&hellip;]<\/p>\n","protected":false},"featured_media":0,"comment_status":"open","ping_status":"closed","template":"","meta":[],"product_brand":[],"product_cat":[33],"product_tag":[],"class_list":{"0":"post-10392","1":"product","2":"type-product","3":"status-publish","5":"product_cat-okategoriserad","7":"first","8":"instock","9":"shipping-taxable","10":"product-type-simple"},"_links":{"self":[{"href":"https:\/\/nordicmart.andreevmaster.com\/sv\/wp-json\/wp\/v2\/product\/10392","targetHints":{"allow":["GET"]}}],"collection":[{"href":"https:\/\/nordicmart.andreevmaster.com\/sv\/wp-json\/wp\/v2\/product"}],"about":[{"href":"https:\/\/nordicmart.andreevmaster.com\/sv\/wp-json\/wp\/v2\/types\/product"}],"replies":[{"embeddable":true,"href":"https:\/\/nordicmart.andreevmaster.com\/sv\/wp-json\/wp\/v2\/comments?post=10392"}],"wp:attachment":[{"href":"https:\/\/nordicmart.andreevmaster.com\/sv\/wp-json\/wp\/v2\/media?parent=10392"}],"wp:term":[{"taxonomy":"product_brand","embeddable":true,"href":"https:\/\/nordicmart.andreevmaster.com\/sv\/wp-json\/wp\/v2\/product_brand?post=10392"},{"taxonomy":"product_cat","embeddable":true,"href":"https:\/\/nordicmart.andreevmaster.com\/sv\/wp-json\/wp\/v2\/product_cat?post=10392"},{"taxonomy":"product_tag","embeddable":true,"href":"https:\/\/nordicmart.andreevmaster.com\/sv\/wp-json\/wp\/v2\/product_tag?post=10392"}],"curies":[{"name":"wp","href":"https:\/\/api.w.org\/{rel}","templated":true}]}}