{"id":10391,"date":"2026-02-27T00:07:08","date_gmt":"2026-02-27T00:07:08","guid":{"rendered":"https:\/\/nordicmart.andreevmaster.com\/product\/vasagle-badrumsskap-med-lador-for-toalettpapper-smalt\/"},"modified":"2026-02-27T08:02:48","modified_gmt":"2026-02-27T08:02:48","slug":"vasagle-badrumsskap-med-lador-for-toalettpapper-smalt","status":"publish","type":"product","link":"https:\/\/nordicmart.andreevmaster.com\/sv\/produkt\/vasagle-badrumsskap-med-lador-for-toalettpapper-smalt\/","title":{"rendered":"VASAGLE Badrumssk\u00e5p med l\u00e5dor f\u00f6r toalettpapper, smalt"},"content":{"rendered":"<p>VASAGLE liten badrumssk\u00e5p, smalt badrumssk\u00e5p, litet sk\u00e5p f\u00f6r toalettpapper, toalettsk\u00e5p med l\u00e5dor, st\u00e5ende f\u00f6rvaringssk\u00e5p, f\u00f6r sm\u00e5 utrymmen<br \/>\nF\u00e4rg: duvgr\u00e5<br \/>\nMaterial: MDF (medeldensitetsfiberplatta)<br \/>\nStorlek: 40 x 18 x 70 cm (D x B x H)<br \/>\nVikt: 8,6 kg<br \/>\nMax. statisk totalbelastning: 10 kg<\/p>\n","protected":false},"excerpt":{"rendered":"<p>VASAGLE liten badrumssk\u00e5p, smalt badrumssk\u00e5p, litet sk\u00e5p f\u00f6r toalettpapper, toalettsk\u00e5p med l\u00e5dor, st\u00e5ende f\u00f6rvaringssk\u00e5p, f\u00f6r sm\u00e5 utrymmen<\/p>\n","protected":false},"featured_media":38977,"comment_status":"open","ping_status":"closed","template":"","meta":[],"product_brand":[],"product_cat":[33],"product_tag":[],"class_list":{"0":"post-10391","1":"product","2":"type-product","3":"status-publish","4":"has-post-thumbnail","6":"product_cat-okategoriserad","8":"first","9":"instock","10":"shipping-taxable","11":"purchasable","12":"product-type-simple"},"_links":{"self":[{"href":"https:\/\/nordicmart.andreevmaster.com\/sv\/wp-json\/wp\/v2\/product\/10391","targetHints":{"allow":["GET"]}}],"collection":[{"href":"https:\/\/nordicmart.andreevmaster.com\/sv\/wp-json\/wp\/v2\/product"}],"about":[{"href":"https:\/\/nordicmart.andreevmaster.com\/sv\/wp-json\/wp\/v2\/types\/product"}],"replies":[{"embeddable":true,"href":"https:\/\/nordicmart.andreevmaster.com\/sv\/wp-json\/wp\/v2\/comments?post=10391"}],"wp:featuredmedia":[{"embeddable":true,"href":"https:\/\/nordicmart.andreevmaster.com\/sv\/wp-json\/wp\/v2\/media\/38977"}],"wp:attachment":[{"href":"https:\/\/nordicmart.andreevmaster.com\/sv\/wp-json\/wp\/v2\/media?parent=10391"}],"wp:term":[{"taxonomy":"product_brand","embeddable":true,"href":"https:\/\/nordicmart.andreevmaster.com\/sv\/wp-json\/wp\/v2\/product_brand?post=10391"},{"taxonomy":"product_cat","embeddable":true,"href":"https:\/\/nordicmart.andreevmaster.com\/sv\/wp-json\/wp\/v2\/product_cat?post=10391"},{"taxonomy":"product_tag","embeddable":true,"href":"https:\/\/nordicmart.andreevmaster.com\/sv\/wp-json\/wp\/v2\/product_tag?post=10391"}],"curies":[{"name":"wp","href":"https:\/\/api.w.org\/{rel}","templated":true}]}}