{"id":10390,"date":"2026-02-27T00:07:07","date_gmt":"2026-02-27T00:07:07","guid":{"rendered":"https:\/\/nordicmart.andreevmaster.com\/product\/vasagle-skap-med-toalettpappershallare\/"},"modified":"2026-02-27T08:02:48","modified_gmt":"2026-02-27T08:02:48","slug":"vasagle-skap-med-toalettpappershallare","status":"publish","type":"product","link":"https:\/\/nordicmart.andreevmaster.com\/sv\/produkt\/vasagle-skap-med-toalettpappershallare\/","title":{"rendered":"VASAGLE Sk\u00e5p med toalettpappersh\u00e5llare"},"content":{"rendered":"<p>Produktdetaljer: &#8211; F\u00e4rg: Vit &#8211; Material: MDF (medeldensitetsfiberplatta)  &#8211; M\u00e5tt: 20 x 18 x 76,7 cm (D x B x H) &#8211; Vikt: 5,2 kg &#8211; Max. statisk belastningskapacitet f\u00f6r hyllan ovanp\u00e5: 5 kg Leveransomfattning: &#8211; 1 x f\u00f6rvaringssk\u00e5p &#8211; 1 x tillbeh\u00f6rspaket &#8211; 1 x bruksanvisning VASAGLE Anm\u00e4rkningar: &#8211; F\u00e4st denna produkt p\u00e5 v\u00e4ggen med den medf\u00f6ljande tippskyddet f\u00f6r att s\u00e4kerst\u00e4lla s\u00e4ker anv\u00e4ndning.<\/p>\n","protected":false},"excerpt":{"rendered":"<p>VASAGLE toalettsk\u00e5p, badrumssk\u00e5p, badrumshylla, med justerbar hylla, vattent\u00e4ta f\u00f6tter, f\u00f6r sm\u00e5 utrymmen, vit BBC846P31<\/p>\n","protected":false},"featured_media":38976,"comment_status":"open","ping_status":"closed","template":"","meta":[],"product_brand":[],"product_cat":[33],"product_tag":[],"class_list":{"0":"post-10390","1":"product","2":"type-product","3":"status-publish","4":"has-post-thumbnail","6":"product_cat-okategoriserad","8":"first","9":"instock","10":"shipping-taxable","11":"purchasable","12":"product-type-simple"},"_links":{"self":[{"href":"https:\/\/nordicmart.andreevmaster.com\/sv\/wp-json\/wp\/v2\/product\/10390","targetHints":{"allow":["GET"]}}],"collection":[{"href":"https:\/\/nordicmart.andreevmaster.com\/sv\/wp-json\/wp\/v2\/product"}],"about":[{"href":"https:\/\/nordicmart.andreevmaster.com\/sv\/wp-json\/wp\/v2\/types\/product"}],"replies":[{"embeddable":true,"href":"https:\/\/nordicmart.andreevmaster.com\/sv\/wp-json\/wp\/v2\/comments?post=10390"}],"wp:featuredmedia":[{"embeddable":true,"href":"https:\/\/nordicmart.andreevmaster.com\/sv\/wp-json\/wp\/v2\/media\/38976"}],"wp:attachment":[{"href":"https:\/\/nordicmart.andreevmaster.com\/sv\/wp-json\/wp\/v2\/media?parent=10390"}],"wp:term":[{"taxonomy":"product_brand","embeddable":true,"href":"https:\/\/nordicmart.andreevmaster.com\/sv\/wp-json\/wp\/v2\/product_brand?post=10390"},{"taxonomy":"product_cat","embeddable":true,"href":"https:\/\/nordicmart.andreevmaster.com\/sv\/wp-json\/wp\/v2\/product_cat?post=10390"},{"taxonomy":"product_tag","embeddable":true,"href":"https:\/\/nordicmart.andreevmaster.com\/sv\/wp-json\/wp\/v2\/product_tag?post=10390"}],"curies":[{"name":"wp","href":"https:\/\/api.w.org\/{rel}","templated":true}]}}