{"id":10388,"date":"2026-02-27T00:07:07","date_gmt":"2026-02-27T00:07:07","guid":{"rendered":"https:\/\/nordicmart.andreevmaster.com\/product\/vasagle-badrumsskap-med-oppna-fack\/"},"modified":"2026-02-27T08:02:48","modified_gmt":"2026-02-27T08:02:48","slug":"vasagle-badrumsskap-med-oppna-fack","status":"publish","type":"product","link":"https:\/\/nordicmart.andreevmaster.com\/sv\/produkt\/vasagle-badrumsskap-med-oppna-fack\/","title":{"rendered":"VASAGLE badrumssk\u00e5p med \u00f6ppna fack"},"content":{"rendered":"<p>Det finns inget b\u00e4ttre \u00e4n att efter ett varmt bubbelbad svepa in sig i en mjuk handduk och sm\u00f6rja in sig med doftande lotion. Detta f\u00f6rvaringssk\u00e5p erbjuder tillr\u00e4ckligt med f\u00f6rvaringsutrymme f\u00f6r dina badtillbeh\u00f6r. M\u00e5ngsidiga f\u00f6rvaringsm\u00f6jligheter Sk\u00f6nhetsprodukter och badsalt passar perfekt p\u00e5 de \u00f6ppna hyllplan. Reng\u00f6ringsmedel och andra f\u00f6rem\u00e5l g\u00f6mmer du b\u00e4st bakom dubbeld\u00f6rren. St\u00e4ll dessutom en doftljus p\u00e5 den \u00f6versta hyllan f\u00f6r att ge ditt badrum en romantisk atmosf\u00e4r. En riktig allroundm\u00f6bel Mer \u00e4n bara ett badrumssk\u00e5p! Denna m\u00f6bel passar \u00e4ven i ditt k\u00f6k f\u00f6r f\u00f6rvaring av mikrov\u00e5gsugn och kastruller, och i vardagsrummet f\u00f6r f\u00f6rvaring av b\u00f6cker och fotoramar. Eller anv\u00e4nd sk\u00e5pet i hallen f\u00f6r att f\u00f6rvara nycklar och pl\u00e5nb\u00f6cker s\u00e5 att du alltid har dem till hands. Vad har du f\u00f6r plan? Produktdetaljer: &#8211; F\u00e4rg: Mattvit &#8211; Material: E1-klass MDF (medeldensitetsfiberplatta) &#8211; Storlek: 60 x 32,5 x 122 cm (L x B x H) &#8211; Vikt: 17,7 kg &#8211; Max. total statisk belastningskapacitet: 20 kg Leveransomfattning: &#8211; 1 x badrumssk\u00e5p &#8211; 1 x tillbeh\u00f6rspaket &#8211; 1 x tippskydd &#8211; 1 x instruktioner (DE, EN, FR, ES, IT) VASAGLE Anm\u00e4rkningar:- F\u00e4st denna produkt p\u00e5 v\u00e4ggen med det medf\u00f6ljande tippskyddet f\u00f6r att garantera s\u00e4ker anv\u00e4ndning. &#8211; Av s\u00e4kerhetssk\u00e4l \u00e4r det f\u00f6rbjudet f\u00f6r barn att kl\u00e4ttra p\u00e5 eller leka med produkten. &#8211; Om du vill placera din mikrov\u00e5gsugn p\u00e5 denna hylla b\u00f6r du f\u00f6rst m\u00e4ta den f\u00f6r att s\u00e4kerst\u00e4lla att mikrov\u00e5gsugnen passar in.<\/p>\n","protected":false},"excerpt":{"rendered":"<p>VASAGLE badrumssk\u00e5p, badrumssk\u00e5p, h\u00f6g sk\u00e5p, bokhylla, med 2 \u00f6ppna hyllplan och 2 d\u00f6rrar, 60 x 32,5 x 122 cm, vardagsrum, k\u00f6k, arbetsrum, hall, mattvit BBC81WT<\/p>\n","protected":false},"featured_media":38974,"comment_status":"open","ping_status":"closed","template":"","meta":[],"product_brand":[],"product_cat":[33],"product_tag":[],"class_list":{"0":"post-10388","1":"product","2":"type-product","3":"status-publish","4":"has-post-thumbnail","6":"product_cat-okategoriserad","8":"first","9":"instock","10":"shipping-taxable","11":"purchasable","12":"product-type-simple"},"_links":{"self":[{"href":"https:\/\/nordicmart.andreevmaster.com\/sv\/wp-json\/wp\/v2\/product\/10388","targetHints":{"allow":["GET"]}}],"collection":[{"href":"https:\/\/nordicmart.andreevmaster.com\/sv\/wp-json\/wp\/v2\/product"}],"about":[{"href":"https:\/\/nordicmart.andreevmaster.com\/sv\/wp-json\/wp\/v2\/types\/product"}],"replies":[{"embeddable":true,"href":"https:\/\/nordicmart.andreevmaster.com\/sv\/wp-json\/wp\/v2\/comments?post=10388"}],"wp:featuredmedia":[{"embeddable":true,"href":"https:\/\/nordicmart.andreevmaster.com\/sv\/wp-json\/wp\/v2\/media\/38974"}],"wp:attachment":[{"href":"https:\/\/nordicmart.andreevmaster.com\/sv\/wp-json\/wp\/v2\/media?parent=10388"}],"wp:term":[{"taxonomy":"product_brand","embeddable":true,"href":"https:\/\/nordicmart.andreevmaster.com\/sv\/wp-json\/wp\/v2\/product_brand?post=10388"},{"taxonomy":"product_cat","embeddable":true,"href":"https:\/\/nordicmart.andreevmaster.com\/sv\/wp-json\/wp\/v2\/product_cat?post=10388"},{"taxonomy":"product_tag","embeddable":true,"href":"https:\/\/nordicmart.andreevmaster.com\/sv\/wp-json\/wp\/v2\/product_tag?post=10388"}],"curies":[{"name":"wp","href":"https:\/\/api.w.org\/{rel}","templated":true}]}}