{"id":10386,"date":"2026-02-27T00:07:07","date_gmt":"2026-02-27T00:07:07","guid":{"rendered":"https:\/\/nordicmart.andreevmaster.com\/product\/vasagle-badrumsskap-med-2-dorrar-och-hyllplan-duvgra\/"},"modified":"2026-02-27T08:02:47","modified_gmt":"2026-02-27T08:02:47","slug":"vasagle-badrumsskap-med-2-dorrar-och-hyllplan-duvgra","status":"publish","type":"product","link":"https:\/\/nordicmart.andreevmaster.com\/sv\/produkt\/vasagle-badrumsskap-med-2-dorrar-och-hyllplan-duvgra\/","title":{"rendered":"VASAGLE badrumssk\u00e5p med 2 d\u00f6rrar och hyllplan, duvgr\u00e5"},"content":{"rendered":"<p>VASAGLE badrumssk\u00e5p, badrumssk\u00e5p med 2 d\u00f6rrar, 2 justerbara hyllplan, 30 x 60 x 100 cm, sk\u00e5p f\u00f6r matsal, k\u00f6k, vardagsrum, molnvit BBC770W01<br \/>\nF\u00e4rg: Duvgr\u00e5<br \/>\nMaterial: MDF (medeldensitetsfiberplatta)<br \/>\nStorlek: 30 x 60 x 100 cm (B x L x H)<br \/>\nVikt: 17,3 kg<br \/>\nMax. statisk belastningskapacitet f\u00f6r den \u00f6versta \u00f6ppna hyllan: 20 kg<br \/>\nMax. statisk belastningskapacitet f\u00f6r den andra \u00f6ppna hyllan: 30 kg<br \/>\nMax. statisk belastningskapacitet f\u00f6r varje hyllplan: 20 kg<\/p>\n","protected":false},"excerpt":{"rendered":"<p>VASAGLE badrumssk\u00e5p, badrumssk\u00e5p med 2 d\u00f6rrar, 2 justerbara hyllplan, 30 x 60 x 100 cm, sk\u00e5p f\u00f6r matsal, k\u00f6k, vardagsrum, molnvit BBC770W01<\/p>\n","protected":false},"featured_media":38972,"comment_status":"open","ping_status":"closed","template":"","meta":[],"product_brand":[],"product_cat":[33],"product_tag":[],"class_list":{"0":"post-10386","1":"product","2":"type-product","3":"status-publish","4":"has-post-thumbnail","6":"product_cat-okategoriserad","8":"first","9":"instock","10":"shipping-taxable","11":"purchasable","12":"product-type-simple"},"_links":{"self":[{"href":"https:\/\/nordicmart.andreevmaster.com\/sv\/wp-json\/wp\/v2\/product\/10386","targetHints":{"allow":["GET"]}}],"collection":[{"href":"https:\/\/nordicmart.andreevmaster.com\/sv\/wp-json\/wp\/v2\/product"}],"about":[{"href":"https:\/\/nordicmart.andreevmaster.com\/sv\/wp-json\/wp\/v2\/types\/product"}],"replies":[{"embeddable":true,"href":"https:\/\/nordicmart.andreevmaster.com\/sv\/wp-json\/wp\/v2\/comments?post=10386"}],"wp:featuredmedia":[{"embeddable":true,"href":"https:\/\/nordicmart.andreevmaster.com\/sv\/wp-json\/wp\/v2\/media\/38972"}],"wp:attachment":[{"href":"https:\/\/nordicmart.andreevmaster.com\/sv\/wp-json\/wp\/v2\/media?parent=10386"}],"wp:term":[{"taxonomy":"product_brand","embeddable":true,"href":"https:\/\/nordicmart.andreevmaster.com\/sv\/wp-json\/wp\/v2\/product_brand?post=10386"},{"taxonomy":"product_cat","embeddable":true,"href":"https:\/\/nordicmart.andreevmaster.com\/sv\/wp-json\/wp\/v2\/product_cat?post=10386"},{"taxonomy":"product_tag","embeddable":true,"href":"https:\/\/nordicmart.andreevmaster.com\/sv\/wp-json\/wp\/v2\/product_tag?post=10386"}],"curies":[{"name":"wp","href":"https:\/\/api.w.org\/{rel}","templated":true}]}}