{"id":10384,"date":"2026-02-27T00:07:06","date_gmt":"2026-02-27T00:07:06","guid":{"rendered":"https:\/\/nordicmart.andreevmaster.com\/product\/vasagle-badrumsskap-med-justerbara-hyllor-och-oppna\/"},"modified":"2026-02-27T08:02:47","modified_gmt":"2026-02-27T08:02:47","slug":"vasagle-badrumsskap-med-justerbara-hyllor-och-oppna","status":"publish","type":"product","link":"https:\/\/nordicmart.andreevmaster.com\/sv\/produkt\/vasagle-badrumsskap-med-justerbara-hyllor-och-oppna\/","title":{"rendered":"VASAGLE Badrumssk\u00e5p med justerbara hyllor och \u00f6ppna"},"content":{"rendered":"<p>VASAGLE badrumssk\u00e5p, h\u00f6gt, smalt f\u00f6rvaringssk\u00e5p, med justerbara hyllor, l\u00e5da, \u00f6ppna fack, f\u00f6r sm\u00e5 utrymmen, modernt, duvgr\u00e5tt BBC765G02<br \/>\nF\u00e4rg: duvgr\u00e5<br \/>\nMaterial: MDF (medeldensitetsfiberplatta)<br \/>\nStorlek: 19,5 x 21,4 x 180 (D x B x H)<br \/>\nVikt: 9,7 kg<br \/>\nMax. statisk belastningskapacitet f\u00f6r varje justerbar hylla: 5 kg<br \/>\nMax. statisk belastningskapacitet totalt: 45 kg<\/p>\n","protected":false},"excerpt":{"rendered":"<p>VASAGLE badrumssk\u00e5p, h\u00f6gt, smalt f\u00f6rvaringssk\u00e5p, med justerbara hyllor, l\u00e5da, \u00f6ppna fack, f\u00f6r sm\u00e5 utrymmen, modernt, duvgr\u00e5tt BBC765G02<\/p>\n","protected":false},"featured_media":38970,"comment_status":"open","ping_status":"closed","template":"","meta":[],"product_brand":[],"product_cat":[33],"product_tag":[],"class_list":{"0":"post-10384","1":"product","2":"type-product","3":"status-publish","4":"has-post-thumbnail","6":"product_cat-okategoriserad","8":"first","9":"instock","10":"shipping-taxable","11":"purchasable","12":"product-type-simple"},"_links":{"self":[{"href":"https:\/\/nordicmart.andreevmaster.com\/sv\/wp-json\/wp\/v2\/product\/10384","targetHints":{"allow":["GET"]}}],"collection":[{"href":"https:\/\/nordicmart.andreevmaster.com\/sv\/wp-json\/wp\/v2\/product"}],"about":[{"href":"https:\/\/nordicmart.andreevmaster.com\/sv\/wp-json\/wp\/v2\/types\/product"}],"replies":[{"embeddable":true,"href":"https:\/\/nordicmart.andreevmaster.com\/sv\/wp-json\/wp\/v2\/comments?post=10384"}],"wp:featuredmedia":[{"embeddable":true,"href":"https:\/\/nordicmart.andreevmaster.com\/sv\/wp-json\/wp\/v2\/media\/38970"}],"wp:attachment":[{"href":"https:\/\/nordicmart.andreevmaster.com\/sv\/wp-json\/wp\/v2\/media?parent=10384"}],"wp:term":[{"taxonomy":"product_brand","embeddable":true,"href":"https:\/\/nordicmart.andreevmaster.com\/sv\/wp-json\/wp\/v2\/product_brand?post=10384"},{"taxonomy":"product_cat","embeddable":true,"href":"https:\/\/nordicmart.andreevmaster.com\/sv\/wp-json\/wp\/v2\/product_cat?post=10384"},{"taxonomy":"product_tag","embeddable":true,"href":"https:\/\/nordicmart.andreevmaster.com\/sv\/wp-json\/wp\/v2\/product_tag?post=10384"}],"curies":[{"name":"wp","href":"https:\/\/api.w.org\/{rel}","templated":true}]}}