{"id":10383,"date":"2026-02-27T00:07:06","date_gmt":"2026-02-27T00:07:06","guid":{"rendered":"https:\/\/nordicmart.andreevmaster.com\/product\/vasagle-badrumsskap-med-tvattkorg-40-x-40-x-170-cm\/"},"modified":"2026-02-27T08:02:47","modified_gmt":"2026-02-27T08:02:47","slug":"vasagle-badrumsskap-med-tvattkorg-40-x-40-x-170-cm","status":"publish","type":"product","link":"https:\/\/nordicmart.andreevmaster.com\/sv\/produkt\/vasagle-badrumsskap-med-tvattkorg-40-x-40-x-170-cm\/","title":{"rendered":"VASAGLE badrumssk\u00e5p med tv\u00e4ttkorg 40 x 40 x 170 cm"},"content":{"rendered":"<p>VASAGLE badrumssk\u00e5p med tv\u00e4ttkorg, h\u00f6gt badrumssk\u00e5p, avtagbar tv\u00e4ttp\u00e5se med handtag, med d\u00f6rr, justerbar hylla, 40 x 40 x 170 cm, molnvit BBC761W01<br \/>\nF\u00e4rg: Molnvit<br \/>\nMaterial: MDF (medeldensitetsfiberplatta), polyestertyg<br \/>\nStorlek: 40 x 40 x 170 cm (D x B x H)<br \/>\nVikt: 24 kg<br \/>\nStatisk belastningskapacitet f\u00f6r hyllan: 20 kg<br \/>\nStatisk belastningskapacitet f\u00f6r l\u00e5dan: 20 kg<br \/>\nStatisk belastningskapacitet f\u00f6r tv\u00e4ttkorgen: 20 kg<\/p>\n","protected":false},"excerpt":{"rendered":"<p>VASAGLE badrumssk\u00e5p med tv\u00e4ttkorg, h\u00f6gt badrumssk\u00e5p, avtagbar tv\u00e4ttp\u00e5se med handtag, med d\u00f6rr, justerbar hylla, 40 x 40 x 170 cm, molnvit BBC761W01<\/p>\n","protected":false},"featured_media":38969,"comment_status":"open","ping_status":"closed","template":"","meta":[],"product_brand":[],"product_cat":[33],"product_tag":[],"class_list":{"0":"post-10383","1":"product","2":"type-product","3":"status-publish","4":"has-post-thumbnail","6":"product_cat-okategoriserad","8":"first","9":"instock","10":"shipping-taxable","11":"purchasable","12":"product-type-simple"},"_links":{"self":[{"href":"https:\/\/nordicmart.andreevmaster.com\/sv\/wp-json\/wp\/v2\/product\/10383","targetHints":{"allow":["GET"]}}],"collection":[{"href":"https:\/\/nordicmart.andreevmaster.com\/sv\/wp-json\/wp\/v2\/product"}],"about":[{"href":"https:\/\/nordicmart.andreevmaster.com\/sv\/wp-json\/wp\/v2\/types\/product"}],"replies":[{"embeddable":true,"href":"https:\/\/nordicmart.andreevmaster.com\/sv\/wp-json\/wp\/v2\/comments?post=10383"}],"wp:featuredmedia":[{"embeddable":true,"href":"https:\/\/nordicmart.andreevmaster.com\/sv\/wp-json\/wp\/v2\/media\/38969"}],"wp:attachment":[{"href":"https:\/\/nordicmart.andreevmaster.com\/sv\/wp-json\/wp\/v2\/media?parent=10383"}],"wp:term":[{"taxonomy":"product_brand","embeddable":true,"href":"https:\/\/nordicmart.andreevmaster.com\/sv\/wp-json\/wp\/v2\/product_brand?post=10383"},{"taxonomy":"product_cat","embeddable":true,"href":"https:\/\/nordicmart.andreevmaster.com\/sv\/wp-json\/wp\/v2\/product_cat?post=10383"},{"taxonomy":"product_tag","embeddable":true,"href":"https:\/\/nordicmart.andreevmaster.com\/sv\/wp-json\/wp\/v2\/product_tag?post=10383"}],"curies":[{"name":"wp","href":"https:\/\/api.w.org\/{rel}","templated":true}]}}