{"id":10381,"date":"2026-02-27T00:07:06","date_gmt":"2026-02-27T00:07:06","guid":{"rendered":"https:\/\/nordicmart.andreevmaster.com\/product\/vasagle-badrumsskap-med-justerbara-hyllplan-molnvit\/"},"modified":"2026-02-27T08:02:47","modified_gmt":"2026-02-27T08:02:47","slug":"vasagle-badrumsskap-med-justerbara-hyllplan-molnvit","status":"publish","type":"product","link":"https:\/\/nordicmart.andreevmaster.com\/sv\/produkt\/vasagle-badrumsskap-med-justerbara-hyllplan-molnvit\/","title":{"rendered":"VASAGLE badrumssk\u00e5p med justerbara hyllplan molnvit"},"content":{"rendered":"<p>VASAGLE badrumssk\u00e5p, platsbesparande badrumssk\u00e5p, toalettpappersh\u00e5llare, toalettborsth\u00e5llare, skjutd\u00f6rrar, justerbara hyllor, bredvid toaletten, 20 x 60 x 80 cm, molnvit BBC752W01<br \/>\nF\u00e4rg: Molnvit<br \/>\nMaterial: MDF (medeldensitetsfiberplatta)<br \/>\nStorlek: 20 x 60 x 80 cm (D x B x H)<br \/>\nVikt: 13,2 kg<br \/>\nMax. statisk belastningskapacitet f\u00f6r den \u00f6vre hyllan: 30 kg<br \/>\nMax. statisk belastningskapacitet f\u00f6r varje hylla bakom sk\u00e5pd\u00f6rrarna (utom toalettpappersh\u00e5llare): 10 kg<\/p>\n","protected":false},"excerpt":{"rendered":"<p>VASAGLE badrumssk\u00e5p, platsbesparande badrumssk\u00e5p, toalettpappersh\u00e5llare, toalettborsth\u00e5llare, skjutd\u00f6rrar, justerbara hyllor, bredvid toaletten, 20 x 60 x 80 cm, molnvit BBC752W01<\/p>\n","protected":false},"featured_media":0,"comment_status":"open","ping_status":"closed","template":"","meta":[],"product_brand":[],"product_cat":[33],"product_tag":[],"class_list":{"0":"post-10381","1":"product","2":"type-product","3":"status-publish","5":"product_cat-okategoriserad","7":"first","8":"instock","9":"shipping-taxable","10":"purchasable","11":"product-type-simple"},"_links":{"self":[{"href":"https:\/\/nordicmart.andreevmaster.com\/sv\/wp-json\/wp\/v2\/product\/10381","targetHints":{"allow":["GET"]}}],"collection":[{"href":"https:\/\/nordicmart.andreevmaster.com\/sv\/wp-json\/wp\/v2\/product"}],"about":[{"href":"https:\/\/nordicmart.andreevmaster.com\/sv\/wp-json\/wp\/v2\/types\/product"}],"replies":[{"embeddable":true,"href":"https:\/\/nordicmart.andreevmaster.com\/sv\/wp-json\/wp\/v2\/comments?post=10381"}],"wp:attachment":[{"href":"https:\/\/nordicmart.andreevmaster.com\/sv\/wp-json\/wp\/v2\/media?parent=10381"}],"wp:term":[{"taxonomy":"product_brand","embeddable":true,"href":"https:\/\/nordicmart.andreevmaster.com\/sv\/wp-json\/wp\/v2\/product_brand?post=10381"},{"taxonomy":"product_cat","embeddable":true,"href":"https:\/\/nordicmart.andreevmaster.com\/sv\/wp-json\/wp\/v2\/product_cat?post=10381"},{"taxonomy":"product_tag","embeddable":true,"href":"https:\/\/nordicmart.andreevmaster.com\/sv\/wp-json\/wp\/v2\/product_tag?post=10381"}],"curies":[{"name":"wp","href":"https:\/\/api.w.org\/{rel}","templated":true}]}}