{"id":10380,"date":"2026-02-27T00:07:05","date_gmt":"2026-02-27T00:07:05","guid":{"rendered":"https:\/\/nordicmart.andreevmaster.com\/product\/vasagle-badrumsskap-med-tvattkorgar-och-lador-molnvit\/"},"modified":"2026-02-27T08:02:47","modified_gmt":"2026-02-27T08:02:47","slug":"vasagle-badrumsskap-med-tvattkorgar-och-lador-molnvit","status":"publish","type":"product","link":"https:\/\/nordicmart.andreevmaster.com\/sv\/produkt\/vasagle-badrumsskap-med-tvattkorgar-och-lador-molnvit\/","title":{"rendered":"VASAGLE badrumssk\u00e5p med tv\u00e4ttkorgar och l\u00e5dor molnvit"},"content":{"rendered":"<p>VASAGLE Badrumssk\u00e5p med tv\u00e4ttkorg, tv\u00e4ttsk\u00e5p, badrumssk\u00e5p med 1 l\u00e5da och 1 tv\u00e4ttl\u00e5da, avtagbar innerp\u00e5se med handtag, 40 x 40 x 80,2 cm, molnvit BBC741W01<br \/>\n&#8211; F\u00e4rg: Molnvit<br \/>\n&#8211; Material: MDF (medeldensitetsfiberplatta), polyesterv\u00e4v<br \/>\n&#8211; Storlek: 40 x 78,9 x 80,2 cm (D x B x H)<br \/>\n&#8211; Vikt: 24 kg<br \/>\n&#8211; Maximal statisk belastningskapacitet f\u00f6r locket: 60 kg<br \/>\n&#8211; Max. statisk belastningskapacitet per l\u00e5da: 10 kg<br \/>\n&#8211; Max. statisk belastningskapacitet per tv\u00e4ttkorg: 20 kg<\/p>\n","protected":false},"excerpt":{"rendered":"<p>VASAGLE Badrumssk\u00e5p med tv\u00e4ttkorg, tv\u00e4ttsk\u00e5p, badrumssk\u00e5p med 1 l\u00e5da och 1 tv\u00e4ttl\u00e5da, avtagbar innerp\u00e5se med handtag, 40 x 40 x 80,2 cm, molnvit BBC741W01<\/p>\n","protected":false},"featured_media":38967,"comment_status":"open","ping_status":"closed","template":"","meta":[],"product_brand":[],"product_cat":[33],"product_tag":[],"class_list":{"0":"post-10380","1":"product","2":"type-product","3":"status-publish","4":"has-post-thumbnail","6":"product_cat-okategoriserad","8":"first","9":"instock","10":"shipping-taxable","11":"purchasable","12":"product-type-simple"},"_links":{"self":[{"href":"https:\/\/nordicmart.andreevmaster.com\/sv\/wp-json\/wp\/v2\/product\/10380","targetHints":{"allow":["GET"]}}],"collection":[{"href":"https:\/\/nordicmart.andreevmaster.com\/sv\/wp-json\/wp\/v2\/product"}],"about":[{"href":"https:\/\/nordicmart.andreevmaster.com\/sv\/wp-json\/wp\/v2\/types\/product"}],"replies":[{"embeddable":true,"href":"https:\/\/nordicmart.andreevmaster.com\/sv\/wp-json\/wp\/v2\/comments?post=10380"}],"wp:featuredmedia":[{"embeddable":true,"href":"https:\/\/nordicmart.andreevmaster.com\/sv\/wp-json\/wp\/v2\/media\/38967"}],"wp:attachment":[{"href":"https:\/\/nordicmart.andreevmaster.com\/sv\/wp-json\/wp\/v2\/media?parent=10380"}],"wp:term":[{"taxonomy":"product_brand","embeddable":true,"href":"https:\/\/nordicmart.andreevmaster.com\/sv\/wp-json\/wp\/v2\/product_brand?post=10380"},{"taxonomy":"product_cat","embeddable":true,"href":"https:\/\/nordicmart.andreevmaster.com\/sv\/wp-json\/wp\/v2\/product_cat?post=10380"},{"taxonomy":"product_tag","embeddable":true,"href":"https:\/\/nordicmart.andreevmaster.com\/sv\/wp-json\/wp\/v2\/product_tag?post=10380"}],"curies":[{"name":"wp","href":"https:\/\/api.w.org\/{rel}","templated":true}]}}