{"id":10377,"date":"2026-02-27T00:07:05","date_gmt":"2026-02-27T00:07:05","guid":{"rendered":"https:\/\/nordicmart.andreevmaster.com\/product\/vasagle-badrumsskap-i-marmorlook\/"},"modified":"2026-02-27T08:02:46","modified_gmt":"2026-02-27T08:02:46","slug":"vasagle-badrumsskap-i-marmorlook","status":"publish","type":"product","link":"https:\/\/nordicmart.andreevmaster.com\/sv\/produkt\/vasagle-badrumsskap-i-marmorlook\/","title":{"rendered":"VASAGLE badrumssk\u00e5p i marmorlook"},"content":{"rendered":"<p>F\u00f6rh\u00f6j v\u00e4rdet p\u00e5 ditt badrum Det marmorliknande tryckm\u00f6nstret ger ditt badrum en elegant touch, de triangul\u00e4ra handtagen p\u00e5 sk\u00e5pd\u00f6rrarna \u00e4r mer \u00e4n unika och den vita f\u00e4rgen ger ditt badrum en fr\u00e4sch k\u00e4nsla. Samspelet mellan dessa element skapar en v\u00e4nlig atmosf\u00e4r d\u00e4r du kan koppla av och ladda batterierna.Redo f\u00f6r stor anv\u00e4ndning Detta sk\u00e5p passar inte bara i badrummet utan \u00e4ven i andra rum \u2013 k\u00f6ksredskap, b\u00f6cker, krukv\u00e4xter eller fotoramar passar perfekt in i det. Oavsett var du placerar det \u00e4r det en praktisk f\u00f6rvaringshj\u00e4lpreda f\u00f6r dig \u00f6verallt. Om du gillar detta badrumssk\u00e5p b\u00f6r du \u00e4ven titta p\u00e5 de andra badrumsm\u00f6blerna med marmorliknande tryckm\u00f6nster fr\u00e5n VASAGLE!Produktdetaljer: &#8211; F\u00e4rg: Vit &#8211; Material: E1-klass MDF (medeldensitetsfiberplatta) &#8211; Storlek: 60 x 30 x 80 cm (L x B x H) &#8211; Vikt: 13,2 kg &#8211; Max. total statisk belastningskapacitet: 15 kg Leveransomfattning:- 1 x badrumssk\u00e5p &#8211; 1 x tillbeh\u00f6rsp\u00e5se &#8211; 1 x bruksanvisning (DE, EN, FR, ES, IT) VASAGLE Anm\u00e4rkningar: &#8211; Du b\u00f6r f\u00e4sta sk\u00e5pet p\u00e5 v\u00e4ggen med den medf\u00f6ljande tippskyddet. &#8211; Barn f\u00e5r inte kl\u00e4ttra p\u00e5 eller leka med produkten.<\/p>\n","protected":false},"excerpt":{"rendered":"<p>VASAGLE badrumssk\u00e5p, badrumssk\u00e5p, med marmorliknande tryckm\u00f6nster, med \u00f6ppet fack, justerbar hyllplan och sk\u00e5pd\u00f6rrar, 60 x 30 x 80 cm, vit BBC68WT<\/p>\n","protected":false},"featured_media":38964,"comment_status":"open","ping_status":"closed","template":"","meta":[],"product_brand":[],"product_cat":[33],"product_tag":[],"class_list":{"0":"post-10377","1":"product","2":"type-product","3":"status-publish","4":"has-post-thumbnail","6":"product_cat-okategoriserad","8":"first","9":"instock","10":"shipping-taxable","11":"purchasable","12":"product-type-simple"},"_links":{"self":[{"href":"https:\/\/nordicmart.andreevmaster.com\/sv\/wp-json\/wp\/v2\/product\/10377","targetHints":{"allow":["GET"]}}],"collection":[{"href":"https:\/\/nordicmart.andreevmaster.com\/sv\/wp-json\/wp\/v2\/product"}],"about":[{"href":"https:\/\/nordicmart.andreevmaster.com\/sv\/wp-json\/wp\/v2\/types\/product"}],"replies":[{"embeddable":true,"href":"https:\/\/nordicmart.andreevmaster.com\/sv\/wp-json\/wp\/v2\/comments?post=10377"}],"wp:featuredmedia":[{"embeddable":true,"href":"https:\/\/nordicmart.andreevmaster.com\/sv\/wp-json\/wp\/v2\/media\/38964"}],"wp:attachment":[{"href":"https:\/\/nordicmart.andreevmaster.com\/sv\/wp-json\/wp\/v2\/media?parent=10377"}],"wp:term":[{"taxonomy":"product_brand","embeddable":true,"href":"https:\/\/nordicmart.andreevmaster.com\/sv\/wp-json\/wp\/v2\/product_brand?post=10377"},{"taxonomy":"product_cat","embeddable":true,"href":"https:\/\/nordicmart.andreevmaster.com\/sv\/wp-json\/wp\/v2\/product_cat?post=10377"},{"taxonomy":"product_tag","embeddable":true,"href":"https:\/\/nordicmart.andreevmaster.com\/sv\/wp-json\/wp\/v2\/product_tag?post=10377"}],"curies":[{"name":"wp","href":"https:\/\/api.w.org\/{rel}","templated":true}]}}