{"id":10376,"date":"2026-02-27T00:07:05","date_gmt":"2026-02-27T00:07:05","guid":{"rendered":"https:\/\/nordicmart.andreevmaster.com\/product\/vasagle-skap-med-3-oppna-fack\/"},"modified":"2026-02-27T08:02:46","modified_gmt":"2026-02-27T08:02:46","slug":"vasagle-skap-med-3-oppna-fack","status":"publish","type":"product","link":"https:\/\/nordicmart.andreevmaster.com\/sv\/produkt\/vasagle-skap-med-3-oppna-fack\/","title":{"rendered":"VASAGLE sk\u00e5p med 3 \u00f6ppna fack"},"content":{"rendered":"<p>Goda nyheter f\u00f6r sm\u00e5 badrum Saknar du f\u00f6rvaringsutrymme i ditt lilla badrum? Denna h\u00f6ga sk\u00e5p kommer till unds\u00e4ttning! Kompakt, men \u00e4nd\u00e5 rymlig, erbjuder den tillr\u00e4ckligt med plats f\u00f6r alla dina badrumsartiklar och tar \u00e4nd\u00e5 lite plats p\u00e5 golvet. \u00d6ppen eller hellre st\u00e4ngd? De 3 \u00f6ppna facken erbjuder plats f\u00f6r ofta anv\u00e4nda v\u00e5rdprodukter, s\u00e5 att du enkelt kan komma \u00e5t dem n\u00e4r du g\u00f6r dig i ordning p\u00e5 morgonen. I l\u00e5dan och bakom de tv\u00e5 sk\u00e5pd\u00f6rrarna kan du f\u00f6rvara andra f\u00f6rem\u00e5l diskret. Om du gillar detta badrumssk\u00e5p b\u00f6r du ocks\u00e5 titta p\u00e5 de andra badrumsm\u00f6blerna fr\u00e5n VASAGLE! Produktdetaljer: &#8211; F\u00e4rg: Vit &#8211; Material: E1-klass MDF (medeldensitetsfiberplatta) &#8211; Storlek: 60 x 32,5 x 154 cm (L x B x H) &#8211; Vikt: 19,5 kg &#8211; Max. total statisk belastningskapacitet: 20 kg Leveransomfattning: &#8211; 1 x h\u00f6g sk\u00e5p &#8211; 1 x tillbeh\u00f6rsp\u00e5se &#8211; 1 x instruktioner (DE, EN, FR, ES, IT) VASAGLE Anm\u00e4rkningar:- Sk\u00e5pet ska f\u00e4stas i v\u00e4ggen med den medf\u00f6ljande tippskyddsanordningen. &#8211; Barn f\u00e5r inte kl\u00e4ttra p\u00e5 eller leka med produkten. &#8211; Om du vill placera din mikrov\u00e5gsugn p\u00e5 detta sk\u00e5p b\u00f6r du f\u00f6rst m\u00e4ta det f\u00f6r att s\u00e4kerst\u00e4lla att mikrov\u00e5gsugnen f\u00e5r plats.<\/p>\n","protected":false},"excerpt":{"rendered":"<p>VASAGLE h\u00f6g sk\u00e5p, badrumssk\u00e5p, frist\u00e5ende badrumssk\u00e5p, bokhylla, 3 \u00f6ppna fack, 1 l\u00e5da och 2 sk\u00e5pd\u00f6rrar, 60 x 32,5 x 154 cm, hall, k\u00f6k, arbetsrum, vit BBC67WT<\/p>\n","protected":false},"featured_media":38963,"comment_status":"open","ping_status":"closed","template":"","meta":[],"product_brand":[],"product_cat":[33],"product_tag":[],"class_list":{"0":"post-10376","1":"product","2":"type-product","3":"status-publish","4":"has-post-thumbnail","6":"product_cat-okategoriserad","8":"first","9":"instock","10":"shipping-taxable","11":"purchasable","12":"product-type-simple"},"_links":{"self":[{"href":"https:\/\/nordicmart.andreevmaster.com\/sv\/wp-json\/wp\/v2\/product\/10376","targetHints":{"allow":["GET"]}}],"collection":[{"href":"https:\/\/nordicmart.andreevmaster.com\/sv\/wp-json\/wp\/v2\/product"}],"about":[{"href":"https:\/\/nordicmart.andreevmaster.com\/sv\/wp-json\/wp\/v2\/types\/product"}],"replies":[{"embeddable":true,"href":"https:\/\/nordicmart.andreevmaster.com\/sv\/wp-json\/wp\/v2\/comments?post=10376"}],"wp:featuredmedia":[{"embeddable":true,"href":"https:\/\/nordicmart.andreevmaster.com\/sv\/wp-json\/wp\/v2\/media\/38963"}],"wp:attachment":[{"href":"https:\/\/nordicmart.andreevmaster.com\/sv\/wp-json\/wp\/v2\/media?parent=10376"}],"wp:term":[{"taxonomy":"product_brand","embeddable":true,"href":"https:\/\/nordicmart.andreevmaster.com\/sv\/wp-json\/wp\/v2\/product_brand?post=10376"},{"taxonomy":"product_cat","embeddable":true,"href":"https:\/\/nordicmart.andreevmaster.com\/sv\/wp-json\/wp\/v2\/product_cat?post=10376"},{"taxonomy":"product_tag","embeddable":true,"href":"https:\/\/nordicmart.andreevmaster.com\/sv\/wp-json\/wp\/v2\/product_tag?post=10376"}],"curies":[{"name":"wp","href":"https:\/\/api.w.org\/{rel}","templated":true}]}}