{"id":10374,"date":"2026-02-27T00:07:04","date_gmt":"2026-02-27T00:07:04","guid":{"rendered":"https:\/\/nordicmart.andreevmaster.com\/product\/vasagle-stor-badrumsskap-vit\/"},"modified":"2026-02-27T08:02:46","modified_gmt":"2026-02-27T08:02:46","slug":"vasagle-stor-badrumsskap-vit","status":"publish","type":"product","link":"https:\/\/nordicmart.andreevmaster.com\/sv\/produkt\/vasagle-stor-badrumsskap-vit\/","title":{"rendered":"VASAGLE Stor badrumssk\u00e5p Vit"},"content":{"rendered":"<p>Varmt vatten str\u00f6mmar in i badkaret, bubblor stiger upp\u00e5t och behagliga dofter sprider sig i ditt badrum \u2013 ingenstans k\u00e4nner man sig s\u00e5 bekv\u00e4m som i badkaret. Om handdukar och sk\u00f6nhetsprodukter dessutom \u00e4r ordentligt f\u00f6rvarade och l\u00e4ttillg\u00e4ngliga i ett stilfullt badrumssk\u00e5p, kan livet inte bli b\u00e4ttre. M\u00e5ngsidiga f\u00f6rvaringsm\u00f6jligheter I de \u00f6ppna facken kan du f\u00f6rvara ofta anv\u00e4nda badrumsartiklar s\u00e5 att de \u00e4r l\u00e4ttillg\u00e4ngliga. I l\u00e5dan finns plats f\u00f6r handdukar. Reng\u00f6ringsmedel, toalettpapper etc. kan du g\u00f6mma bakom sk\u00e5pd\u00f6rrarna. St\u00e4ll sedan en doftljus p\u00e5 den \u00f6versta hyllan och ge ditt badrum en romantisk atmosf\u00e4r. En riktig allroundare Detta sk\u00e5p passar inte bara i ditt badrum, utan ocks\u00e5 i ditt k\u00f6k,<br \/>\nf\u00f6r att f\u00f6rvara din mikrov\u00e5gsugn, kastruller eller en br\u00f6drost. I vardagsrummet kan du placera b\u00f6cker och fotoramar p\u00e5 de \u00f6ppna hyllplan. I hallen kan denna allroundtalang anv\u00e4ndas f\u00f6r f\u00f6rvaring av skor. Produktdetaljer: &#8211; F\u00e4rg: Vit &#8211; Material: E1-klass MDF (medeldensitetsfiberplatta) &#8211; M\u00e5tt: 60 x 32,5 x 122 cm (L x B x H) &#8211; Vikt: 17 kg Leveransomfattning: &#8211; 1 x badrumssk\u00e5p &#8211; 1 x tillbeh\u00f6rsp\u00e5se &#8211; 1 x instruktioner (DE, EN, FR, ES, IT) VASAGLE Anm\u00e4rkningar: &#8211; Uts\u00e4tt inte produkten f\u00f6r h\u00f6g luftfuktighet och direkt solljus. &#8211; H\u00e5ll produkten borta fr\u00e5n vassa eller spetsiga f\u00f6rem\u00e5l. &#8211; Om du vill placera en mikrov\u00e5gsugn i hyllan, m\u00e4t storleken p\u00e5 din mikrov\u00e5gsugn f\u00f6re k\u00f6pet f\u00f6r att se om den passar i hyllan.<\/p>\n","protected":false},"excerpt":{"rendered":"<p>VASAGLE badrumssk\u00e5p, m\u00e5ngsidigt badrumshyllor med 2 \u00f6ppna hyllor, sk\u00e5p och l\u00e5da, badrumssk\u00e5p i MDF, 60 x 32,5 x 122 cm, vit BBC64WT<\/p>\n","protected":false},"featured_media":38962,"comment_status":"open","ping_status":"closed","template":"","meta":[],"product_brand":[],"product_cat":[33],"product_tag":[],"class_list":{"0":"post-10374","1":"product","2":"type-product","3":"status-publish","4":"has-post-thumbnail","6":"product_cat-okategoriserad","8":"first","9":"instock","10":"shipping-taxable","11":"purchasable","12":"product-type-simple"},"_links":{"self":[{"href":"https:\/\/nordicmart.andreevmaster.com\/sv\/wp-json\/wp\/v2\/product\/10374","targetHints":{"allow":["GET"]}}],"collection":[{"href":"https:\/\/nordicmart.andreevmaster.com\/sv\/wp-json\/wp\/v2\/product"}],"about":[{"href":"https:\/\/nordicmart.andreevmaster.com\/sv\/wp-json\/wp\/v2\/types\/product"}],"replies":[{"embeddable":true,"href":"https:\/\/nordicmart.andreevmaster.com\/sv\/wp-json\/wp\/v2\/comments?post=10374"}],"wp:featuredmedia":[{"embeddable":true,"href":"https:\/\/nordicmart.andreevmaster.com\/sv\/wp-json\/wp\/v2\/media\/38962"}],"wp:attachment":[{"href":"https:\/\/nordicmart.andreevmaster.com\/sv\/wp-json\/wp\/v2\/media?parent=10374"}],"wp:term":[{"taxonomy":"product_brand","embeddable":true,"href":"https:\/\/nordicmart.andreevmaster.com\/sv\/wp-json\/wp\/v2\/product_brand?post=10374"},{"taxonomy":"product_cat","embeddable":true,"href":"https:\/\/nordicmart.andreevmaster.com\/sv\/wp-json\/wp\/v2\/product_cat?post=10374"},{"taxonomy":"product_tag","embeddable":true,"href":"https:\/\/nordicmart.andreevmaster.com\/sv\/wp-json\/wp\/v2\/product_tag?post=10374"}],"curies":[{"name":"wp","href":"https:\/\/api.w.org\/{rel}","templated":true}]}}