{"id":10373,"date":"2026-02-27T00:07:04","date_gmt":"2026-02-27T00:07:04","guid":{"rendered":"https:\/\/nordicmart.andreevmaster.com\/product\/vasagle-hog-skap-for-badrummet-vitt\/"},"modified":"2026-02-27T08:02:46","modified_gmt":"2026-02-27T08:02:46","slug":"vasagle-hog-skap-for-badrummet-vitt","status":"publish","type":"product","link":"https:\/\/nordicmart.andreevmaster.com\/sv\/produkt\/vasagle-hog-skap-for-badrummet-vitt\/","title":{"rendered":"VASAGLE h\u00f6g sk\u00e5p f\u00f6r badrummet Vitt"},"content":{"rendered":"<p>Irriterar du dig regelbundet \u00f6ver kaoset i ditt badrum, vardagsrum, hall eller k\u00f6k? D\u00e5 \u00e4r detta h\u00f6ga sk\u00e5p fr\u00e5n VASAGLE precis vad du beh\u00f6ver. Med hj\u00e4lp av detta smycke kommer din irritation s\u00e4kert att f\u00f6rsvinna. Ett dekorativt inslag i din bostad Tack vare den vita lacken ser detta sk\u00e5p i lantlig stil elegant och charmigt ut. Det fungerar allts\u00e5 inte bara som m\u00f6bel, utan ocks\u00e5 som ett stilfullt dekorativt inslag. Genomt\u00e4nkt design Sk\u00e5pd\u00f6rren, som kan sv\u00e4ngas 180\u00b0, \u00e4r f\u00f6rsedd med ett f\u00f6rkromat metallhandtag, s\u00e5 att den \u00e4r s\u00e4rskilt l\u00e4tt att \u00f6ppna. Hyllan i sk\u00e5pet kan dessutom justeras i 3 olika h\u00f6jder, s\u00e5 att du vid behov kan anpassa den till storleken p\u00e5 olika produkter och skydda dem optimalt mot damm eller vatten.  3 \u00f6ppna fack erbjuder dessutom plats f\u00f6r ytterligare hygienartiklar, handdukar, smink, f\u00f6rvaringsl\u00e5dor och m\u00e5nga andra badrumsartiklar. Produktdetaljer: &#8211; F\u00e4rg: Vit &#8211; Material: MDF (medeldensitetsfiberplatta) &#8211; M\u00e5tt: 40 x 32 x 160 (L x B x H) &#8211; Vikt: 15,9 kg Leveransomfattning: &#8211; 1 x h\u00f6g sk\u00e5p &#8211; 1 x tillbeh\u00f6rsp\u00e5se &#8211; 1 x instruktioner (DE, EN, IT, FR, ES)<\/p>\n","protected":false},"excerpt":{"rendered":"<p>VASAGLE h\u00f6g sk\u00e5p, badrumssk\u00e5p med 3 \u00f6ppna fack och justerbar hylla, badrumshylla i lantlig stil, badrumssk\u00e5p, 40 x 32 x 160 (L x B x H), vit BBC63WT<\/p>\n","protected":false},"featured_media":38961,"comment_status":"open","ping_status":"closed","template":"","meta":[],"product_brand":[],"product_cat":[33],"product_tag":[],"class_list":{"0":"post-10373","1":"product","2":"type-product","3":"status-publish","4":"has-post-thumbnail","6":"product_cat-okategoriserad","8":"first","9":"instock","10":"shipping-taxable","11":"purchasable","12":"product-type-simple"},"_links":{"self":[{"href":"https:\/\/nordicmart.andreevmaster.com\/sv\/wp-json\/wp\/v2\/product\/10373","targetHints":{"allow":["GET"]}}],"collection":[{"href":"https:\/\/nordicmart.andreevmaster.com\/sv\/wp-json\/wp\/v2\/product"}],"about":[{"href":"https:\/\/nordicmart.andreevmaster.com\/sv\/wp-json\/wp\/v2\/types\/product"}],"replies":[{"embeddable":true,"href":"https:\/\/nordicmart.andreevmaster.com\/sv\/wp-json\/wp\/v2\/comments?post=10373"}],"wp:featuredmedia":[{"embeddable":true,"href":"https:\/\/nordicmart.andreevmaster.com\/sv\/wp-json\/wp\/v2\/media\/38961"}],"wp:attachment":[{"href":"https:\/\/nordicmart.andreevmaster.com\/sv\/wp-json\/wp\/v2\/media?parent=10373"}],"wp:term":[{"taxonomy":"product_brand","embeddable":true,"href":"https:\/\/nordicmart.andreevmaster.com\/sv\/wp-json\/wp\/v2\/product_brand?post=10373"},{"taxonomy":"product_cat","embeddable":true,"href":"https:\/\/nordicmart.andreevmaster.com\/sv\/wp-json\/wp\/v2\/product_cat?post=10373"},{"taxonomy":"product_tag","embeddable":true,"href":"https:\/\/nordicmart.andreevmaster.com\/sv\/wp-json\/wp\/v2\/product_tag?post=10373"}],"curies":[{"name":"wp","href":"https:\/\/api.w.org\/{rel}","templated":true}]}}