{"id":10372,"date":"2026-02-27T00:07:04","date_gmt":"2026-02-27T00:07:04","guid":{"rendered":"https:\/\/nordicmart.andreevmaster.com\/product\/vasagle-badrumsskap-i-lantlig-stil\/"},"modified":"2026-02-27T08:02:46","modified_gmt":"2026-02-27T08:02:46","slug":"vasagle-badrumsskap-i-lantlig-stil","status":"publish","type":"product","link":"https:\/\/nordicmart.andreevmaster.com\/sv\/produkt\/vasagle-badrumsskap-i-lantlig-stil\/","title":{"rendered":"VASAGLE badrumssk\u00e5p i lantlig stil"},"content":{"rendered":"<p>Irriterar du dig alltid \u00f6ver kaoset i badrummet\/vardagsrummet, hallen eller k\u00f6ket? Det st\u00e5ende sk\u00e5pet fr\u00e5n VASAGLE \u00e4r ett praktiskt hj\u00e4lpmedel f\u00f6r dig. Ett dekorativt inslag i din bostad Tack vare f\u00e4rgkombinationen vitt och brunt ser sk\u00e5pet i lantlig stil elegant och charmigt ut. Det fungerar inte bara som ett m\u00f6bel, utan ocks\u00e5 som en dekoration i hemmet. Genomt\u00e4nkt design \u00d6verst finns en stor l\u00e5da med plats f\u00f6r dina vardagsf\u00f6rem\u00e5l. Den 180\u00b0 sv\u00e4ngbara dubbeld\u00f6rren \u00e4r f\u00f6rsedd med kromade metallhandtag, vilket underl\u00e4ttar hanteringen. Tack vare en hylla som kan justeras i tre l\u00e4gen kan det st\u00e4ngda f\u00f6rvaringsutrymmet bakom d\u00f6rrarna delas upp efter behov. P\u00e5 s\u00e5 s\u00e4tt kan du f\u00f6rvara olika f\u00f6rem\u00e5l h\u00e4r och skydda dem fr\u00e5n damm, vatten och obeh\u00f6riga blickar. VASAGLE str\u00e4var efter att erbjuda m\u00f6bler av h\u00f6g kvalitet f\u00f6r att skapa en behaglig och mysig atmosf\u00e4r i ditt hem. Produktdetaljer: &#8211; F\u00e4rg: vit, brun &#8211; Material: MDF-skivor, massivt tr\u00e4fan\u00e9r (\u00f6vre hylla)  &#8211; M\u00e5tt: 60 x 80 x 30 cm (B x H x D) &#8211; Vikt: 14,1 kg Leveransomfattning: &#8211; 1 x badrumssk\u00e5p &#8211; 1 x tillbeh\u00f6rsp\u00e5se &#8211; 1 x bruksanvisning (DE, EN, IT, FR, ES)<\/p>\n","protected":false},"excerpt":{"rendered":"<p>VASAGLE badrumssk\u00e5p, badrumssk\u00e5p med l\u00e5da, byr\u00e5, sideboard, f\u00f6rvaringssk\u00e5p i tr\u00e4, 60 x 80 x 30 cm (B x H x D), vit+brun BBC62WT<\/p>\n","protected":false},"featured_media":38960,"comment_status":"open","ping_status":"closed","template":"","meta":[],"product_brand":[],"product_cat":[33],"product_tag":[],"class_list":{"0":"post-10372","1":"product","2":"type-product","3":"status-publish","4":"has-post-thumbnail","6":"product_cat-okategoriserad","8":"first","9":"instock","10":"shipping-taxable","11":"purchasable","12":"product-type-simple"},"_links":{"self":[{"href":"https:\/\/nordicmart.andreevmaster.com\/sv\/wp-json\/wp\/v2\/product\/10372","targetHints":{"allow":["GET"]}}],"collection":[{"href":"https:\/\/nordicmart.andreevmaster.com\/sv\/wp-json\/wp\/v2\/product"}],"about":[{"href":"https:\/\/nordicmart.andreevmaster.com\/sv\/wp-json\/wp\/v2\/types\/product"}],"replies":[{"embeddable":true,"href":"https:\/\/nordicmart.andreevmaster.com\/sv\/wp-json\/wp\/v2\/comments?post=10372"}],"wp:featuredmedia":[{"embeddable":true,"href":"https:\/\/nordicmart.andreevmaster.com\/sv\/wp-json\/wp\/v2\/media\/38960"}],"wp:attachment":[{"href":"https:\/\/nordicmart.andreevmaster.com\/sv\/wp-json\/wp\/v2\/media?parent=10372"}],"wp:term":[{"taxonomy":"product_brand","embeddable":true,"href":"https:\/\/nordicmart.andreevmaster.com\/sv\/wp-json\/wp\/v2\/product_brand?post=10372"},{"taxonomy":"product_cat","embeddable":true,"href":"https:\/\/nordicmart.andreevmaster.com\/sv\/wp-json\/wp\/v2\/product_cat?post=10372"},{"taxonomy":"product_tag","embeddable":true,"href":"https:\/\/nordicmart.andreevmaster.com\/sv\/wp-json\/wp\/v2\/product_tag?post=10372"}],"curies":[{"name":"wp","href":"https:\/\/api.w.org\/{rel}","templated":true}]}}