{"id":10370,"date":"2026-02-27T00:07:04","date_gmt":"2026-02-27T00:07:04","guid":{"rendered":"https:\/\/nordicmart.andreevmaster.com\/product\/vasagle-badrumsskap-med-belysning-molnvit\/"},"modified":"2026-02-27T08:02:45","modified_gmt":"2026-02-27T08:02:45","slug":"vasagle-badrumsskap-med-belysning-molnvit","status":"publish","type":"product","link":"https:\/\/nordicmart.andreevmaster.com\/sv\/produkt\/vasagle-badrumsskap-med-belysning-molnvit\/","title":{"rendered":"VASAGLE badrumssk\u00e5p med belysning molnvit"},"content":{"rendered":"<p>VASAGLE badrumssk\u00e5p med belysning, h\u00f6gt, smalt badrumssk\u00e5p, f\u00f6rvaringssk\u00e5p med justerbara hyllor, \u00f6ppna fack, f\u00f6r sm\u00e5 utrymmen<br \/>\nF\u00e4rg: Molnvit<br \/>\nMaterial: MDF (medeldensitetsfiberplatta)<br \/>\nStorlek: 30 x 30 x 170 cm (D x B x H)<br \/>\nVikt: 15 kg<br \/>\nMax. statisk belastningskapacitet f\u00f6r varje justerbar hylla: 10 kg<br \/>\nMax. statisk belastningskapacitet totalt: 60 kg<\/p>\n","protected":false},"excerpt":{"rendered":"<p>VASAGLE badrumssk\u00e5p med belysning, h\u00f6gt, smalt badrumssk\u00e5p, f\u00f6rvaringssk\u00e5p med justerbara hyllor, \u00f6ppna fack, f\u00f6r sm\u00e5 utrymmen<\/p>\n","protected":false},"featured_media":46555,"comment_status":"open","ping_status":"closed","template":"","meta":[],"product_brand":[],"product_cat":[33],"product_tag":[],"class_list":{"0":"post-10370","1":"product","2":"type-product","3":"status-publish","4":"has-post-thumbnail","6":"product_cat-okategoriserad","8":"first","9":"instock","10":"shipping-taxable","11":"purchasable","12":"product-type-simple"},"_links":{"self":[{"href":"https:\/\/nordicmart.andreevmaster.com\/sv\/wp-json\/wp\/v2\/product\/10370","targetHints":{"allow":["GET"]}}],"collection":[{"href":"https:\/\/nordicmart.andreevmaster.com\/sv\/wp-json\/wp\/v2\/product"}],"about":[{"href":"https:\/\/nordicmart.andreevmaster.com\/sv\/wp-json\/wp\/v2\/types\/product"}],"replies":[{"embeddable":true,"href":"https:\/\/nordicmart.andreevmaster.com\/sv\/wp-json\/wp\/v2\/comments?post=10370"}],"wp:featuredmedia":[{"embeddable":true,"href":"https:\/\/nordicmart.andreevmaster.com\/sv\/wp-json\/wp\/v2\/media\/46555"}],"wp:attachment":[{"href":"https:\/\/nordicmart.andreevmaster.com\/sv\/wp-json\/wp\/v2\/media?parent=10370"}],"wp:term":[{"taxonomy":"product_brand","embeddable":true,"href":"https:\/\/nordicmart.andreevmaster.com\/sv\/wp-json\/wp\/v2\/product_brand?post=10370"},{"taxonomy":"product_cat","embeddable":true,"href":"https:\/\/nordicmart.andreevmaster.com\/sv\/wp-json\/wp\/v2\/product_cat?post=10370"},{"taxonomy":"product_tag","embeddable":true,"href":"https:\/\/nordicmart.andreevmaster.com\/sv\/wp-json\/wp\/v2\/product_tag?post=10370"}],"curies":[{"name":"wp","href":"https:\/\/api.w.org\/{rel}","templated":true}]}}