{"id":10367,"date":"2026-02-27T00:07:03","date_gmt":"2026-02-27T00:07:03","guid":{"rendered":"https:\/\/nordicmart.andreevmaster.com\/product\/vasagle-koksskap-med-hyllor-och-lador\/"},"modified":"2026-02-27T08:02:45","modified_gmt":"2026-02-27T08:02:45","slug":"vasagle-koksskap-med-hyllor-och-lador","status":"publish","type":"product","link":"https:\/\/nordicmart.andreevmaster.com\/sv\/produkt\/vasagle-koksskap-med-hyllor-och-lador\/","title":{"rendered":"VASAGLE k\u00f6kssk\u00e5p med hyllor och l\u00e5dor"},"content":{"rendered":"<p>VASAGLE k\u00f6kssk\u00e5p, h\u00f6g sk\u00e5p k\u00f6ksbuff\u00e9 vitrinsk\u00e5p, buff\u00e9sk\u00e5p med justerbara hyllor, matsalssk\u00e5p med l\u00e5dor, f\u00f6r vardagsrum k\u00f6k, vitt BBC561W21<br \/>\nF\u00e4rg: Vit<br \/>\nMaterial: MDF (medeldensitetsfiberplatta)<br \/>\nStorlek: 40 x 76 x 182,1 cm (D x B x H)<br \/>\nVikt: 50,3 kg<br \/>\nMax. statisk belastningskapacitet f\u00f6r varje justerbar hylla: 27 kg<br \/>\nMax. statisk belastningskapacitet f\u00f6r varje sk\u00e5pd\u00f6rrfack: 4,5 kg<br \/>\nMax. statisk belastningskapacitet f\u00f6r l\u00e5dan: 11,3 kg<\/p>\n","protected":false},"excerpt":{"rendered":"<p>VASAGLE k\u00f6kssk\u00e5p, h\u00f6g sk\u00e5p k\u00f6ksbuff\u00e9 vitrinsk\u00e5p, buff\u00e9sk\u00e5p med justerbara hyllor, matsalssk\u00e5p med l\u00e5dor, f\u00f6r vardagsrum k\u00f6k, vitt BBC561W21<\/p>\n","protected":false},"featured_media":0,"comment_status":"open","ping_status":"closed","template":"","meta":[],"product_brand":[],"product_cat":[33],"product_tag":[],"class_list":{"0":"post-10367","1":"product","2":"type-product","3":"status-publish","5":"product_cat-okategoriserad","7":"first","8":"instock","9":"shipping-taxable","10":"purchasable","11":"product-type-simple"},"_links":{"self":[{"href":"https:\/\/nordicmart.andreevmaster.com\/sv\/wp-json\/wp\/v2\/product\/10367","targetHints":{"allow":["GET"]}}],"collection":[{"href":"https:\/\/nordicmart.andreevmaster.com\/sv\/wp-json\/wp\/v2\/product"}],"about":[{"href":"https:\/\/nordicmart.andreevmaster.com\/sv\/wp-json\/wp\/v2\/types\/product"}],"replies":[{"embeddable":true,"href":"https:\/\/nordicmart.andreevmaster.com\/sv\/wp-json\/wp\/v2\/comments?post=10367"}],"wp:attachment":[{"href":"https:\/\/nordicmart.andreevmaster.com\/sv\/wp-json\/wp\/v2\/media?parent=10367"}],"wp:term":[{"taxonomy":"product_brand","embeddable":true,"href":"https:\/\/nordicmart.andreevmaster.com\/sv\/wp-json\/wp\/v2\/product_brand?post=10367"},{"taxonomy":"product_cat","embeddable":true,"href":"https:\/\/nordicmart.andreevmaster.com\/sv\/wp-json\/wp\/v2\/product_cat?post=10367"},{"taxonomy":"product_tag","embeddable":true,"href":"https:\/\/nordicmart.andreevmaster.com\/sv\/wp-json\/wp\/v2\/product_tag?post=10367"}],"curies":[{"name":"wp","href":"https:\/\/api.w.org\/{rel}","templated":true}]}}