{"id":10361,"date":"2026-02-27T00:07:02","date_gmt":"2026-02-27T00:07:02","guid":{"rendered":"https:\/\/nordicmart.andreevmaster.com\/product\/vasagle-badrumsskap-med-4-dorrar-och-justerbara-hyllor\/"},"modified":"2026-02-27T08:02:44","modified_gmt":"2026-02-27T08:02:44","slug":"vasagle-badrumsskap-med-4-dorrar-och-justerbara-hyllor","status":"publish","type":"product","link":"https:\/\/nordicmart.andreevmaster.com\/sv\/produkt\/vasagle-badrumsskap-med-4-dorrar-och-justerbara-hyllor\/","title":{"rendered":"VASAGLE badrumssk\u00e5p med 4 d\u00f6rrar och justerbara hyllor"},"content":{"rendered":"<p>VASAGLE badrumssk\u00e5p, badrumssk\u00e5p, k\u00f6kssk\u00e5p, f\u00f6rvaringssk\u00e5p med 2 d\u00f6rrar och 2 l\u00e5dor, justerbar hylla, 30 x 60 x 110 cm, klassiskt vitt BBC551P31<br \/>\nF\u00e4rg: Skiffergr\u00e5<br \/>\nMaterial: MDF (medeldensitetsfiberplatta)<br \/>\nStorlek: 30 x 60 x 110 cm (D x B x H)<br \/>\nVikt: 16,8 kg<br \/>\nMax. statisk belastningskapacitet f\u00f6r ytan: 136 kg<\/p>\n","protected":false},"excerpt":{"rendered":"<p>VASAGLE badrumssk\u00e5p, badrumssk\u00e5p, k\u00f6kssk\u00e5p, f\u00f6rvaringssk\u00e5p med 2 d\u00f6rrar och 2 l\u00e5dor, justerbar hylla, 30 x 60 x 110 cm, klassiskt vitt BBC551P31<\/p>\n","protected":false},"featured_media":0,"comment_status":"open","ping_status":"closed","template":"","meta":[],"product_brand":[],"product_cat":[33],"product_tag":[],"class_list":{"0":"post-10361","1":"product","2":"type-product","3":"status-publish","5":"product_cat-okategoriserad","7":"first","8":"instock","9":"shipping-taxable","10":"purchasable","11":"product-type-simple"},"_links":{"self":[{"href":"https:\/\/nordicmart.andreevmaster.com\/sv\/wp-json\/wp\/v2\/product\/10361","targetHints":{"allow":["GET"]}}],"collection":[{"href":"https:\/\/nordicmart.andreevmaster.com\/sv\/wp-json\/wp\/v2\/product"}],"about":[{"href":"https:\/\/nordicmart.andreevmaster.com\/sv\/wp-json\/wp\/v2\/types\/product"}],"replies":[{"embeddable":true,"href":"https:\/\/nordicmart.andreevmaster.com\/sv\/wp-json\/wp\/v2\/comments?post=10361"}],"wp:attachment":[{"href":"https:\/\/nordicmart.andreevmaster.com\/sv\/wp-json\/wp\/v2\/media?parent=10361"}],"wp:term":[{"taxonomy":"product_brand","embeddable":true,"href":"https:\/\/nordicmart.andreevmaster.com\/sv\/wp-json\/wp\/v2\/product_brand?post=10361"},{"taxonomy":"product_cat","embeddable":true,"href":"https:\/\/nordicmart.andreevmaster.com\/sv\/wp-json\/wp\/v2\/product_cat?post=10361"},{"taxonomy":"product_tag","embeddable":true,"href":"https:\/\/nordicmart.andreevmaster.com\/sv\/wp-json\/wp\/v2\/product_tag?post=10361"}],"curies":[{"name":"wp","href":"https:\/\/api.w.org\/{rel}","templated":true}]}}