{"id":10354,"date":"2026-02-27T00:07:01","date_gmt":"2026-02-27T00:07:01","guid":{"rendered":"https:\/\/nordicmart.andreevmaster.com\/product\/vasagle-badrumsskap-mattvitt\/"},"modified":"2026-02-27T08:02:43","modified_gmt":"2026-02-27T08:02:43","slug":"vasagle-badrumsskap-mattvitt","status":"publish","type":"product","link":"https:\/\/nordicmart.andreevmaster.com\/sv\/produkt\/vasagle-badrumsskap-mattvitt\/","title":{"rendered":"VASAGLE badrumssk\u00e5p mattvitt"},"content":{"rendered":"<p>Vem s\u00e4ger att det bara passar i badrummet? Vill du inte anv\u00e4nda detta sk\u00e5p i badrummet? Det \u00e4r sj\u00e4lvklart inget problem att st\u00e4lla det i andra rum. Detta f\u00f6rvaringssk\u00e5p harmonierar v\u00e4l med b\u00e4nkskivan i ditt k\u00f6k, soffan i vardagsrummet eller s\u00e4ngen i sovrummet. Vad vill du f\u00f6rvara i detta sk\u00e5p? Smink? B\u00f6cker? Dokument? Laddningskablar? K\u00f6ksredskap? Snacks? Eller dina sm\u00e5 hemligheter? Som du vill! Detta smala sk\u00e5p t\u00e5l vikter upp till 15 kg! Produktdetaljer: &#8211; F\u00e4rg: Mattvit &#8211; Material: E1-klass MDF (medeldensitetsfiberplatta) &#8211; Storlek: 60 x 30 x 80 cm (L x B x H) &#8211; Vikt: 12,8 kg &#8211; Max. total statisk belastningskapacitet: 15 kg Leveransomfattning: &#8211; 1 x badrumssk\u00e5p &#8211; 1 x tippskydd &#8211; 1 x tillbeh\u00f6rspaket &#8211; 1 x bruksanvisning (DE, EN, FR, ES, IT) VASAGLE Anm\u00e4rkningar:- Av s\u00e4kerhetssk\u00e4l \u00e4r det f\u00f6rbjudet f\u00f6r barn att kl\u00e4ttra p\u00e5 eller leka med produkten. &#8211; Produktens maximala statiska belastningskapacitet \u00e4r 15 kg. \u00d6verskrid inte denna maximala vikt. &#8211; F\u00e4st produkten p\u00e5 v\u00e4ggen med det medf\u00f6ljande tippskyddet f\u00f6r att s\u00e4kerst\u00e4lla s\u00e4ker anv\u00e4ndning.<\/p>\n","protected":false},"excerpt":{"rendered":"<p>VASAGLE Badrumssk\u00e5p, badrumssk\u00e5p med 2 d\u00f6rrar, 60 x 30 x 80 cm, f\u00f6rvaringssk\u00e5p, med 2 justerbara hyllplan, skandinavisk stil, mattvit BBC52WT<\/p>\n","protected":false},"featured_media":38956,"comment_status":"open","ping_status":"closed","template":"","meta":[],"product_brand":[],"product_cat":[33],"product_tag":[],"class_list":{"0":"post-10354","1":"product","2":"type-product","3":"status-publish","4":"has-post-thumbnail","6":"product_cat-okategoriserad","8":"first","9":"instock","10":"shipping-taxable","11":"purchasable","12":"product-type-simple"},"_links":{"self":[{"href":"https:\/\/nordicmart.andreevmaster.com\/sv\/wp-json\/wp\/v2\/product\/10354","targetHints":{"allow":["GET"]}}],"collection":[{"href":"https:\/\/nordicmart.andreevmaster.com\/sv\/wp-json\/wp\/v2\/product"}],"about":[{"href":"https:\/\/nordicmart.andreevmaster.com\/sv\/wp-json\/wp\/v2\/types\/product"}],"replies":[{"embeddable":true,"href":"https:\/\/nordicmart.andreevmaster.com\/sv\/wp-json\/wp\/v2\/comments?post=10354"}],"wp:featuredmedia":[{"embeddable":true,"href":"https:\/\/nordicmart.andreevmaster.com\/sv\/wp-json\/wp\/v2\/media\/38956"}],"wp:attachment":[{"href":"https:\/\/nordicmart.andreevmaster.com\/sv\/wp-json\/wp\/v2\/media?parent=10354"}],"wp:term":[{"taxonomy":"product_brand","embeddable":true,"href":"https:\/\/nordicmart.andreevmaster.com\/sv\/wp-json\/wp\/v2\/product_brand?post=10354"},{"taxonomy":"product_cat","embeddable":true,"href":"https:\/\/nordicmart.andreevmaster.com\/sv\/wp-json\/wp\/v2\/product_cat?post=10354"},{"taxonomy":"product_tag","embeddable":true,"href":"https:\/\/nordicmart.andreevmaster.com\/sv\/wp-json\/wp\/v2\/product_tag?post=10354"}],"curies":[{"name":"wp","href":"https:\/\/api.w.org\/{rel}","templated":true}]}}