{"id":10352,"date":"2026-02-27T00:07:01","date_gmt":"2026-02-27T00:07:01","guid":{"rendered":"https:\/\/nordicmart.andreevmaster.com\/product\/vasagle-forvaringsskap-med-3-lador\/"},"modified":"2026-02-27T08:02:43","modified_gmt":"2026-02-27T08:02:43","slug":"vasagle-forvaringsskap-med-3-lador","status":"publish","type":"product","link":"https:\/\/nordicmart.andreevmaster.com\/sv\/produkt\/vasagle-forvaringsskap-med-3-lador\/","title":{"rendered":"VASAGLE f\u00f6rvaringssk\u00e5p med 3 l\u00e5dor"},"content":{"rendered":"<p>Vem s\u00e4ger att det bara passar i badrummet? Vill du inte anv\u00e4nda detta sk\u00e5p i badrummet? Det \u00e4r sj\u00e4lvklart inget problem att st\u00e4lla det i andra rum. Detta f\u00f6rvaringssk\u00e5p harmonierar v\u00e4l med b\u00e4nkskivan i ditt k\u00f6k, soffan i vardagsrummet eller s\u00e4ngen i sovrummet. Vad vill du f\u00f6rvara i detta sk\u00e5p? Smink? B\u00f6cker? Dokument? Laddningskablar? K\u00f6ksredskap? Snacks? Eller dina sm\u00e5 hemligheter? Som du vill! Detta smala sk\u00e5p t\u00e5l vikter upp till 10 kg! Produktdetaljer: &#8211; F\u00e4rg: Mattvit &#8211; Material: E1-klass MDF (medeldensitetsfiberplatta) &#8211; Storlek: 32 x 30 x 81 cm (L x B x H) &#8211; Vikt: 8,6 kg &#8211; Max. total statisk belastningskapacitet: 10 kg Leveransomfattning: &#8211; 1 x badrumssk\u00e5p &#8211; 1 x tillbeh\u00f6rspaket &#8211; 1 x bruksanvisning (DE, EN, FR, ES, IT) VASAGLE Anm\u00e4rkningar: &#8211; Av s\u00e4kerhetssk\u00e4l \u00e4r det f\u00f6rbjudet f\u00f6r barn att kl\u00e4ttra p\u00e5 eller leka med produkten.- Produktens maximala statiska belastningskapacitet \u00e4r 10 kg. \u00d6verskrid inte denna maximala vikt. &#8211; F\u00e4st produkten p\u00e5 v\u00e4ggen med den medf\u00f6ljande tippskyddet f\u00f6r att s\u00e4kerst\u00e4lla s\u00e4ker anv\u00e4ndning.<\/p>\n","protected":false},"excerpt":{"rendered":"<p>VASAGLE badrumssk\u00e5p, f\u00f6rvaringssk\u00e5p, smalt badrumssk\u00e5p med 3 l\u00e5dor, 32 x 30 x 81 cm, badrum, vardagsrum, sovrum, k\u00f6k, skandinavisk stil, mattvit BBC50WT<\/p>\n","protected":false},"featured_media":46551,"comment_status":"open","ping_status":"closed","template":"","meta":[],"product_brand":[],"product_cat":[33],"product_tag":[],"class_list":{"0":"post-10352","1":"product","2":"type-product","3":"status-publish","4":"has-post-thumbnail","6":"product_cat-okategoriserad","8":"first","9":"instock","10":"shipping-taxable","11":"purchasable","12":"product-type-simple"},"_links":{"self":[{"href":"https:\/\/nordicmart.andreevmaster.com\/sv\/wp-json\/wp\/v2\/product\/10352","targetHints":{"allow":["GET"]}}],"collection":[{"href":"https:\/\/nordicmart.andreevmaster.com\/sv\/wp-json\/wp\/v2\/product"}],"about":[{"href":"https:\/\/nordicmart.andreevmaster.com\/sv\/wp-json\/wp\/v2\/types\/product"}],"replies":[{"embeddable":true,"href":"https:\/\/nordicmart.andreevmaster.com\/sv\/wp-json\/wp\/v2\/comments?post=10352"}],"wp:featuredmedia":[{"embeddable":true,"href":"https:\/\/nordicmart.andreevmaster.com\/sv\/wp-json\/wp\/v2\/media\/46551"}],"wp:attachment":[{"href":"https:\/\/nordicmart.andreevmaster.com\/sv\/wp-json\/wp\/v2\/media?parent=10352"}],"wp:term":[{"taxonomy":"product_brand","embeddable":true,"href":"https:\/\/nordicmart.andreevmaster.com\/sv\/wp-json\/wp\/v2\/product_brand?post=10352"},{"taxonomy":"product_cat","embeddable":true,"href":"https:\/\/nordicmart.andreevmaster.com\/sv\/wp-json\/wp\/v2\/product_cat?post=10352"},{"taxonomy":"product_tag","embeddable":true,"href":"https:\/\/nordicmart.andreevmaster.com\/sv\/wp-json\/wp\/v2\/product_tag?post=10352"}],"curies":[{"name":"wp","href":"https:\/\/api.w.org\/{rel}","templated":true}]}}