{"id":10351,"date":"2026-02-27T00:07:00","date_gmt":"2026-02-27T00:07:00","guid":{"rendered":"https:\/\/nordicmart.andreevmaster.com\/product\/vasagle-skap-med-3-stora-lador\/"},"modified":"2026-02-27T08:02:42","modified_gmt":"2026-02-27T08:02:42","slug":"vasagle-skap-med-3-stora-lador","status":"publish","type":"product","link":"https:\/\/nordicmart.andreevmaster.com\/sv\/produkt\/vasagle-skap-med-3-stora-lador\/","title":{"rendered":"VASAGLE sk\u00e5p med 3 stora l\u00e5dor"},"content":{"rendered":"<p>Sprider du alltid ut alla dina hygienartiklar i hela badrummet? Saknar du en l\u00e4mplig plats att f\u00f6rvara dem p\u00e5? H\u00e4r kommer en praktisk l\u00f6sning \u2013 detta badrumssk\u00e5p fr\u00e5n VASAGLE! S\u00e5 h\u00e5ller du ordning p\u00e5 r\u00f6ran I 3 djupa l\u00e5dor och 2 stora fack bakom sk\u00e5pd\u00f6rren kan handdukar, duschgelflaskor, reng\u00f6ringsmedel, toalettpapper etc. sorteras och f\u00f6rvaras utom synh\u00e5ll, s\u00e5 du beh\u00f6ver inte oroa dig f\u00f6r att ditt badrum snabbt ska se kaotiskt ut igen. Sk\u00e5pet \u00e4r dessutom utrustat med en 3-stegs justerbar hyllplan bakom d\u00f6rren, s\u00e5 att du kan dela upp sk\u00e5pets f\u00f6rvaringsutrymme individuellt. En allroundm\u00f6bel i ditt hem Sk\u00e5pet passar inte bara i badrummet, utan ocks\u00e5 i k\u00f6ket f\u00f6r f\u00f6rvaring av kryddor, kastruller, stekpannor etc. I vardagsrummet kan det anv\u00e4ndas f\u00f6r f\u00f6rvaring av b\u00f6cker, fotoramar etc. I hallen kan du f\u00f6rvara alla sm\u00e5saker du beh\u00f6ver innan du l\u00e4mnar huset i detta sk\u00e5p&#8230;S\u00e5 var ska du placera sk\u00e5pet? Precis d\u00e4r du vill! Produktdetaljer: &#8211; F\u00e4rg: Vit &#8211; Material: MDF (medeldensitetsfiberplatta) &#8211; Storlek: 60 x 30 x 81 cm (L x B x H) &#8211; Vikt: 13,9 kg &#8211; Max. total statisk belastningskapacitet: 20 kg &#8211; Enkel montering: JaLeveransomfattning:- 1 x badrumssk\u00e5p- 1 x beh\u00e5llare med tillbeh\u00f6r- 1 x bruksanvisning (DE, EN, FR, ES, IT)VASAGLE Anvisningar:- Torka av produkten med en fuktig trasa f\u00f6r daglig reng\u00f6ring.- Barn f\u00e5r inte kl\u00e4ttra p\u00e5 eller leka med produkten.<\/p>\n","protected":false},"excerpt":{"rendered":"<p>VASAGLE badrumssk\u00e5p, badrumssk\u00e5p med 3 stora l\u00e5dor och en justerbar hyllplan, 60 x 30 x 81 cm, vitt BBC49WT<\/p>\n","protected":false},"featured_media":0,"comment_status":"open","ping_status":"closed","template":"","meta":[],"product_brand":[],"product_cat":[33],"product_tag":[],"class_list":{"0":"post-10351","1":"product","2":"type-product","3":"status-publish","5":"product_cat-okategoriserad","7":"first","8":"instock","9":"shipping-taxable","10":"purchasable","11":"product-type-simple"},"_links":{"self":[{"href":"https:\/\/nordicmart.andreevmaster.com\/sv\/wp-json\/wp\/v2\/product\/10351","targetHints":{"allow":["GET"]}}],"collection":[{"href":"https:\/\/nordicmart.andreevmaster.com\/sv\/wp-json\/wp\/v2\/product"}],"about":[{"href":"https:\/\/nordicmart.andreevmaster.com\/sv\/wp-json\/wp\/v2\/types\/product"}],"replies":[{"embeddable":true,"href":"https:\/\/nordicmart.andreevmaster.com\/sv\/wp-json\/wp\/v2\/comments?post=10351"}],"wp:attachment":[{"href":"https:\/\/nordicmart.andreevmaster.com\/sv\/wp-json\/wp\/v2\/media?parent=10351"}],"wp:term":[{"taxonomy":"product_brand","embeddable":true,"href":"https:\/\/nordicmart.andreevmaster.com\/sv\/wp-json\/wp\/v2\/product_brand?post=10351"},{"taxonomy":"product_cat","embeddable":true,"href":"https:\/\/nordicmart.andreevmaster.com\/sv\/wp-json\/wp\/v2\/product_cat?post=10351"},{"taxonomy":"product_tag","embeddable":true,"href":"https:\/\/nordicmart.andreevmaster.com\/sv\/wp-json\/wp\/v2\/product_tag?post=10351"}],"curies":[{"name":"wp","href":"https:\/\/api.w.org\/{rel}","templated":true}]}}