{"id":10350,"date":"2026-02-27T00:07:00","date_gmt":"2026-02-27T00:07:00","guid":{"rendered":"https:\/\/nordicmart.andreevmaster.com\/product\/vasagle-smal-badrumsskap\/"},"modified":"2026-02-27T08:02:42","modified_gmt":"2026-02-27T08:02:42","slug":"vasagle-smal-badrumsskap","status":"publish","type":"product","link":"https:\/\/nordicmart.andreevmaster.com\/sv\/produkt\/vasagle-smal-badrumsskap\/","title":{"rendered":"VASAGLE Smal badrumssk\u00e5p"},"content":{"rendered":"<p>Badrumssk\u00e5p med en sk\u00e5pd\u00f6rr Ett uppfriskande enkelt s\u00e4tt att f\u00e5 ordning p\u00e5 kaoset i ditt badrum \u00c4r alla hyllor i ditt badrum fulla med toalettartiklar? Optimera d\u00e5 utrymmet med detta stilrena badrumssk\u00e5p. Dess vita yta och b\u00e5gformade design ger varje badrum en lugn och fr\u00e4sch k\u00e4nsla. Sk\u00e5pet har en l\u00e5da och tre delvis justerbara hyllplan och erbjuder dessutom tillr\u00e4ckligt med utrymme f\u00f6r b\u00e5de sm\u00e5 och stora badrumsartiklar. Dessutom har h\u00f6gkvalitativa metallbeslag och en m\u00f6gelskyddslackering anv\u00e4nts vid tillverkningen. Produktdetaljer: F\u00e4rg: Vit Material: MDF (medeldensitetsfiberplatta; E1-klass) Storlek: 35 x 87 x 30 cm (B x H x D) Vikt: 9,8 kg<\/p>\n","protected":false},"excerpt":{"rendered":"<p>VASAGLE badrumssk\u00e5p, frist\u00e5ende badrumssk\u00e5p, st\u00e5ende sk\u00e5p i tr\u00e4, med l\u00e5da, insida med justerbar hylla, vit, BBC48WT<\/p>\n","protected":false},"featured_media":38954,"comment_status":"open","ping_status":"closed","template":"","meta":[],"product_brand":[],"product_cat":[33],"product_tag":[],"class_list":{"0":"post-10350","1":"product","2":"type-product","3":"status-publish","4":"has-post-thumbnail","6":"product_cat-okategoriserad","8":"first","9":"instock","10":"shipping-taxable","11":"purchasable","12":"product-type-simple"},"_links":{"self":[{"href":"https:\/\/nordicmart.andreevmaster.com\/sv\/wp-json\/wp\/v2\/product\/10350","targetHints":{"allow":["GET"]}}],"collection":[{"href":"https:\/\/nordicmart.andreevmaster.com\/sv\/wp-json\/wp\/v2\/product"}],"about":[{"href":"https:\/\/nordicmart.andreevmaster.com\/sv\/wp-json\/wp\/v2\/types\/product"}],"replies":[{"embeddable":true,"href":"https:\/\/nordicmart.andreevmaster.com\/sv\/wp-json\/wp\/v2\/comments?post=10350"}],"wp:featuredmedia":[{"embeddable":true,"href":"https:\/\/nordicmart.andreevmaster.com\/sv\/wp-json\/wp\/v2\/media\/38954"}],"wp:attachment":[{"href":"https:\/\/nordicmart.andreevmaster.com\/sv\/wp-json\/wp\/v2\/media?parent=10350"}],"wp:term":[{"taxonomy":"product_brand","embeddable":true,"href":"https:\/\/nordicmart.andreevmaster.com\/sv\/wp-json\/wp\/v2\/product_brand?post=10350"},{"taxonomy":"product_cat","embeddable":true,"href":"https:\/\/nordicmart.andreevmaster.com\/sv\/wp-json\/wp\/v2\/product_cat?post=10350"},{"taxonomy":"product_tag","embeddable":true,"href":"https:\/\/nordicmart.andreevmaster.com\/sv\/wp-json\/wp\/v2\/product_tag?post=10350"}],"curies":[{"name":"wp","href":"https:\/\/api.w.org\/{rel}","templated":true}]}}