{"id":10349,"date":"2026-02-27T00:07:00","date_gmt":"2026-02-27T00:07:00","guid":{"rendered":"https:\/\/nordicmart.andreevmaster.com\/product\/vasagle-smal-badrumsskap-med-lamelldorr\/"},"modified":"2026-02-27T08:02:42","modified_gmt":"2026-02-27T08:02:42","slug":"vasagle-smal-badrumsskap-med-lamelldorr","status":"publish","type":"product","link":"https:\/\/nordicmart.andreevmaster.com\/sv\/produkt\/vasagle-smal-badrumsskap-med-lamelldorr\/","title":{"rendered":"VASAGLE Smal badrumssk\u00e5p med lamelld\u00f6rr"},"content":{"rendered":"<p>Produktdetaljer: &#8211; F\u00e4rg: Vit &#8211; Material: MDF-skiva &#8211; M\u00e5tt: 32 x 87 x 30 cm (B x H x D) &#8211; Innerm\u00e5tt p\u00e5 l\u00e5dan: 22,5 x 9 x 23,5 cm (B x H x D) &#8211; M\u00e5tt per fack bakom sk\u00e5pd\u00f6rren (2 x): 26 x 30,5 x 20 cm (B x H x D) &#8211; Vikt: 8,58 kg Leveransomfattning: &#8211; 1 x smalt badrumssk\u00e5p &#8211; 1 x bruksanvisning (DE, EN, IT, FR, ES) &#8211; 1 x p\u00e5se med tillbeh\u00f6r Anvisningar:- Torka bort smuts med en fuktig trasa. &#8211; Barn b\u00f6r endast anv\u00e4nda badrumssk\u00e5pet under uppsikt av en vuxen. &#8211; Barn f\u00e5r inte kl\u00e4ttra p\u00e5 sk\u00e5pet eller leka med det. Risk f\u00f6r skador!<\/p>\n","protected":false},"excerpt":{"rendered":"<p>VASAGLE Badrumssk\u00e5p, badrumssk\u00e5p, sidobord, nattduksbord med l\u00e5da och lamelld\u00f6rr, badrum, hall, sovrum, 32 x 87 x 30 cm, vit BBC43WT<\/p>\n","protected":false},"featured_media":38953,"comment_status":"open","ping_status":"closed","template":"","meta":[],"product_brand":[],"product_cat":[33],"product_tag":[],"class_list":{"0":"post-10349","1":"product","2":"type-product","3":"status-publish","4":"has-post-thumbnail","6":"product_cat-okategoriserad","8":"first","9":"instock","10":"shipping-taxable","11":"purchasable","12":"product-type-simple"},"_links":{"self":[{"href":"https:\/\/nordicmart.andreevmaster.com\/sv\/wp-json\/wp\/v2\/product\/10349","targetHints":{"allow":["GET"]}}],"collection":[{"href":"https:\/\/nordicmart.andreevmaster.com\/sv\/wp-json\/wp\/v2\/product"}],"about":[{"href":"https:\/\/nordicmart.andreevmaster.com\/sv\/wp-json\/wp\/v2\/types\/product"}],"replies":[{"embeddable":true,"href":"https:\/\/nordicmart.andreevmaster.com\/sv\/wp-json\/wp\/v2\/comments?post=10349"}],"wp:featuredmedia":[{"embeddable":true,"href":"https:\/\/nordicmart.andreevmaster.com\/sv\/wp-json\/wp\/v2\/media\/38953"}],"wp:attachment":[{"href":"https:\/\/nordicmart.andreevmaster.com\/sv\/wp-json\/wp\/v2\/media?parent=10349"}],"wp:term":[{"taxonomy":"product_brand","embeddable":true,"href":"https:\/\/nordicmart.andreevmaster.com\/sv\/wp-json\/wp\/v2\/product_brand?post=10349"},{"taxonomy":"product_cat","embeddable":true,"href":"https:\/\/nordicmart.andreevmaster.com\/sv\/wp-json\/wp\/v2\/product_cat?post=10349"},{"taxonomy":"product_tag","embeddable":true,"href":"https:\/\/nordicmart.andreevmaster.com\/sv\/wp-json\/wp\/v2\/product_tag?post=10349"}],"curies":[{"name":"wp","href":"https:\/\/api.w.org\/{rel}","templated":true}]}}