{"id":10348,"date":"2026-02-27T00:07:00","date_gmt":"2026-02-27T00:07:00","guid":{"rendered":"https:\/\/nordicmart.andreevmaster.com\/product\/vasagle-badrumshylla-med-2-lador\/"},"modified":"2026-02-27T08:02:42","modified_gmt":"2026-02-27T08:02:42","slug":"vasagle-badrumshylla-med-2-lador","status":"publish","type":"product","link":"https:\/\/nordicmart.andreevmaster.com\/sv\/produkt\/vasagle-badrumshylla-med-2-lador\/","title":{"rendered":"VASAGLE badrumshylla med 2 l\u00e5dor"},"content":{"rendered":"<p>Produktdetaljer: &#8211; F\u00e4rg: Vit &#8211; Material: MDF-skiva &#8211; M\u00e5tt: 30 x 89 x 30 cm (B x H x D) &#8211; M\u00e5tt p\u00e5 det \u00f6ppna facket: 27 x 24 x 29 cm (B x H x D) &#8211; Innerm\u00e5tt p\u00e5 l\u00e5dan: 24,5 x 22 x 27 cm (B x H x D) &#8211; Vikt: 9,66 kg Leveransomfattning:- 1 x badrumskommod &#8211; 1 x bruksanvisning (DE, EN, IT, FR, ES) &#8211; 1 x p\u00e5se med tillbeh\u00f6r Anvisningar: &#8211; Torka bort smuts med en fuktig trasa. &#8211; Barn b\u00f6r endast anv\u00e4nda badrumssk\u00e5pet under uppsikt av en vuxen. &#8211; Barn f\u00e5r inte kl\u00e4ttra p\u00e5 sk\u00e5pet eller leka med det. Risk f\u00f6r skador!<\/p>\n","protected":false},"excerpt":{"rendered":"<p>VASAGLE badrumskommod, badrumssk\u00e5p, badrumssk\u00e5p, h\u00f6rnsk\u00e5p, medicinsk\u00e5p, m\u00e5ngsidigt badrumshyllor med 3 \u00f6ppna fack, vit BBC42WT<\/p>\n","protected":false},"featured_media":46550,"comment_status":"open","ping_status":"closed","template":"","meta":[],"product_brand":[],"product_cat":[33],"product_tag":[],"class_list":{"0":"post-10348","1":"product","2":"type-product","3":"status-publish","4":"has-post-thumbnail","6":"product_cat-okategoriserad","8":"first","9":"instock","10":"shipping-taxable","11":"purchasable","12":"product-type-simple"},"_links":{"self":[{"href":"https:\/\/nordicmart.andreevmaster.com\/sv\/wp-json\/wp\/v2\/product\/10348","targetHints":{"allow":["GET"]}}],"collection":[{"href":"https:\/\/nordicmart.andreevmaster.com\/sv\/wp-json\/wp\/v2\/product"}],"about":[{"href":"https:\/\/nordicmart.andreevmaster.com\/sv\/wp-json\/wp\/v2\/types\/product"}],"replies":[{"embeddable":true,"href":"https:\/\/nordicmart.andreevmaster.com\/sv\/wp-json\/wp\/v2\/comments?post=10348"}],"wp:featuredmedia":[{"embeddable":true,"href":"https:\/\/nordicmart.andreevmaster.com\/sv\/wp-json\/wp\/v2\/media\/46550"}],"wp:attachment":[{"href":"https:\/\/nordicmart.andreevmaster.com\/sv\/wp-json\/wp\/v2\/media?parent=10348"}],"wp:term":[{"taxonomy":"product_brand","embeddable":true,"href":"https:\/\/nordicmart.andreevmaster.com\/sv\/wp-json\/wp\/v2\/product_brand?post=10348"},{"taxonomy":"product_cat","embeddable":true,"href":"https:\/\/nordicmart.andreevmaster.com\/sv\/wp-json\/wp\/v2\/product_cat?post=10348"},{"taxonomy":"product_tag","embeddable":true,"href":"https:\/\/nordicmart.andreevmaster.com\/sv\/wp-json\/wp\/v2\/product_tag?post=10348"}],"curies":[{"name":"wp","href":"https:\/\/api.w.org\/{rel}","templated":true}]}}