{"id":10347,"date":"2026-02-27T00:07:00","date_gmt":"2026-02-27T00:07:00","guid":{"rendered":"https:\/\/nordicmart.andreevmaster.com\/product\/vasagle-extra-langt-handfatsskap-med-2-dorrar\/"},"modified":"2026-02-27T08:02:42","modified_gmt":"2026-02-27T08:02:42","slug":"vasagle-extra-langt-handfatsskap-med-2-dorrar","status":"publish","type":"product","link":"https:\/\/nordicmart.andreevmaster.com\/sv\/produkt\/vasagle-extra-langt-handfatsskap-med-2-dorrar\/","title":{"rendered":"VASAGLE extra l\u00e5ngt handfatssk\u00e5p med 2 d\u00f6rrar"},"content":{"rendered":"<p>VASAGLE handfatssk\u00e5p, undersk\u00e5p, badrumssk\u00e5p, extra l\u00e5ngt, 90 x 30 x 60 cm, 2 d\u00f6rrar, badrumssk\u00e5p, \u00f6ppna fack, h\u00f6j- och s\u00e4nkbara hyllor, vitt BBC410P31<br \/>\nF\u00e4rg: Duvgr\u00e5<br \/>\nMaterial: MDF (medeldensitetsfiberplatta), f\u00f6rkromade handtag<br \/>\nStorlek: 30 x 90 x 60 cm (D x B x H)<br \/>\nVikt: 11,7 kg<\/p>\n","protected":false},"excerpt":{"rendered":"<p>VASAGLE handfatssk\u00e5p, undersk\u00e5p, badrumssk\u00e5p, extra l\u00e5ngt, 90 x 30 x 60 cm, 2 d\u00f6rrar, badrumssk\u00e5p, \u00f6ppna fack, h\u00f6j- och s\u00e4nkbara hyllor, vitt BBC410P31<\/p>\n","protected":false},"featured_media":38952,"comment_status":"open","ping_status":"closed","template":"","meta":[],"product_brand":[],"product_cat":[33],"product_tag":[],"class_list":{"0":"post-10347","1":"product","2":"type-product","3":"status-publish","4":"has-post-thumbnail","6":"product_cat-okategoriserad","8":"first","9":"instock","10":"shipping-taxable","11":"purchasable","12":"product-type-simple"},"_links":{"self":[{"href":"https:\/\/nordicmart.andreevmaster.com\/sv\/wp-json\/wp\/v2\/product\/10347","targetHints":{"allow":["GET"]}}],"collection":[{"href":"https:\/\/nordicmart.andreevmaster.com\/sv\/wp-json\/wp\/v2\/product"}],"about":[{"href":"https:\/\/nordicmart.andreevmaster.com\/sv\/wp-json\/wp\/v2\/types\/product"}],"replies":[{"embeddable":true,"href":"https:\/\/nordicmart.andreevmaster.com\/sv\/wp-json\/wp\/v2\/comments?post=10347"}],"wp:featuredmedia":[{"embeddable":true,"href":"https:\/\/nordicmart.andreevmaster.com\/sv\/wp-json\/wp\/v2\/media\/38952"}],"wp:attachment":[{"href":"https:\/\/nordicmart.andreevmaster.com\/sv\/wp-json\/wp\/v2\/media?parent=10347"}],"wp:term":[{"taxonomy":"product_brand","embeddable":true,"href":"https:\/\/nordicmart.andreevmaster.com\/sv\/wp-json\/wp\/v2\/product_brand?post=10347"},{"taxonomy":"product_cat","embeddable":true,"href":"https:\/\/nordicmart.andreevmaster.com\/sv\/wp-json\/wp\/v2\/product_cat?post=10347"},{"taxonomy":"product_tag","embeddable":true,"href":"https:\/\/nordicmart.andreevmaster.com\/sv\/wp-json\/wp\/v2\/product_tag?post=10347"}],"curies":[{"name":"wp","href":"https:\/\/api.w.org\/{rel}","templated":true}]}}