{"id":10346,"date":"2026-02-27T00:06:59","date_gmt":"2026-02-27T00:06:59","guid":{"rendered":"https:\/\/nordicmart.andreevmaster.com\/product\/vasagle-tvattstallsskap-med-2-dorrar-vit\/"},"modified":"2026-02-27T08:02:42","modified_gmt":"2026-02-27T08:02:42","slug":"vasagle-tvattstallsskap-med-2-dorrar-vit","status":"publish","type":"product","link":"https:\/\/nordicmart.andreevmaster.com\/sv\/produkt\/vasagle-tvattstallsskap-med-2-dorrar-vit\/","title":{"rendered":"VASAGLE Tv\u00e4ttst\u00e4llssk\u00e5p med 2 d\u00f6rrar Vit"},"content":{"rendered":"<p>VASAGLE handfatssk\u00e5p, undersk\u00e5p, badrumssk\u00e5p, extra l\u00e5ngt, 90 x 30 x 60 cm, 2 d\u00f6rrar, badrumssk\u00e5p, \u00f6ppna fack, h\u00f6j- och s\u00e4nkbara hyllor, vitt BBC410P31<br \/>\nF\u00e4rg: Vit<br \/>\nMaterial: MDF (medeldensitetsfiberplatta), f\u00f6rkromade handtag<br \/>\nStorlek: 90 x 30 x 60 cm (L x B x H)<br \/>\nVikt: 13,5 kg<\/p>\n","protected":false},"excerpt":{"rendered":"<p>VASAGLE handfatssk\u00e5p, undersk\u00e5p, badrumssk\u00e5p, extra l\u00e5ngt, 90 x 30 x 60 cm, 2 d\u00f6rrar, badrumssk\u00e5p, \u00f6ppna fack, h\u00f6j- och s\u00e4nkbara hyllor, vitt BBC410P31<\/p>\n","protected":false},"featured_media":38951,"comment_status":"open","ping_status":"closed","template":"","meta":[],"product_brand":[],"product_cat":[33],"product_tag":[],"class_list":{"0":"post-10346","1":"product","2":"type-product","3":"status-publish","4":"has-post-thumbnail","6":"product_cat-okategoriserad","8":"first","9":"instock","10":"shipping-taxable","11":"purchasable","12":"product-type-simple"},"_links":{"self":[{"href":"https:\/\/nordicmart.andreevmaster.com\/sv\/wp-json\/wp\/v2\/product\/10346","targetHints":{"allow":["GET"]}}],"collection":[{"href":"https:\/\/nordicmart.andreevmaster.com\/sv\/wp-json\/wp\/v2\/product"}],"about":[{"href":"https:\/\/nordicmart.andreevmaster.com\/sv\/wp-json\/wp\/v2\/types\/product"}],"replies":[{"embeddable":true,"href":"https:\/\/nordicmart.andreevmaster.com\/sv\/wp-json\/wp\/v2\/comments?post=10346"}],"wp:featuredmedia":[{"embeddable":true,"href":"https:\/\/nordicmart.andreevmaster.com\/sv\/wp-json\/wp\/v2\/media\/38951"}],"wp:attachment":[{"href":"https:\/\/nordicmart.andreevmaster.com\/sv\/wp-json\/wp\/v2\/media?parent=10346"}],"wp:term":[{"taxonomy":"product_brand","embeddable":true,"href":"https:\/\/nordicmart.andreevmaster.com\/sv\/wp-json\/wp\/v2\/product_brand?post=10346"},{"taxonomy":"product_cat","embeddable":true,"href":"https:\/\/nordicmart.andreevmaster.com\/sv\/wp-json\/wp\/v2\/product_cat?post=10346"},{"taxonomy":"product_tag","embeddable":true,"href":"https:\/\/nordicmart.andreevmaster.com\/sv\/wp-json\/wp\/v2\/product_tag?post=10346"}],"curies":[{"name":"wp","href":"https:\/\/api.w.org\/{rel}","templated":true}]}}