{"id":10345,"date":"2026-02-27T00:06:59","date_gmt":"2026-02-27T00:06:59","guid":{"rendered":"https:\/\/nordicmart.andreevmaster.com\/product\/vasagle-badrumsskap-med-oppet-fack\/"},"modified":"2026-02-27T08:02:41","modified_gmt":"2026-02-27T08:02:41","slug":"vasagle-badrumsskap-med-oppet-fack","status":"publish","type":"product","link":"https:\/\/nordicmart.andreevmaster.com\/sv\/produkt\/vasagle-badrumsskap-med-oppet-fack\/","title":{"rendered":"VASAGLE badrumssk\u00e5p med \u00f6ppet fack"},"content":{"rendered":"<p>Produktdetaljer: &#8211; F\u00e4rg: Vit &#8211; Material: MDF klass E1 &#8211; M\u00e5tt: 60 x 80 x 30 cm (B x H x D) &#8211; M\u00e5tt p\u00e5 \u00f6ppet fack: 56 x 18,5 x 28 cm (B x H x D) &#8211; M\u00e5tt p\u00e5 nedre fack: 56 x 46 x 28 cm (B x H x D) &#8211; Vikt: 12,7 kg Leveransomfattning:- 1 x badrumssk\u00e5p &#8211; 1 x tillbeh\u00f6rsp\u00e5se &#8211; 1 x bruksanvisning (DE, EN, FR, ES, IT) VASAGLE Anvisningar: &#8211; Torka bort smuts med en fuktig trasa. &#8211; Barn b\u00f6r endast anv\u00e4nda badrumssk\u00e5pet under uppsikt av en vuxen. &#8211; Barn f\u00e5r inte kl\u00e4ttra p\u00e5 sk\u00e5pet eller leka med det. Risk f\u00f6r skador!<\/p>\n","protected":false},"excerpt":{"rendered":"<p>VASAGLE Badrumssk\u00e5p, badrumsorganiserare, badrumshylla med 2 lamelld\u00f6rrar, med \u00f6ppet fack, frist\u00e5ende, vit, BBC40WT<\/p>\n","protected":false},"featured_media":38950,"comment_status":"open","ping_status":"closed","template":"","meta":[],"product_brand":[],"product_cat":[33],"product_tag":[],"class_list":{"0":"post-10345","1":"product","2":"type-product","3":"status-publish","4":"has-post-thumbnail","6":"product_cat-okategoriserad","8":"first","9":"instock","10":"shipping-taxable","11":"purchasable","12":"product-type-simple"},"_links":{"self":[{"href":"https:\/\/nordicmart.andreevmaster.com\/sv\/wp-json\/wp\/v2\/product\/10345","targetHints":{"allow":["GET"]}}],"collection":[{"href":"https:\/\/nordicmart.andreevmaster.com\/sv\/wp-json\/wp\/v2\/product"}],"about":[{"href":"https:\/\/nordicmart.andreevmaster.com\/sv\/wp-json\/wp\/v2\/types\/product"}],"replies":[{"embeddable":true,"href":"https:\/\/nordicmart.andreevmaster.com\/sv\/wp-json\/wp\/v2\/comments?post=10345"}],"wp:featuredmedia":[{"embeddable":true,"href":"https:\/\/nordicmart.andreevmaster.com\/sv\/wp-json\/wp\/v2\/media\/38950"}],"wp:attachment":[{"href":"https:\/\/nordicmart.andreevmaster.com\/sv\/wp-json\/wp\/v2\/media?parent=10345"}],"wp:term":[{"taxonomy":"product_brand","embeddable":true,"href":"https:\/\/nordicmart.andreevmaster.com\/sv\/wp-json\/wp\/v2\/product_brand?post=10345"},{"taxonomy":"product_cat","embeddable":true,"href":"https:\/\/nordicmart.andreevmaster.com\/sv\/wp-json\/wp\/v2\/product_cat?post=10345"},{"taxonomy":"product_tag","embeddable":true,"href":"https:\/\/nordicmart.andreevmaster.com\/sv\/wp-json\/wp\/v2\/product_tag?post=10345"}],"curies":[{"name":"wp","href":"https:\/\/api.w.org\/{rel}","templated":true}]}}