{"id":10342,"date":"2026-02-27T00:06:59","date_gmt":"2026-02-27T00:06:59","guid":{"rendered":"https:\/\/nordicmart.andreevmaster.com\/product\/vasagle-vaggskap-med-2-dorrar\/"},"modified":"2026-02-27T08:02:41","modified_gmt":"2026-02-27T08:02:41","slug":"vasagle-vaggskap-med-2-dorrar","status":"publish","type":"product","link":"https:\/\/nordicmart.andreevmaster.com\/sv\/produkt\/vasagle-vaggskap-med-2-dorrar\/","title":{"rendered":"VASAGLE v\u00e4ggsk\u00e5p med 2 d\u00f6rrar"},"content":{"rendered":"<p>Hur kan man spara plats i badrummet? Med detta v\u00e4ggsk\u00e5p! \u00c4r ditt badrum f\u00f6r litet f\u00f6r att rymma extra smink? Ingen anledning att oroa sig! Detta v\u00e4ggsk\u00e5p, som inte tar upp n\u00e5gon golvyta, ut\u00f6kar det begr\u00e4nsade utrymmet i badrummet. F\u00f6rvara alla dina hudv\u00e5rdsprodukter i det och f\u00e5 ordning p\u00e5 kaoset i badrummet. Hur kan man h\u00e5lla badrummet rent? Med detta v\u00e4ggsk\u00e5p! \u00c4r du tr\u00f6tt p\u00e5 att leta efter din kam? Snubblar du alltid \u00f6ver duschgelflaskorna p\u00e5 golvet? F\u00f6rvara alla dina badrumsartiklar snyggt i detta badrumssk\u00e5p med 2 hyllor (justerbara i 3 h\u00f6jder) och h\u00e5ll ditt badrum alltid v\u00e4lorganiserat. Dessutom h\u00e5ller de 2 d\u00f6rrarna alla dina saker rena och dammfria. Perfekt! Produktdetaljer: &#8211; F\u00e4rg: Mattvit &#8211; Material: E1-klass MDF (medeldensitetsfiberplatta) &#8211; Storlek: 60 x 18 x 60 cm (L x B x H) &#8211; Vikt: 10 kg &#8211; Max. total statisk belastningskapacitet: 10 kg Leveransomfattning:- 1 x badrumssk\u00e5p &#8211; 1 x tillbeh\u00f6rspaket &#8211; 1 x instruktioner (DE, EN, FR, ES, IT) VASAGLE Anm\u00e4rkningar: &#8211; Av s\u00e4kerhetssk\u00e4l \u00e4r det f\u00f6rbjudet f\u00f6r barn att kl\u00e4ttra p\u00e5 eller leka med produkten.<\/p>\n","protected":false},"excerpt":{"rendered":"<p>VASAGLE badrumssk\u00e5p, v\u00e4ggsk\u00e5p med 2 d\u00f6rrar, med 2 justerbara hyllplan, 60 x 18 x 60 cm, skandinavisk stil, mattvit BBC320W01<\/p>\n","protected":false},"featured_media":38947,"comment_status":"open","ping_status":"closed","template":"","meta":[],"product_brand":[],"product_cat":[33],"product_tag":[],"class_list":{"0":"post-10342","1":"product","2":"type-product","3":"status-publish","4":"has-post-thumbnail","6":"product_cat-okategoriserad","8":"first","9":"instock","10":"shipping-taxable","11":"purchasable","12":"product-type-simple"},"_links":{"self":[{"href":"https:\/\/nordicmart.andreevmaster.com\/sv\/wp-json\/wp\/v2\/product\/10342","targetHints":{"allow":["GET"]}}],"collection":[{"href":"https:\/\/nordicmart.andreevmaster.com\/sv\/wp-json\/wp\/v2\/product"}],"about":[{"href":"https:\/\/nordicmart.andreevmaster.com\/sv\/wp-json\/wp\/v2\/types\/product"}],"replies":[{"embeddable":true,"href":"https:\/\/nordicmart.andreevmaster.com\/sv\/wp-json\/wp\/v2\/comments?post=10342"}],"wp:featuredmedia":[{"embeddable":true,"href":"https:\/\/nordicmart.andreevmaster.com\/sv\/wp-json\/wp\/v2\/media\/38947"}],"wp:attachment":[{"href":"https:\/\/nordicmart.andreevmaster.com\/sv\/wp-json\/wp\/v2\/media?parent=10342"}],"wp:term":[{"taxonomy":"product_brand","embeddable":true,"href":"https:\/\/nordicmart.andreevmaster.com\/sv\/wp-json\/wp\/v2\/product_brand?post=10342"},{"taxonomy":"product_cat","embeddable":true,"href":"https:\/\/nordicmart.andreevmaster.com\/sv\/wp-json\/wp\/v2\/product_cat?post=10342"},{"taxonomy":"product_tag","embeddable":true,"href":"https:\/\/nordicmart.andreevmaster.com\/sv\/wp-json\/wp\/v2\/product_tag?post=10342"}],"curies":[{"name":"wp","href":"https:\/\/api.w.org\/{rel}","templated":true}]}}