{"id":10339,"date":"2026-02-27T00:06:58","date_gmt":"2026-02-27T00:06:58","guid":{"rendered":"https:\/\/nordicmart.andreevmaster.com\/product\/vasagle-smalt-badrumsskap-med-dorr\/"},"modified":"2026-02-27T08:02:41","modified_gmt":"2026-02-27T08:02:41","slug":"vasagle-smalt-badrumsskap-med-dorr","status":"publish","type":"product","link":"https:\/\/nordicmart.andreevmaster.com\/sv\/produkt\/vasagle-smalt-badrumsskap-med-dorr\/","title":{"rendered":"VASAGLE smalt badrumssk\u00e5p med d\u00f6rr"},"content":{"rendered":"<p>VASAGLE toalettsk\u00e5p, badrumssk\u00e5p, badrumssk\u00e5p, smalt badrumshyllor, justerbara hyllor, platsbesparande, enkel montering, vit BBC310W01<br \/>\nF\u00e4rg: Mystisk gr\u00e5<br \/>\nMaterial: MDF (medeldensitetsfiberplatta)<br \/>\nStorlek: 20 x 18 x 80 cm (D x B x H)<br \/>\nVikt: 4,8 kg<br \/>\nMax. statisk belastningskapacitet f\u00f6r varje justerbar hylla: 2,2 kg<br \/>\nMax. statisk belastningskapacitet totalt: 15 kg<\/p>\n","protected":false},"excerpt":{"rendered":"<p>VASAGLE toalettsk\u00e5p, badrumssk\u00e5p, badrumssk\u00e5p, smalt badrumshyllor, justerbara hyllor, platsbesparande, enkel montering, vit BBC310W01<\/p>\n","protected":false},"featured_media":38944,"comment_status":"open","ping_status":"closed","template":"","meta":[],"product_brand":[],"product_cat":[33],"product_tag":[],"class_list":{"0":"post-10339","1":"product","2":"type-product","3":"status-publish","4":"has-post-thumbnail","6":"product_cat-okategoriserad","8":"first","9":"instock","10":"shipping-taxable","11":"purchasable","12":"product-type-simple"},"_links":{"self":[{"href":"https:\/\/nordicmart.andreevmaster.com\/sv\/wp-json\/wp\/v2\/product\/10339","targetHints":{"allow":["GET"]}}],"collection":[{"href":"https:\/\/nordicmart.andreevmaster.com\/sv\/wp-json\/wp\/v2\/product"}],"about":[{"href":"https:\/\/nordicmart.andreevmaster.com\/sv\/wp-json\/wp\/v2\/types\/product"}],"replies":[{"embeddable":true,"href":"https:\/\/nordicmart.andreevmaster.com\/sv\/wp-json\/wp\/v2\/comments?post=10339"}],"wp:featuredmedia":[{"embeddable":true,"href":"https:\/\/nordicmart.andreevmaster.com\/sv\/wp-json\/wp\/v2\/media\/38944"}],"wp:attachment":[{"href":"https:\/\/nordicmart.andreevmaster.com\/sv\/wp-json\/wp\/v2\/media?parent=10339"}],"wp:term":[{"taxonomy":"product_brand","embeddable":true,"href":"https:\/\/nordicmart.andreevmaster.com\/sv\/wp-json\/wp\/v2\/product_brand?post=10339"},{"taxonomy":"product_cat","embeddable":true,"href":"https:\/\/nordicmart.andreevmaster.com\/sv\/wp-json\/wp\/v2\/product_cat?post=10339"},{"taxonomy":"product_tag","embeddable":true,"href":"https:\/\/nordicmart.andreevmaster.com\/sv\/wp-json\/wp\/v2\/product_tag?post=10339"}],"curies":[{"name":"wp","href":"https:\/\/api.w.org\/{rel}","templated":true}]}}