{"id":10334,"date":"2026-02-27T00:06:57","date_gmt":"2026-02-27T00:06:57","guid":{"rendered":"https:\/\/nordicmart.andreevmaster.com\/product\/vasagle-badrumsspegel-med-hylla\/"},"modified":"2026-02-27T08:02:40","modified_gmt":"2026-02-27T08:02:40","slug":"vasagle-badrumsspegel-med-hylla","status":"publish","type":"product","link":"https:\/\/nordicmart.andreevmaster.com\/sv\/produkt\/vasagle-badrumsspegel-med-hylla\/","title":{"rendered":"VASAGLE badrumsspegel med hylla"},"content":{"rendered":"<p> Ett m\u00e5ste f\u00f6r ditt hem Saknar du fortfarande en badrumsspegel som underl\u00e4ttar din morgonrutin? Eller beh\u00f6ver du en spegel i hallen f\u00f6r att kontrollera din sminkning innan du l\u00e4mnar hemmet? V\u00e4lj denna v\u00e4ggspegel fr\u00e5n VASAGLE \u2013 elegans m\u00f6ter funktionalitet!  Enkel men \u00e4nd\u00e5 praktisk Enkel och utan krusiduller \u2013 denna minimalistiska v\u00e4ggspegel i vitt \u00e4r ett elegant tillskott till ditt hem. Glasspegeln hj\u00e4lper dig att g\u00f6ra dig i ordning, medan hyllan ger plats f\u00f6r din tandborste, lotioner och parfymer. Tillverkad av h\u00f6gkvalitativ MDF och spegelglas garanterar denna produkt dessutom en l\u00e5ng livsl\u00e4ngd. Produktdetaljer: &#8211; F\u00e4rg: Mattvit &#8211; Material: MDF (medeldensitetsfiberplatta), spegelglas &#8211; Storlek: 46 x 12 x 55 cm (L x B x H) &#8211; Vikt: 2,7 kg &#8211; Max. statisk belastningsf\u00f6rm\u00e5ga: 2 kg &#8211; Enkel montering: Ja Leveransomfattning:- 1 x v\u00e4ggspegel med hylla &#8211; 1 x beh\u00e5llare med tillbeh\u00f6r &#8211; 1 x instruktioner (DE, EN, FR, ES, IT) VASAGLE Anm\u00e4rkningar: &#8211; Torka av produkten med en fuktig trasa f\u00f6r daglig reng\u00f6ring. &#8211; Du b\u00f6r m\u00e4ta rummet d\u00e4r du vill montera v\u00e4ggspegeln innan du k\u00f6per den f\u00f6r att s\u00e4kerst\u00e4lla att produkten passar.<\/p>\n","protected":false},"excerpt":{"rendered":"<p>VASAGLE V\u00e4ggspegel, badrumsspegel med hylla, v\u00e4ggmontering, sminkspegel, f\u00f6r sminkbord, 46 x 12 x 55 cm, mattvit BBC25WT<\/p>\n","protected":false},"featured_media":38939,"comment_status":"open","ping_status":"closed","template":"","meta":[],"product_brand":[],"product_cat":[33],"product_tag":[],"class_list":{"0":"post-10334","1":"product","2":"type-product","3":"status-publish","4":"has-post-thumbnail","6":"product_cat-okategoriserad","8":"first","9":"instock","10":"shipping-taxable","11":"purchasable","12":"product-type-simple"},"_links":{"self":[{"href":"https:\/\/nordicmart.andreevmaster.com\/sv\/wp-json\/wp\/v2\/product\/10334","targetHints":{"allow":["GET"]}}],"collection":[{"href":"https:\/\/nordicmart.andreevmaster.com\/sv\/wp-json\/wp\/v2\/product"}],"about":[{"href":"https:\/\/nordicmart.andreevmaster.com\/sv\/wp-json\/wp\/v2\/types\/product"}],"replies":[{"embeddable":true,"href":"https:\/\/nordicmart.andreevmaster.com\/sv\/wp-json\/wp\/v2\/comments?post=10334"}],"wp:featuredmedia":[{"embeddable":true,"href":"https:\/\/nordicmart.andreevmaster.com\/sv\/wp-json\/wp\/v2\/media\/38939"}],"wp:attachment":[{"href":"https:\/\/nordicmart.andreevmaster.com\/sv\/wp-json\/wp\/v2\/media?parent=10334"}],"wp:term":[{"taxonomy":"product_brand","embeddable":true,"href":"https:\/\/nordicmart.andreevmaster.com\/sv\/wp-json\/wp\/v2\/product_brand?post=10334"},{"taxonomy":"product_cat","embeddable":true,"href":"https:\/\/nordicmart.andreevmaster.com\/sv\/wp-json\/wp\/v2\/product_cat?post=10334"},{"taxonomy":"product_tag","embeddable":true,"href":"https:\/\/nordicmart.andreevmaster.com\/sv\/wp-json\/wp\/v2\/product_tag?post=10334"}],"curies":[{"name":"wp","href":"https:\/\/api.w.org\/{rel}","templated":true}]}}