{"id":10332,"date":"2026-02-27T00:06:57","date_gmt":"2026-02-27T00:06:57","guid":{"rendered":"https:\/\/nordicmart.andreevmaster.com\/product\/vasagle-spegelskap-for-badrum-hangande\/"},"modified":"2026-02-27T08:02:39","modified_gmt":"2026-02-27T08:02:39","slug":"vasagle-spegelskap-for-badrum-hangande","status":"publish","type":"product","link":"https:\/\/nordicmart.andreevmaster.com\/sv\/produkt\/vasagle-spegelskap-for-badrum-hangande\/","title":{"rendered":"VASAGLE Spegelsk\u00e5p f\u00f6r badrum, h\u00e4ngande"},"content":{"rendered":"<p>Designerna p\u00e5 VASAGLE har tagit fram en hel serie badrumsm\u00f6bler s\u00e5 att du kan ge ditt badrum en fr\u00e4sch och lugn look. H\u00e4r kan du sl\u00e4ppa alla bekymmer, ladda batterierna och b\u00f6rja eller avsluta dagen p\u00e5 ett positivt s\u00e4tt. Vilka \u00e4r f\u00f6rdelarna med detta badrumssk\u00e5p? &#8211; Tack vare de \u00f6ppna facken kan du f\u00f6rvara dina saker \u00f6versk\u00e5dligt och enkelt och snabbt komma \u00e5t n\u00f6dv\u00e4ndiga hygienartiklar. &#8211; Hyllan bakom sk\u00e5pd\u00f6rren \u00e4r h\u00f6j- och s\u00e4nkbar i tre steg, s\u00e5 att du kan f\u00f6rvara hygienartiklar i olika storlekar. &#8211; Sk\u00e5pd\u00f6rren \u00e4r f\u00f6rsedd med en kromad metallknopp s\u00e5 att du enkelt kan \u00f6ppna och st\u00e4nga d\u00f6rren. &#8211; Det vita sk\u00e5pet med sin enkla silhuett ger ditt badrum en k\u00e4nsla av fr\u00e4sch\u00f6r och elegans. &#8211; Detta sk\u00e5p passar inte bara i ditt badrum, utan \u00e4ven i vardagsrummet. Du kan ocks\u00e5 h\u00e4nga upp det i hallen f\u00f6r att f\u00f6rvara dina nycklar, v\u00e4skor, hattar etc. Ett modernt badrum f\u00f6rtj\u00e4nar detta badrumssk\u00e5p! Ta ocks\u00e5 en titt p\u00e5 de andra badrumsm\u00f6blerna fr\u00e5n VASAGLE f\u00f6r att skapa en enhetlig stil i ditt badrum. Produktdetaljer: &#8211; F\u00e4rg: Vit &#8211; Material: MDF (medeldensitetsfiberplatta), glas &#8211; Storlek: 60 x 18 x 64 cm (L x B x H) &#8211; Vikt: 8,9 kg &#8211; Max. statisk belastningskapacitet: 15 kg &#8211; Max. statisk belastningskapacitet per hylla: 5 kg Leveransomfattning: &#8211; 1 x spegelsk\u00e5p &#8211; 1 x tillbeh\u00f6rsp\u00e5se &#8211; 1 x bruksanvisning (DE, EN, FR, ES, IT) VASAGLE Anm\u00e4rkningar: &#8211; Montera produkten enligt bruksanvisningen. &#8211; Denna m\u00f6bel ska monteras p\u00e5 v\u00e4ggen. &#8211; Montera produkten p\u00e5 en plats d\u00e4r den inte kan komma i kontakt med vattenst\u00e4nk. &#8211; Den max. belastningskapacitet som anges i texten avser den statiska maxvikten.<\/p>\n","protected":false},"excerpt":{"rendered":"<p>VASAGLE Spegelsk\u00e5p f\u00f6r badrum, badrumssk\u00e5p, v\u00e4ggsk\u00e5p med h\u00f6j- och s\u00e4nkbar hyllplan, badrumssk\u00e5p med 3 \u00f6ppna fack, 60 x 18 x 64 cm, tr\u00e4, vitt BBC23WT<\/p>\n","protected":false},"featured_media":38937,"comment_status":"open","ping_status":"closed","template":"","meta":[],"product_brand":[],"product_cat":[33],"product_tag":[],"class_list":{"0":"post-10332","1":"product","2":"type-product","3":"status-publish","4":"has-post-thumbnail","6":"product_cat-okategoriserad","8":"first","9":"instock","10":"shipping-taxable","11":"purchasable","12":"product-type-simple"},"_links":{"self":[{"href":"https:\/\/nordicmart.andreevmaster.com\/sv\/wp-json\/wp\/v2\/product\/10332","targetHints":{"allow":["GET"]}}],"collection":[{"href":"https:\/\/nordicmart.andreevmaster.com\/sv\/wp-json\/wp\/v2\/product"}],"about":[{"href":"https:\/\/nordicmart.andreevmaster.com\/sv\/wp-json\/wp\/v2\/types\/product"}],"replies":[{"embeddable":true,"href":"https:\/\/nordicmart.andreevmaster.com\/sv\/wp-json\/wp\/v2\/comments?post=10332"}],"wp:featuredmedia":[{"embeddable":true,"href":"https:\/\/nordicmart.andreevmaster.com\/sv\/wp-json\/wp\/v2\/media\/38937"}],"wp:attachment":[{"href":"https:\/\/nordicmart.andreevmaster.com\/sv\/wp-json\/wp\/v2\/media?parent=10332"}],"wp:term":[{"taxonomy":"product_brand","embeddable":true,"href":"https:\/\/nordicmart.andreevmaster.com\/sv\/wp-json\/wp\/v2\/product_brand?post=10332"},{"taxonomy":"product_cat","embeddable":true,"href":"https:\/\/nordicmart.andreevmaster.com\/sv\/wp-json\/wp\/v2\/product_cat?post=10332"},{"taxonomy":"product_tag","embeddable":true,"href":"https:\/\/nordicmart.andreevmaster.com\/sv\/wp-json\/wp\/v2\/product_tag?post=10332"}],"curies":[{"name":"wp","href":"https:\/\/api.w.org\/{rel}","templated":true}]}}