{"id":10331,"date":"2026-02-27T00:06:57","date_gmt":"2026-02-27T00:06:57","guid":{"rendered":"https:\/\/nordicmart.andreevmaster.com\/product\/vasagle-hangande-skap-med-handduksstang\/"},"modified":"2026-02-27T08:02:39","modified_gmt":"2026-02-27T08:02:39","slug":"vasagle-hangande-skap-med-handduksstang","status":"publish","type":"product","link":"https:\/\/nordicmart.andreevmaster.com\/sv\/produkt\/vasagle-hangande-skap-med-handduksstang\/","title":{"rendered":"VASAGLE H\u00e4ngande sk\u00e5p med handduksst\u00e5ng"},"content":{"rendered":"<p>Irriterar du dig alltid \u00f6ver kaoset i badrummet\/vardagsrummet eller hallen? Det h\u00e4ngande sk\u00e5pet fr\u00e5n VASAGLE \u00e4r ett praktiskt hj\u00e4lpmedel f\u00f6r dig.  Ett dekorativt inslag i din bostad Sk\u00e5pet \u00e4r lackerat i vitt och har en elegant och charmig lantlig stil. Det fungerar inte bara som ett m\u00f6bel, utan ocks\u00e5 som en dekoration i hemmet. Genomt\u00e4nkt design D\u00f6rren kan sv\u00e4ngas 180\u00b0 och \u00e4r f\u00f6rsedd med ett f\u00f6rkromat metallhandtag, vilket underl\u00e4ttar hanteringen. Tack vare en hylla som kan justeras i 3 l\u00e4gen kan det st\u00e4ngda f\u00f6rvaringsutrymmet bakom d\u00f6rren delas upp efter behov. P\u00e5 s\u00e5 s\u00e4tt kan du f\u00f6rvara olika f\u00f6rem\u00e5l h\u00e4r och skydda dem fr\u00e5n damm, vatten och o\u00f6nskade blickar. St\u00e5ngen i den nedre delen erbjuder plats f\u00f6r dina handdukar som du anv\u00e4nder ofta i vardagen. VASAGLE str\u00e4var efter att erbjuda h\u00f6gkvalitativa m\u00f6bler f\u00f6r att skapa en behaglig och mysig atmosf\u00e4r i ditt hem. Produktdetaljer: &#8211; F\u00e4rg: vit &#8211; Material: MDF-skivor  &#8211; M\u00e5tt: 48 x 65 x 16 cm (B x H x D) &#8211; Vikt: 6,6 kg Leveransomfattning: &#8211; 1 x v\u00e4ggsk\u00e5p &#8211; 1 x tillbeh\u00f6rsp\u00e5se &#8211; 1 x bruksanvisning (DE, EN, IT, FR, ES)<\/p>\n","protected":false},"excerpt":{"rendered":"<p>VASAGLE V\u00e4ggsk\u00e5p, h\u00e4ngsk\u00e5p med handduksst\u00e5ng och justerbar hylla, medicinsk\u00e5p i lantlig stil, badrumssk\u00e5p i tr\u00e4, vitt, 48 x 65 x 16 cm (B x H x D) BBC22WT<\/p>\n","protected":false},"featured_media":38936,"comment_status":"open","ping_status":"closed","template":"","meta":[],"product_brand":[],"product_cat":[33],"product_tag":[],"class_list":{"0":"post-10331","1":"product","2":"type-product","3":"status-publish","4":"has-post-thumbnail","6":"product_cat-okategoriserad","8":"first","9":"instock","10":"shipping-taxable","11":"purchasable","12":"product-type-simple"},"_links":{"self":[{"href":"https:\/\/nordicmart.andreevmaster.com\/sv\/wp-json\/wp\/v2\/product\/10331","targetHints":{"allow":["GET"]}}],"collection":[{"href":"https:\/\/nordicmart.andreevmaster.com\/sv\/wp-json\/wp\/v2\/product"}],"about":[{"href":"https:\/\/nordicmart.andreevmaster.com\/sv\/wp-json\/wp\/v2\/types\/product"}],"replies":[{"embeddable":true,"href":"https:\/\/nordicmart.andreevmaster.com\/sv\/wp-json\/wp\/v2\/comments?post=10331"}],"wp:featuredmedia":[{"embeddable":true,"href":"https:\/\/nordicmart.andreevmaster.com\/sv\/wp-json\/wp\/v2\/media\/38936"}],"wp:attachment":[{"href":"https:\/\/nordicmart.andreevmaster.com\/sv\/wp-json\/wp\/v2\/media?parent=10331"}],"wp:term":[{"taxonomy":"product_brand","embeddable":true,"href":"https:\/\/nordicmart.andreevmaster.com\/sv\/wp-json\/wp\/v2\/product_brand?post=10331"},{"taxonomy":"product_cat","embeddable":true,"href":"https:\/\/nordicmart.andreevmaster.com\/sv\/wp-json\/wp\/v2\/product_cat?post=10331"},{"taxonomy":"product_tag","embeddable":true,"href":"https:\/\/nordicmart.andreevmaster.com\/sv\/wp-json\/wp\/v2\/product_tag?post=10331"}],"curies":[{"name":"wp","href":"https:\/\/api.w.org\/{rel}","templated":true}]}}