{"id":10329,"date":"2026-02-27T00:06:57","date_gmt":"2026-02-27T00:06:57","guid":{"rendered":"https:\/\/nordicmart.andreevmaster.com\/product\/vasagle-vaggskap-for-badrummet\/"},"modified":"2026-02-27T08:02:39","modified_gmt":"2026-02-27T08:02:39","slug":"vasagle-vaggskap-for-badrummet","status":"publish","type":"product","link":"https:\/\/nordicmart.andreevmaster.com\/sv\/produkt\/vasagle-vaggskap-for-badrummet\/","title":{"rendered":"VASAGLE V\u00e4ggsk\u00e5p f\u00f6r badrummet"},"content":{"rendered":"<p>\u00c4r du fortfarande irriterad \u00f6ver att det aldrig finns tillr\u00e4ckligt med plats i badrummet f\u00f6r dina sminkprodukter och sminkutrustning? Med VASAGLE h\u00e4ngsk\u00e5p utnyttjar du utrymmet i h\u00f6jdled optimalt och skapar extra f\u00f6rvaringsutrymme. Alla vardagsf\u00f6rem\u00e5l kan enkelt f\u00f6rvaras i badrummet, vilket \u00e4r ett riktigt utrymmesunder i l\u00e4genheten.De h\u00f6gkvalitativa MDF-skivorna garanterar perfekt stabilitet och l\u00e5ng livsl\u00e4ngd, \u00e4ven i fuktiga rum. Den vitlackerade ytan \u00e4r l\u00e4tt att reng\u00f6ra, vilket underl\u00e4ttar hush\u00e5llsarbetet. Med sitt moderna och eleganta utseende drar detta sk\u00e5p alla blickar till sig. VASAGLE str\u00e4var efter att erbjuda h\u00f6gkvalitativa m\u00f6bler f\u00f6r att skapa en behaglig och mysig atmosf\u00e4r i ditt hem. Bo avslappnat med VASAGLE! Produktdetaljer: &#8211; F\u00e4rg: vit &#8211; Material: MDF-skiva &#8211; M\u00e5tt: 60 x 71 x 18 cm (B x H x D) &#8211; M\u00e5tt p\u00e5 v\u00e4nster fack: 26 x 68 x 15 cm (B x H x D) &#8211; M\u00e5tt p\u00e5 varje h\u00f6ger fack: 26 x 21,8 x 15 cm (B x H x D) &#8211; Avst\u00e5nd mellan tv\u00e5 f\u00e4sth\u00e5l p\u00e5 baksidan: 33,5 cm &#8211; Nettovikt: 9,52 kg &#8211; Bruttovikt: 10,5 kg Leveransomfattning:- 1 x h\u00e4ngsk\u00e5p &#8211; 1 x bruksanvisning (DE, EN, IT, FR, ES) &#8211; 1 x p\u00e5se med tillbeh\u00f6r Obs! &#8211; Beroende p\u00e5 v\u00e4ggens beskaffenhet beh\u00f6ver du olika pluggar och skruvar, till exempel andra f\u00f6r en gipsv\u00e4gg \u00e4n f\u00f6r en tegelv\u00e4gg. V\u00e4nligen r\u00e5dfr\u00e5ga personalen i byggvaruhuset.<\/p>\n","protected":false},"excerpt":{"rendered":"<p>VASAGLE Sk\u00e5p H\u00e4ngsk\u00e5p V\u00e4ggsk\u00e5p Badrumssk\u00e5p K\u00f6kssk\u00e5p Hylla F\u00f6rvaring med d\u00f6rr och hyllplan vit 60 x 71 x 18 cm (B x H x D) BBC20WT<\/p>\n","protected":false},"featured_media":38934,"comment_status":"open","ping_status":"closed","template":"","meta":[],"product_brand":[],"product_cat":[33],"product_tag":[],"class_list":{"0":"post-10329","1":"product","2":"type-product","3":"status-publish","4":"has-post-thumbnail","6":"product_cat-okategoriserad","8":"first","9":"instock","10":"shipping-taxable","11":"purchasable","12":"product-type-simple"},"_links":{"self":[{"href":"https:\/\/nordicmart.andreevmaster.com\/sv\/wp-json\/wp\/v2\/product\/10329","targetHints":{"allow":["GET"]}}],"collection":[{"href":"https:\/\/nordicmart.andreevmaster.com\/sv\/wp-json\/wp\/v2\/product"}],"about":[{"href":"https:\/\/nordicmart.andreevmaster.com\/sv\/wp-json\/wp\/v2\/types\/product"}],"replies":[{"embeddable":true,"href":"https:\/\/nordicmart.andreevmaster.com\/sv\/wp-json\/wp\/v2\/comments?post=10329"}],"wp:featuredmedia":[{"embeddable":true,"href":"https:\/\/nordicmart.andreevmaster.com\/sv\/wp-json\/wp\/v2\/media\/38934"}],"wp:attachment":[{"href":"https:\/\/nordicmart.andreevmaster.com\/sv\/wp-json\/wp\/v2\/media?parent=10329"}],"wp:term":[{"taxonomy":"product_brand","embeddable":true,"href":"https:\/\/nordicmart.andreevmaster.com\/sv\/wp-json\/wp\/v2\/product_brand?post=10329"},{"taxonomy":"product_cat","embeddable":true,"href":"https:\/\/nordicmart.andreevmaster.com\/sv\/wp-json\/wp\/v2\/product_cat?post=10329"},{"taxonomy":"product_tag","embeddable":true,"href":"https:\/\/nordicmart.andreevmaster.com\/sv\/wp-json\/wp\/v2\/product_tag?post=10329"}],"curies":[{"name":"wp","href":"https:\/\/api.w.org\/{rel}","templated":true}]}}